{"id":75,"date":"2020-04-14T12:06:04","date_gmt":"2020-04-14T10:06:04","guid":{"rendered":"http:\/\/grandhoteloriente.ms.decms.eu\/?page_id=75"},"modified":"2022-12-09T12:50:06","modified_gmt":"2022-12-09T11:50:06","slug":"quartos-e-suites","status":"publish","type":"page","link":"https:\/\/www.grandhoteloriente.it\/pt-pt\/quartos-e-suites\/","title":{"rendered":"Quartos e Suites"},"content":{"rendered":"<p>Os quartos espa\u00e7osos apresentam um estilo cl\u00e1ssico e est\u00e3o equipados com todo o tipo de conforto e comodidades tecnol\u00f3gicas.<\/p>\n<p>Das varandas dos quartos localizados nos pisos superiores e da suite, pode ver-se uma <b>magn\u00edfica vista<\/b> da cidade<\/p>\n<p>Os quartos do Grand Hotel Oriente tornam-se recantos de privacidade para relaxar ap\u00f3s um dia de trabalho ou uma visita \u00e0 cidade de N\u00e1poles.<\/p>\n","protected":false},"excerpt":{"rendered":"<p>Os quartos espa\u00e7osos apresentam um estilo cl\u00e1ssico e est\u00e3o equipados com todo o tipo de conforto e comodidades tecnol\u00f3gicas. Das varandas dos quartos localizados nos pisos superiores e da suite, pode ver-se uma magn\u00edfica vista da cidade Os quartos do Grand Hotel Oriente tornam-se recantos de privacidade para relaxar ap\u00f3s um dia de trabalho ou [&hellip;]<\/p>\n","protected":false},"author":13,"featured_media":0,"parent":0,"menu_order":3,"comment_status":"closed","ping_status":"closed","template":"template-rooms.php","meta":{"footnotes":""},"class_list":["post-75","page","type-page","status-publish","hentry"],"yoast_head":"<!-- This site is optimized with the Yoast SEO plugin v26.9 - https:\/\/yoast.com\/product\/yoast-seo-wordpress\/ -->\n<title>Quartos e Suites - Grand Hotel Oriente<\/title>\n<meta name=\"robots\" content=\"index, follow, max-snippet:-1, max-image-preview:large, max-video-preview:-1\" \/>\n<link rel=\"canonical\" href=\"https:\/\/www.grandhoteloriente.it\/pt-pt\/quartos-e-suites\/\" \/>\n<meta property=\"og:locale\" content=\"pt_PT\" \/>\n<meta property=\"og:type\" content=\"article\" \/>\n<meta property=\"og:title\" content=\"Quartos e Suites - Grand Hotel Oriente\" \/>\n<meta property=\"og:description\" content=\"Os quartos espa\u00e7osos apresentam um estilo cl\u00e1ssico e est\u00e3o equipados com todo o tipo de conforto e comodidades tecnol\u00f3gicas. Das varandas dos quartos localizados nos pisos superiores e da suite, pode ver-se uma magn\u00edfica vista da cidade Os quartos do Grand Hotel Oriente tornam-se recantos de privacidade para relaxar ap\u00f3s um dia de trabalho ou [&hellip;]\" \/>\n<meta property=\"og:url\" content=\"https:\/\/www.grandhoteloriente.it\/pt-pt\/quartos-e-suites\/\" \/>\n<meta property=\"og:site_name\" content=\"Grand Hotel Oriente\" \/>\n<meta property=\"article:modified_time\" content=\"2022-12-09T11:50:06+00:00\" \/>\n<meta name=\"twitter:card\" content=\"summary_large_image\" \/>\n<meta name=\"twitter:label1\" content=\"Tempo estimado de leitura\" \/>\n\t<meta name=\"twitter:data1\" content=\"1 minuto\" \/>\n<script type=\"application\/ld+json\" class=\"yoast-schema-graph\">{\"@context\":\"https:\/\/schema.org\",\"@graph\":[{\"@type\":\"WebPage\",\"@id\":\"https:\/\/www.grandhoteloriente.it\/pt-pt\/quartos-e-suites\/\",\"url\":\"https:\/\/www.grandhoteloriente.it\/pt-pt\/quartos-e-suites\/\",\"name\":\"Quartos e Suites - Grand Hotel Oriente\",\"isPartOf\":{\"@id\":\"https:\/\/www.grandhoteloriente.it\/pt-pt\/#website\"},\"datePublished\":\"2020-04-14T10:06:04+00:00\",\"dateModified\":\"2022-12-09T11:50:06+00:00\",\"breadcrumb\":{\"@id\":\"https:\/\/www.grandhoteloriente.it\/pt-pt\/quartos-e-suites\/#breadcrumb\"},\"inLanguage\":\"pt-PT\",\"potentialAction\":[{\"@type\":\"ReadAction\",\"target\":[\"https:\/\/www.grandhoteloriente.it\/pt-pt\/quartos-e-suites\/\"]}]},{\"@type\":\"BreadcrumbList\",\"@id\":\"https:\/\/www.grandhoteloriente.it\/pt-pt\/quartos-e-suites\/#breadcrumb\",\"itemListElement\":[{\"@type\":\"ListItem\",\"position\":1,\"name\":\"Home\",\"item\":\"https:\/\/www.grandhoteloriente.it\/pt-pt\/\"},{\"@type\":\"ListItem\",\"position\":2,\"name\":\"Quartos e Suites\"}]},{\"@type\":\"WebSite\",\"@id\":\"https:\/\/www.grandhoteloriente.it\/pt-pt\/#website\",\"url\":\"https:\/\/www.grandhoteloriente.it\/pt-pt\/\",\"name\":\"Grand Hotel Oriente\",\"description\":\"Ecco un altro sito ms.decms.eu\",\"potentialAction\":[{\"@type\":\"SearchAction\",\"target\":{\"@type\":\"EntryPoint\",\"urlTemplate\":\"https:\/\/www.grandhoteloriente.it\/pt-pt\/?s={search_term_string}\"},\"query-input\":{\"@type\":\"PropertyValueSpecification\",\"valueRequired\":true,\"valueName\":\"search_term_string\"}}],\"inLanguage\":\"pt-PT\"}]}<\/script>\n<!-- \/ Yoast SEO plugin. -->","yoast_head_json":{"title":"Quartos e Suites - Grand Hotel Oriente","robots":{"index":"index","follow":"follow","max-snippet":"max-snippet:-1","max-image-preview":"max-image-preview:large","max-video-preview":"max-video-preview:-1"},"canonical":"https:\/\/www.grandhoteloriente.it\/pt-pt\/quartos-e-suites\/","og_locale":"pt_PT","og_type":"article","og_title":"Quartos e Suites - Grand Hotel Oriente","og_description":"Os quartos espa\u00e7osos apresentam um estilo cl\u00e1ssico e est\u00e3o equipados com todo o tipo de conforto e comodidades tecnol\u00f3gicas. Das varandas dos quartos localizados nos pisos superiores e da suite, pode ver-se uma magn\u00edfica vista da cidade Os quartos do Grand Hotel Oriente tornam-se recantos de privacidade para relaxar ap\u00f3s um dia de trabalho ou [&hellip;]","og_url":"https:\/\/www.grandhoteloriente.it\/pt-pt\/quartos-e-suites\/","og_site_name":"Grand Hotel Oriente","article_modified_time":"2022-12-09T11:50:06+00:00","twitter_card":"summary_large_image","twitter_misc":{"Tempo estimado de leitura":"1 minuto"},"schema":{"@context":"https:\/\/schema.org","@graph":[{"@type":"WebPage","@id":"https:\/\/www.grandhoteloriente.it\/pt-pt\/quartos-e-suites\/","url":"https:\/\/www.grandhoteloriente.it\/pt-pt\/quartos-e-suites\/","name":"Quartos e Suites - Grand Hotel Oriente","isPartOf":{"@id":"https:\/\/www.grandhoteloriente.it\/pt-pt\/#website"},"datePublished":"2020-04-14T10:06:04+00:00","dateModified":"2022-12-09T11:50:06+00:00","breadcrumb":{"@id":"https:\/\/www.grandhoteloriente.it\/pt-pt\/quartos-e-suites\/#breadcrumb"},"inLanguage":"pt-PT","potentialAction":[{"@type":"ReadAction","target":["https:\/\/www.grandhoteloriente.it\/pt-pt\/quartos-e-suites\/"]}]},{"@type":"BreadcrumbList","@id":"https:\/\/www.grandhoteloriente.it\/pt-pt\/quartos-e-suites\/#breadcrumb","itemListElement":[{"@type":"ListItem","position":1,"name":"Home","item":"https:\/\/www.grandhoteloriente.it\/pt-pt\/"},{"@type":"ListItem","position":2,"name":"Quartos e Suites"}]},{"@type":"WebSite","@id":"https:\/\/www.grandhoteloriente.it\/pt-pt\/#website","url":"https:\/\/www.grandhoteloriente.it\/pt-pt\/","name":"Grand Hotel Oriente","description":"Ecco un altro sito ms.decms.eu","potentialAction":[{"@type":"SearchAction","target":{"@type":"EntryPoint","urlTemplate":"https:\/\/www.grandhoteloriente.it\/pt-pt\/?s={search_term_string}"},"query-input":{"@type":"PropertyValueSpecification","valueRequired":true,"valueName":"search_term_string"}}],"inLanguage":"pt-PT"}]}},"acf":[],"_links":{"self":[{"href":"https:\/\/www.grandhoteloriente.it\/pt-pt\/wp-json\/wp\/v2\/pages\/75","targetHints":{"allow":["GET"]}}],"collection":[{"href":"https:\/\/www.grandhoteloriente.it\/pt-pt\/wp-json\/wp\/v2\/pages"}],"about":[{"href":"https:\/\/www.grandhoteloriente.it\/pt-pt\/wp-json\/wp\/v2\/types\/page"}],"author":[{"embeddable":true,"href":"https:\/\/www.grandhoteloriente.it\/pt-pt\/wp-json\/wp\/v2\/users\/13"}],"replies":[{"embeddable":true,"href":"https:\/\/www.grandhoteloriente.it\/pt-pt\/wp-json\/wp\/v2\/comments?post=75"}],"version-history":[{"count":0,"href":"https:\/\/www.grandhoteloriente.it\/pt-pt\/wp-json\/wp\/v2\/pages\/75\/revisions"}],"wp:attachment":[{"href":"https:\/\/www.grandhoteloriente.it\/pt-pt\/wp-json\/wp\/v2\/media?parent=75"}],"curies":[{"name":"wp","href":"https:\/\/api.w.org\/{rel}","templated":true}]}}