{"id":69,"date":"2020-04-14T11:40:27","date_gmt":"2020-04-14T09:40:27","guid":{"rendered":"http:\/\/grandhoteloriente.ms.decms.eu\/?page_id=69"},"modified":"2020-04-14T11:40:27","modified_gmt":"2020-04-14T09:40:27","slug":"grand-hotel-oriente","status":"publish","type":"page","link":"https:\/\/www.grandhoteloriente.it\/pt-pt\/","title":{"rendered":"Grand Hotel Oriente"},"content":{"rendered":"<p>No centro hist\u00f3rico de N\u00e1poles, <b>hotel de 4 estrelas<\/b> <b>Grand Hotel Oriente<\/b> \u00e9 um pano de fundo ativo e din\u00e2mico da vida napolitana.<\/p>\n<p>Gra\u00e7as \u00e0 sua localiza\u00e7\u00e3o estrat\u00e9gica, este hotel, recentemente renovado, combina as necessidades do turista que est\u00e1 muito perto de arte, da cultura e das compras, com as necessidades de quem, por trabalho, faz uma paragem na <b>bela N\u00e1poles<\/b>.<\/p>\n<p>A excelente localiza\u00e7\u00e3o, a <b>apenas a 2 minutos da esta\u00e7\u00e3o de metro TOLEDO<\/b>, a sobriedade e a informalidade dos espa\u00e7os, a qualidade do servi\u00e7o fizeram do Grand Hotel Oriente, desde a sua cria\u00e7\u00e3o, nos anos 40, um lugar favorito para ficar para a clientela internacional.<\/p>\n","protected":false},"excerpt":{"rendered":"<p>No centro hist\u00f3rico de N\u00e1poles, hotel de 4 estrelas Grand Hotel Oriente \u00e9 um pano de fundo ativo e din\u00e2mico da vida napolitana. Gra\u00e7as \u00e0 sua localiza\u00e7\u00e3o estrat\u00e9gica, este hotel, recentemente renovado, combina as necessidades do turista que est\u00e1 muito perto de arte, da cultura e das compras, com as necessidades de quem, por trabalho, [&hellip;]<\/p>\n","protected":false},"author":13,"featured_media":0,"parent":0,"menu_order":1,"comment_status":"closed","ping_status":"open","template":"","meta":{"footnotes":""},"class_list":["post-69","page","type-page","status-publish","hentry"],"yoast_head":"<!-- This site is optimized with the Yoast SEO plugin v26.9 - https:\/\/yoast.com\/product\/yoast-seo-wordpress\/ -->\n<title>Grand Hotel Oriente - Grand Hotel Oriente<\/title>\n<meta name=\"robots\" content=\"index, follow, max-snippet:-1, max-image-preview:large, max-video-preview:-1\" \/>\n<link rel=\"canonical\" href=\"https:\/\/www.grandhoteloriente.it\/pt-pt\/\" \/>\n<meta property=\"og:locale\" content=\"pt_PT\" \/>\n<meta property=\"og:type\" content=\"article\" \/>\n<meta property=\"og:title\" content=\"Grand Hotel Oriente - Grand Hotel Oriente\" \/>\n<meta property=\"og:description\" content=\"No centro hist\u00f3rico de N\u00e1poles, hotel de 4 estrelas Grand Hotel Oriente \u00e9 um pano de fundo ativo e din\u00e2mico da vida napolitana. Gra\u00e7as \u00e0 sua localiza\u00e7\u00e3o estrat\u00e9gica, este hotel, recentemente renovado, combina as necessidades do turista que est\u00e1 muito perto de arte, da cultura e das compras, com as necessidades de quem, por trabalho, [&hellip;]\" \/>\n<meta property=\"og:url\" content=\"https:\/\/www.grandhoteloriente.it\/pt-pt\/\" \/>\n<meta property=\"og:site_name\" content=\"Grand Hotel Oriente\" \/>\n<meta name=\"twitter:card\" content=\"summary_large_image\" \/>\n<meta name=\"twitter:label1\" content=\"Tempo estimado de leitura\" \/>\n\t<meta name=\"twitter:data1\" content=\"1 minuto\" \/>\n<script type=\"application\/ld+json\" class=\"yoast-schema-graph\">{\"@context\":\"https:\/\/schema.org\",\"@graph\":[{\"@type\":\"WebPage\",\"@id\":\"https:\/\/www.grandhoteloriente.it\/pt-pt\/\",\"url\":\"https:\/\/www.grandhoteloriente.it\/pt-pt\/\",\"name\":\"Grand Hotel Oriente - Grand Hotel Oriente\",\"isPartOf\":{\"@id\":\"https:\/\/www.grandhoteloriente.it\/pt-pt\/#website\"},\"datePublished\":\"2020-04-14T09:40:27+00:00\",\"breadcrumb\":{\"@id\":\"https:\/\/www.grandhoteloriente.it\/pt-pt\/#breadcrumb\"},\"inLanguage\":\"pt-PT\",\"potentialAction\":[{\"@type\":\"ReadAction\",\"target\":[\"https:\/\/www.grandhoteloriente.it\/pt-pt\/\"]}]},{\"@type\":\"BreadcrumbList\",\"@id\":\"https:\/\/www.grandhoteloriente.it\/pt-pt\/#breadcrumb\",\"itemListElement\":[{\"@type\":\"ListItem\",\"position\":1,\"name\":\"Home\",\"item\":\"https:\/\/www.grandhoteloriente.it\/pt-pt\/\"},{\"@type\":\"ListItem\",\"position\":2,\"name\":\"Grand Hotel Oriente\"}]},{\"@type\":\"WebSite\",\"@id\":\"https:\/\/www.grandhoteloriente.it\/pt-pt\/#website\",\"url\":\"https:\/\/www.grandhoteloriente.it\/pt-pt\/\",\"name\":\"Grand Hotel Oriente\",\"description\":\"Ecco un altro sito ms.decms.eu\",\"potentialAction\":[{\"@type\":\"SearchAction\",\"target\":{\"@type\":\"EntryPoint\",\"urlTemplate\":\"https:\/\/www.grandhoteloriente.it\/pt-pt\/?s={search_term_string}\"},\"query-input\":{\"@type\":\"PropertyValueSpecification\",\"valueRequired\":true,\"valueName\":\"search_term_string\"}}],\"inLanguage\":\"pt-PT\"}]}<\/script>\n<!-- \/ Yoast SEO plugin. -->","yoast_head_json":{"title":"Grand Hotel Oriente - Grand Hotel Oriente","robots":{"index":"index","follow":"follow","max-snippet":"max-snippet:-1","max-image-preview":"max-image-preview:large","max-video-preview":"max-video-preview:-1"},"canonical":"https:\/\/www.grandhoteloriente.it\/pt-pt\/","og_locale":"pt_PT","og_type":"article","og_title":"Grand Hotel Oriente - Grand Hotel Oriente","og_description":"No centro hist\u00f3rico de N\u00e1poles, hotel de 4 estrelas Grand Hotel Oriente \u00e9 um pano de fundo ativo e din\u00e2mico da vida napolitana. Gra\u00e7as \u00e0 sua localiza\u00e7\u00e3o estrat\u00e9gica, este hotel, recentemente renovado, combina as necessidades do turista que est\u00e1 muito perto de arte, da cultura e das compras, com as necessidades de quem, por trabalho, [&hellip;]","og_url":"https:\/\/www.grandhoteloriente.it\/pt-pt\/","og_site_name":"Grand Hotel Oriente","twitter_card":"summary_large_image","twitter_misc":{"Tempo estimado de leitura":"1 minuto"},"schema":{"@context":"https:\/\/schema.org","@graph":[{"@type":"WebPage","@id":"https:\/\/www.grandhoteloriente.it\/pt-pt\/","url":"https:\/\/www.grandhoteloriente.it\/pt-pt\/","name":"Grand Hotel Oriente - Grand Hotel Oriente","isPartOf":{"@id":"https:\/\/www.grandhoteloriente.it\/pt-pt\/#website"},"datePublished":"2020-04-14T09:40:27+00:00","breadcrumb":{"@id":"https:\/\/www.grandhoteloriente.it\/pt-pt\/#breadcrumb"},"inLanguage":"pt-PT","potentialAction":[{"@type":"ReadAction","target":["https:\/\/www.grandhoteloriente.it\/pt-pt\/"]}]},{"@type":"BreadcrumbList","@id":"https:\/\/www.grandhoteloriente.it\/pt-pt\/#breadcrumb","itemListElement":[{"@type":"ListItem","position":1,"name":"Home","item":"https:\/\/www.grandhoteloriente.it\/pt-pt\/"},{"@type":"ListItem","position":2,"name":"Grand Hotel Oriente"}]},{"@type":"WebSite","@id":"https:\/\/www.grandhoteloriente.it\/pt-pt\/#website","url":"https:\/\/www.grandhoteloriente.it\/pt-pt\/","name":"Grand Hotel Oriente","description":"Ecco un altro sito ms.decms.eu","potentialAction":[{"@type":"SearchAction","target":{"@type":"EntryPoint","urlTemplate":"https:\/\/www.grandhoteloriente.it\/pt-pt\/?s={search_term_string}"},"query-input":{"@type":"PropertyValueSpecification","valueRequired":true,"valueName":"search_term_string"}}],"inLanguage":"pt-PT"}]}},"acf":[],"_links":{"self":[{"href":"https:\/\/www.grandhoteloriente.it\/pt-pt\/wp-json\/wp\/v2\/pages\/69","targetHints":{"allow":["GET"]}}],"collection":[{"href":"https:\/\/www.grandhoteloriente.it\/pt-pt\/wp-json\/wp\/v2\/pages"}],"about":[{"href":"https:\/\/www.grandhoteloriente.it\/pt-pt\/wp-json\/wp\/v2\/types\/page"}],"author":[{"embeddable":true,"href":"https:\/\/www.grandhoteloriente.it\/pt-pt\/wp-json\/wp\/v2\/users\/13"}],"replies":[{"embeddable":true,"href":"https:\/\/www.grandhoteloriente.it\/pt-pt\/wp-json\/wp\/v2\/comments?post=69"}],"version-history":[{"count":0,"href":"https:\/\/www.grandhoteloriente.it\/pt-pt\/wp-json\/wp\/v2\/pages\/69\/revisions"}],"wp:attachment":[{"href":"https:\/\/www.grandhoteloriente.it\/pt-pt\/wp-json\/wp\/v2\/media?parent=69"}],"curies":[{"name":"wp","href":"https:\/\/api.w.org\/{rel}","templated":true}]}}