{"id":63,"date":"2020-04-14T11:37:36","date_gmt":"2020-04-14T09:37:36","guid":{"rendered":"http:\/\/grandhoteloriente.ms.decms.eu\/?page_id=63"},"modified":"2020-04-15T15:17:31","modified_gmt":"2020-04-15T13:17:31","slug":"hotel","status":"publish","type":"page","link":"https:\/\/www.grandhoteloriente.it\/pt-pt\/hotel\/","title":{"rendered":"Hotel"},"content":{"rendered":"<p>A singularidade e refinamento da estrutura, a localiza\u00e7\u00e3o estrat\u00e9gica, a hospitalidade impec\u00e1vel, o cuidado com a hospitalidade, os servi\u00e7os personalizados d\u00e3o ao nosso hotel <b>fiabilidade e prest\u00edgio.<\/b><\/p>\n<p>Contacte-nos antes da sua chegada para nos permitir tornar a sua estadia \u00fanica e inesquec\u00edvel, personalizando-a de acordo com as suas necessidades<\/p>\n","protected":false},"excerpt":{"rendered":"<p>A singularidade e refinamento da estrutura, a localiza\u00e7\u00e3o estrat\u00e9gica, a hospitalidade impec\u00e1vel, o cuidado com a hospitalidade, os servi\u00e7os personalizados d\u00e3o ao nosso hotel fiabilidade e prest\u00edgio. Contacte-nos antes da sua chegada para nos permitir tornar a sua estadia \u00fanica e inesquec\u00edvel, personalizando-a de acordo com as suas necessidades<\/p>\n","protected":false},"author":13,"featured_media":0,"parent":0,"menu_order":2,"comment_status":"closed","ping_status":"closed","template":"template-hotel.php","meta":{"footnotes":""},"class_list":["post-63","page","type-page","status-publish","hentry"],"yoast_head":"<!-- This site is optimized with the Yoast SEO plugin v26.9 - https:\/\/yoast.com\/product\/yoast-seo-wordpress\/ -->\n<title>Hotel - Grand Hotel Oriente<\/title>\n<meta name=\"robots\" content=\"index, follow, max-snippet:-1, max-image-preview:large, max-video-preview:-1\" \/>\n<link rel=\"canonical\" href=\"https:\/\/www.grandhoteloriente.it\/pt-pt\/hotel\/\" \/>\n<meta property=\"og:locale\" content=\"pt_PT\" \/>\n<meta property=\"og:type\" content=\"article\" \/>\n<meta property=\"og:title\" content=\"Hotel - Grand Hotel Oriente\" \/>\n<meta property=\"og:description\" content=\"A singularidade e refinamento da estrutura, a localiza\u00e7\u00e3o estrat\u00e9gica, a hospitalidade impec\u00e1vel, o cuidado com a hospitalidade, os servi\u00e7os personalizados d\u00e3o ao nosso hotel fiabilidade e prest\u00edgio. Contacte-nos antes da sua chegada para nos permitir tornar a sua estadia \u00fanica e inesquec\u00edvel, personalizando-a de acordo com as suas necessidades\" \/>\n<meta property=\"og:url\" content=\"https:\/\/www.grandhoteloriente.it\/pt-pt\/hotel\/\" \/>\n<meta property=\"og:site_name\" content=\"Grand Hotel Oriente\" \/>\n<meta property=\"article:modified_time\" content=\"2020-04-15T13:17:31+00:00\" \/>\n<meta name=\"twitter:card\" content=\"summary_large_image\" \/>\n<script type=\"application\/ld+json\" class=\"yoast-schema-graph\">{\"@context\":\"https:\/\/schema.org\",\"@graph\":[{\"@type\":\"WebPage\",\"@id\":\"https:\/\/www.grandhoteloriente.it\/pt-pt\/hotel\/\",\"url\":\"https:\/\/www.grandhoteloriente.it\/pt-pt\/hotel\/\",\"name\":\"Hotel - Grand Hotel Oriente\",\"isPartOf\":{\"@id\":\"https:\/\/www.grandhoteloriente.it\/pt-pt\/#website\"},\"datePublished\":\"2020-04-14T09:37:36+00:00\",\"dateModified\":\"2020-04-15T13:17:31+00:00\",\"breadcrumb\":{\"@id\":\"https:\/\/www.grandhoteloriente.it\/pt-pt\/hotel\/#breadcrumb\"},\"inLanguage\":\"pt-PT\",\"potentialAction\":[{\"@type\":\"ReadAction\",\"target\":[\"https:\/\/www.grandhoteloriente.it\/pt-pt\/hotel\/\"]}]},{\"@type\":\"BreadcrumbList\",\"@id\":\"https:\/\/www.grandhoteloriente.it\/pt-pt\/hotel\/#breadcrumb\",\"itemListElement\":[{\"@type\":\"ListItem\",\"position\":1,\"name\":\"Home\",\"item\":\"https:\/\/www.grandhoteloriente.it\/pt-pt\/\"},{\"@type\":\"ListItem\",\"position\":2,\"name\":\"Hotel\"}]},{\"@type\":\"WebSite\",\"@id\":\"https:\/\/www.grandhoteloriente.it\/pt-pt\/#website\",\"url\":\"https:\/\/www.grandhoteloriente.it\/pt-pt\/\",\"name\":\"Grand Hotel Oriente\",\"description\":\"Ecco un altro sito ms.decms.eu\",\"potentialAction\":[{\"@type\":\"SearchAction\",\"target\":{\"@type\":\"EntryPoint\",\"urlTemplate\":\"https:\/\/www.grandhoteloriente.it\/pt-pt\/?s={search_term_string}\"},\"query-input\":{\"@type\":\"PropertyValueSpecification\",\"valueRequired\":true,\"valueName\":\"search_term_string\"}}],\"inLanguage\":\"pt-PT\"}]}<\/script>\n<!-- \/ Yoast SEO plugin. -->","yoast_head_json":{"title":"Hotel - Grand Hotel Oriente","robots":{"index":"index","follow":"follow","max-snippet":"max-snippet:-1","max-image-preview":"max-image-preview:large","max-video-preview":"max-video-preview:-1"},"canonical":"https:\/\/www.grandhoteloriente.it\/pt-pt\/hotel\/","og_locale":"pt_PT","og_type":"article","og_title":"Hotel - Grand Hotel Oriente","og_description":"A singularidade e refinamento da estrutura, a localiza\u00e7\u00e3o estrat\u00e9gica, a hospitalidade impec\u00e1vel, o cuidado com a hospitalidade, os servi\u00e7os personalizados d\u00e3o ao nosso hotel fiabilidade e prest\u00edgio. Contacte-nos antes da sua chegada para nos permitir tornar a sua estadia \u00fanica e inesquec\u00edvel, personalizando-a de acordo com as suas necessidades","og_url":"https:\/\/www.grandhoteloriente.it\/pt-pt\/hotel\/","og_site_name":"Grand Hotel Oriente","article_modified_time":"2020-04-15T13:17:31+00:00","twitter_card":"summary_large_image","schema":{"@context":"https:\/\/schema.org","@graph":[{"@type":"WebPage","@id":"https:\/\/www.grandhoteloriente.it\/pt-pt\/hotel\/","url":"https:\/\/www.grandhoteloriente.it\/pt-pt\/hotel\/","name":"Hotel - Grand Hotel Oriente","isPartOf":{"@id":"https:\/\/www.grandhoteloriente.it\/pt-pt\/#website"},"datePublished":"2020-04-14T09:37:36+00:00","dateModified":"2020-04-15T13:17:31+00:00","breadcrumb":{"@id":"https:\/\/www.grandhoteloriente.it\/pt-pt\/hotel\/#breadcrumb"},"inLanguage":"pt-PT","potentialAction":[{"@type":"ReadAction","target":["https:\/\/www.grandhoteloriente.it\/pt-pt\/hotel\/"]}]},{"@type":"BreadcrumbList","@id":"https:\/\/www.grandhoteloriente.it\/pt-pt\/hotel\/#breadcrumb","itemListElement":[{"@type":"ListItem","position":1,"name":"Home","item":"https:\/\/www.grandhoteloriente.it\/pt-pt\/"},{"@type":"ListItem","position":2,"name":"Hotel"}]},{"@type":"WebSite","@id":"https:\/\/www.grandhoteloriente.it\/pt-pt\/#website","url":"https:\/\/www.grandhoteloriente.it\/pt-pt\/","name":"Grand Hotel Oriente","description":"Ecco un altro sito ms.decms.eu","potentialAction":[{"@type":"SearchAction","target":{"@type":"EntryPoint","urlTemplate":"https:\/\/www.grandhoteloriente.it\/pt-pt\/?s={search_term_string}"},"query-input":{"@type":"PropertyValueSpecification","valueRequired":true,"valueName":"search_term_string"}}],"inLanguage":"pt-PT"}]}},"acf":[],"_links":{"self":[{"href":"https:\/\/www.grandhoteloriente.it\/pt-pt\/wp-json\/wp\/v2\/pages\/63","targetHints":{"allow":["GET"]}}],"collection":[{"href":"https:\/\/www.grandhoteloriente.it\/pt-pt\/wp-json\/wp\/v2\/pages"}],"about":[{"href":"https:\/\/www.grandhoteloriente.it\/pt-pt\/wp-json\/wp\/v2\/types\/page"}],"author":[{"embeddable":true,"href":"https:\/\/www.grandhoteloriente.it\/pt-pt\/wp-json\/wp\/v2\/users\/13"}],"replies":[{"embeddable":true,"href":"https:\/\/www.grandhoteloriente.it\/pt-pt\/wp-json\/wp\/v2\/comments?post=63"}],"version-history":[{"count":0,"href":"https:\/\/www.grandhoteloriente.it\/pt-pt\/wp-json\/wp\/v2\/pages\/63\/revisions"}],"wp:attachment":[{"href":"https:\/\/www.grandhoteloriente.it\/pt-pt\/wp-json\/wp\/v2\/media?parent=63"}],"curies":[{"name":"wp","href":"https:\/\/api.w.org\/{rel}","templated":true}]}}