{"id":157,"date":"2020-04-15T09:48:09","date_gmt":"2020-04-15T07:48:09","guid":{"rendered":"http:\/\/grandhoteloriente.ms.decms.eu\/?page_id=157"},"modified":"2021-09-13T17:55:18","modified_gmt":"2021-09-13T15:55:18","slug":"reunioes","status":"publish","type":"page","link":"https:\/\/www.grandhoteloriente.it\/pt-pt\/reunioes\/","title":{"rendered":"Reuni\u00f5es"},"content":{"rendered":"<p>Para a atividade de <b>reuni\u00f5es e confer\u00eancias<\/b>, o Grand Hotel Oriente dedicou um amplo espa\u00e7o, dispondo de 6<b> salas<\/b> decor\u00e1veis<br \/>\nTodas modernamente equipadas e bem configuradas, s\u00e3o adequadas para qualquer necessidade de reuni\u00e3o, congresso ou outra, at\u00e9 um m\u00e1ximo de <b>250 pessoas<\/b>.<br \/>\nA Sala Plen\u00e1ria \u00e9 composta por quatro subsalas de diferentes tamanhos (Pratella, Palizzi, Gigante e Giordano) e \u00e9 adequada para eventos com grande n\u00famero de pessoas, localizada no primeiro andar do hotel.<br \/>\nA geometria vari\u00e1vel da \u00e1rea de exposi\u00e7\u00e3o\/reuni\u00e3o permite dispor de salas de 30 a 240 metros quadrados, localizadas no primeiro andar do edif\u00edcio.<br \/>\nTodas as salas t\u00eam luz natural<\/p>\n<p><a href=\"https:\/\/www.grandhoteloriente.it\/Uploads\/File\/attrezzature-oriente.pdf\" target=\"_blank\" rel=\"noopener noreferrer\"><br \/>\n<\/a><a href=\"\/wp-content\/uploads\/sites\/156\/2020\/04\/attrezzature-oriente.pdf\" target=\"_blank\" rel=\"noopener noreferrer\">Transfira a ficha de equipamento t\u00e9cnico<\/a><\/p>\n","protected":false},"excerpt":{"rendered":"<p>Para a atividade de reuni\u00f5es e confer\u00eancias, o Grand Hotel Oriente dedicou um amplo espa\u00e7o, dispondo de 6 salas decor\u00e1veis Todas modernamente equipadas e bem configuradas, s\u00e3o adequadas para qualquer necessidade de reuni\u00e3o, congresso ou outra, at\u00e9 um m\u00e1ximo de 250 pessoas. A Sala Plen\u00e1ria \u00e9 composta por quatro subsalas de diferentes tamanhos (Pratella, Palizzi, [&hellip;]<\/p>\n","protected":false},"author":13,"featured_media":0,"parent":0,"menu_order":6,"comment_status":"closed","ping_status":"closed","template":"template-wellness.php","meta":{"footnotes":""},"class_list":["post-157","page","type-page","status-publish","hentry"],"yoast_head":"<!-- This site is optimized with the Yoast SEO plugin v26.9 - https:\/\/yoast.com\/product\/yoast-seo-wordpress\/ -->\n<title>Reuni\u00f5es - Grand Hotel Oriente<\/title>\n<meta name=\"robots\" content=\"index, follow, max-snippet:-1, max-image-preview:large, max-video-preview:-1\" \/>\n<link rel=\"canonical\" href=\"https:\/\/www.grandhoteloriente.it\/pt-pt\/reunioes\/\" \/>\n<meta property=\"og:locale\" content=\"pt_PT\" \/>\n<meta property=\"og:type\" content=\"article\" \/>\n<meta property=\"og:title\" content=\"Reuni\u00f5es - Grand Hotel Oriente\" \/>\n<meta property=\"og:description\" content=\"Para a atividade de reuni\u00f5es e confer\u00eancias, o Grand Hotel Oriente dedicou um amplo espa\u00e7o, dispondo de 6 salas decor\u00e1veis Todas modernamente equipadas e bem configuradas, s\u00e3o adequadas para qualquer necessidade de reuni\u00e3o, congresso ou outra, at\u00e9 um m\u00e1ximo de 250 pessoas. A Sala Plen\u00e1ria \u00e9 composta por quatro subsalas de diferentes tamanhos (Pratella, Palizzi, [&hellip;]\" \/>\n<meta property=\"og:url\" content=\"https:\/\/www.grandhoteloriente.it\/pt-pt\/reunioes\/\" \/>\n<meta property=\"og:site_name\" content=\"Grand Hotel Oriente\" \/>\n<meta property=\"article:modified_time\" content=\"2021-09-13T15:55:18+00:00\" \/>\n<meta name=\"twitter:card\" content=\"summary_large_image\" \/>\n<meta name=\"twitter:label1\" content=\"Tempo estimado de leitura\" \/>\n\t<meta name=\"twitter:data1\" content=\"1 minuto\" \/>\n<script type=\"application\/ld+json\" class=\"yoast-schema-graph\">{\"@context\":\"https:\/\/schema.org\",\"@graph\":[{\"@type\":\"WebPage\",\"@id\":\"https:\/\/www.grandhoteloriente.it\/pt-pt\/reunioes\/\",\"url\":\"https:\/\/www.grandhoteloriente.it\/pt-pt\/reunioes\/\",\"name\":\"Reuni\u00f5es - Grand Hotel Oriente\",\"isPartOf\":{\"@id\":\"https:\/\/www.grandhoteloriente.it\/pt-pt\/#website\"},\"datePublished\":\"2020-04-15T07:48:09+00:00\",\"dateModified\":\"2021-09-13T15:55:18+00:00\",\"breadcrumb\":{\"@id\":\"https:\/\/www.grandhoteloriente.it\/pt-pt\/reunioes\/#breadcrumb\"},\"inLanguage\":\"pt-PT\",\"potentialAction\":[{\"@type\":\"ReadAction\",\"target\":[\"https:\/\/www.grandhoteloriente.it\/pt-pt\/reunioes\/\"]}]},{\"@type\":\"BreadcrumbList\",\"@id\":\"https:\/\/www.grandhoteloriente.it\/pt-pt\/reunioes\/#breadcrumb\",\"itemListElement\":[{\"@type\":\"ListItem\",\"position\":1,\"name\":\"Home\",\"item\":\"https:\/\/www.grandhoteloriente.it\/pt-pt\/\"},{\"@type\":\"ListItem\",\"position\":2,\"name\":\"Reuni\u00f5es\"}]},{\"@type\":\"WebSite\",\"@id\":\"https:\/\/www.grandhoteloriente.it\/pt-pt\/#website\",\"url\":\"https:\/\/www.grandhoteloriente.it\/pt-pt\/\",\"name\":\"Grand Hotel Oriente\",\"description\":\"Ecco un altro sito ms.decms.eu\",\"potentialAction\":[{\"@type\":\"SearchAction\",\"target\":{\"@type\":\"EntryPoint\",\"urlTemplate\":\"https:\/\/www.grandhoteloriente.it\/pt-pt\/?s={search_term_string}\"},\"query-input\":{\"@type\":\"PropertyValueSpecification\",\"valueRequired\":true,\"valueName\":\"search_term_string\"}}],\"inLanguage\":\"pt-PT\"}]}<\/script>\n<!-- \/ Yoast SEO plugin. -->","yoast_head_json":{"title":"Reuni\u00f5es - Grand Hotel Oriente","robots":{"index":"index","follow":"follow","max-snippet":"max-snippet:-1","max-image-preview":"max-image-preview:large","max-video-preview":"max-video-preview:-1"},"canonical":"https:\/\/www.grandhoteloriente.it\/pt-pt\/reunioes\/","og_locale":"pt_PT","og_type":"article","og_title":"Reuni\u00f5es - Grand Hotel Oriente","og_description":"Para a atividade de reuni\u00f5es e confer\u00eancias, o Grand Hotel Oriente dedicou um amplo espa\u00e7o, dispondo de 6 salas decor\u00e1veis Todas modernamente equipadas e bem configuradas, s\u00e3o adequadas para qualquer necessidade de reuni\u00e3o, congresso ou outra, at\u00e9 um m\u00e1ximo de 250 pessoas. A Sala Plen\u00e1ria \u00e9 composta por quatro subsalas de diferentes tamanhos (Pratella, Palizzi, [&hellip;]","og_url":"https:\/\/www.grandhoteloriente.it\/pt-pt\/reunioes\/","og_site_name":"Grand Hotel Oriente","article_modified_time":"2021-09-13T15:55:18+00:00","twitter_card":"summary_large_image","twitter_misc":{"Tempo estimado de leitura":"1 minuto"},"schema":{"@context":"https:\/\/schema.org","@graph":[{"@type":"WebPage","@id":"https:\/\/www.grandhoteloriente.it\/pt-pt\/reunioes\/","url":"https:\/\/www.grandhoteloriente.it\/pt-pt\/reunioes\/","name":"Reuni\u00f5es - Grand Hotel Oriente","isPartOf":{"@id":"https:\/\/www.grandhoteloriente.it\/pt-pt\/#website"},"datePublished":"2020-04-15T07:48:09+00:00","dateModified":"2021-09-13T15:55:18+00:00","breadcrumb":{"@id":"https:\/\/www.grandhoteloriente.it\/pt-pt\/reunioes\/#breadcrumb"},"inLanguage":"pt-PT","potentialAction":[{"@type":"ReadAction","target":["https:\/\/www.grandhoteloriente.it\/pt-pt\/reunioes\/"]}]},{"@type":"BreadcrumbList","@id":"https:\/\/www.grandhoteloriente.it\/pt-pt\/reunioes\/#breadcrumb","itemListElement":[{"@type":"ListItem","position":1,"name":"Home","item":"https:\/\/www.grandhoteloriente.it\/pt-pt\/"},{"@type":"ListItem","position":2,"name":"Reuni\u00f5es"}]},{"@type":"WebSite","@id":"https:\/\/www.grandhoteloriente.it\/pt-pt\/#website","url":"https:\/\/www.grandhoteloriente.it\/pt-pt\/","name":"Grand Hotel Oriente","description":"Ecco un altro sito ms.decms.eu","potentialAction":[{"@type":"SearchAction","target":{"@type":"EntryPoint","urlTemplate":"https:\/\/www.grandhoteloriente.it\/pt-pt\/?s={search_term_string}"},"query-input":{"@type":"PropertyValueSpecification","valueRequired":true,"valueName":"search_term_string"}}],"inLanguage":"pt-PT"}]}},"acf":[],"_links":{"self":[{"href":"https:\/\/www.grandhoteloriente.it\/pt-pt\/wp-json\/wp\/v2\/pages\/157","targetHints":{"allow":["GET"]}}],"collection":[{"href":"https:\/\/www.grandhoteloriente.it\/pt-pt\/wp-json\/wp\/v2\/pages"}],"about":[{"href":"https:\/\/www.grandhoteloriente.it\/pt-pt\/wp-json\/wp\/v2\/types\/page"}],"author":[{"embeddable":true,"href":"https:\/\/www.grandhoteloriente.it\/pt-pt\/wp-json\/wp\/v2\/users\/13"}],"replies":[{"embeddable":true,"href":"https:\/\/www.grandhoteloriente.it\/pt-pt\/wp-json\/wp\/v2\/comments?post=157"}],"version-history":[{"count":0,"href":"https:\/\/www.grandhoteloriente.it\/pt-pt\/wp-json\/wp\/v2\/pages\/157\/revisions"}],"wp:attachment":[{"href":"https:\/\/www.grandhoteloriente.it\/pt-pt\/wp-json\/wp\/v2\/media?parent=157"}],"curies":[{"name":"wp","href":"https:\/\/api.w.org\/{rel}","templated":true}]}}