{"id":150,"date":"2020-04-14T17:59:16","date_gmt":"2020-04-14T15:59:16","guid":{"rendered":"http:\/\/grandhoteloriente.ms.decms.eu\/?page_id=150"},"modified":"2020-10-01T17:05:19","modified_gmt":"2020-10-01T15:05:19","slug":"roof-top-bar","status":"publish","type":"page","link":"https:\/\/www.grandhoteloriente.it\/pt-pt\/roof-top-bar\/","title":{"rendered":"Roof top bar"},"content":{"rendered":"<p>O\u00a0<b><strong>Roof top bar &#8220;La Terrazza&#8221;<\/strong> <\/b>acolhedor, agrad\u00e1vel, no nono andar do hotel, oferece uma localiza\u00e7\u00e3o \u00fanica onde na companhia de m\u00fasica de fundo se pode desfrutar de um momento relaxante, saborear um copo de vinho ou um aperitivo acompanhados por pequenas guloseimas ou satisfazer o apetite com pratos recomendados pelo chef\u2026<\/p>\n<p>Aberto todo o ano das 11h00 \u00e0s 23h00.<\/p>\n","protected":false},"excerpt":{"rendered":"<p>O\u00a0Roof top bar &#8220;La Terrazza&#8221; acolhedor, agrad\u00e1vel, no nono andar do hotel, oferece uma localiza\u00e7\u00e3o \u00fanica onde na companhia de m\u00fasica de fundo se pode desfrutar de um momento relaxante, saborear um copo de vinho ou um aperitivo acompanhados por pequenas guloseimas ou satisfazer o apetite com pratos recomendados pelo chef\u2026 Aberto todo o ano [&hellip;]<\/p>\n","protected":false},"author":13,"featured_media":0,"parent":0,"menu_order":5,"comment_status":"closed","ping_status":"closed","template":"template-wellness.php","meta":{"footnotes":""},"class_list":["post-150","page","type-page","status-publish","hentry"],"yoast_head":"<!-- This site is optimized with the Yoast SEO plugin v26.9 - https:\/\/yoast.com\/product\/yoast-seo-wordpress\/ -->\n<title>Roof top bar - Grand Hotel Oriente<\/title>\n<meta name=\"robots\" content=\"index, follow, max-snippet:-1, max-image-preview:large, max-video-preview:-1\" \/>\n<link rel=\"canonical\" href=\"https:\/\/www.grandhoteloriente.it\/pt-pt\/roof-top-bar\/\" \/>\n<meta property=\"og:locale\" content=\"pt_PT\" \/>\n<meta property=\"og:type\" content=\"article\" \/>\n<meta property=\"og:title\" content=\"Roof top bar - Grand Hotel Oriente\" \/>\n<meta property=\"og:description\" content=\"O\u00a0Roof top bar &#8220;La Terrazza&#8221; acolhedor, agrad\u00e1vel, no nono andar do hotel, oferece uma localiza\u00e7\u00e3o \u00fanica onde na companhia de m\u00fasica de fundo se pode desfrutar de um momento relaxante, saborear um copo de vinho ou um aperitivo acompanhados por pequenas guloseimas ou satisfazer o apetite com pratos recomendados pelo chef\u2026 Aberto todo o ano [&hellip;]\" \/>\n<meta property=\"og:url\" content=\"https:\/\/www.grandhoteloriente.it\/pt-pt\/roof-top-bar\/\" \/>\n<meta property=\"og:site_name\" content=\"Grand Hotel Oriente\" \/>\n<meta property=\"article:modified_time\" content=\"2020-10-01T15:05:19+00:00\" \/>\n<meta name=\"twitter:card\" content=\"summary_large_image\" \/>\n<script type=\"application\/ld+json\" class=\"yoast-schema-graph\">{\"@context\":\"https:\/\/schema.org\",\"@graph\":[{\"@type\":\"WebPage\",\"@id\":\"https:\/\/www.grandhoteloriente.it\/pt-pt\/roof-top-bar\/\",\"url\":\"https:\/\/www.grandhoteloriente.it\/pt-pt\/roof-top-bar\/\",\"name\":\"Roof top bar - Grand Hotel Oriente\",\"isPartOf\":{\"@id\":\"https:\/\/www.grandhoteloriente.it\/pt-pt\/#website\"},\"datePublished\":\"2020-04-14T15:59:16+00:00\",\"dateModified\":\"2020-10-01T15:05:19+00:00\",\"breadcrumb\":{\"@id\":\"https:\/\/www.grandhoteloriente.it\/pt-pt\/roof-top-bar\/#breadcrumb\"},\"inLanguage\":\"pt-PT\",\"potentialAction\":[{\"@type\":\"ReadAction\",\"target\":[\"https:\/\/www.grandhoteloriente.it\/pt-pt\/roof-top-bar\/\"]}]},{\"@type\":\"BreadcrumbList\",\"@id\":\"https:\/\/www.grandhoteloriente.it\/pt-pt\/roof-top-bar\/#breadcrumb\",\"itemListElement\":[{\"@type\":\"ListItem\",\"position\":1,\"name\":\"Home\",\"item\":\"https:\/\/www.grandhoteloriente.it\/pt-pt\/\"},{\"@type\":\"ListItem\",\"position\":2,\"name\":\"Roof top bar\"}]},{\"@type\":\"WebSite\",\"@id\":\"https:\/\/www.grandhoteloriente.it\/pt-pt\/#website\",\"url\":\"https:\/\/www.grandhoteloriente.it\/pt-pt\/\",\"name\":\"Grand Hotel Oriente\",\"description\":\"Ecco un altro sito ms.decms.eu\",\"potentialAction\":[{\"@type\":\"SearchAction\",\"target\":{\"@type\":\"EntryPoint\",\"urlTemplate\":\"https:\/\/www.grandhoteloriente.it\/pt-pt\/?s={search_term_string}\"},\"query-input\":{\"@type\":\"PropertyValueSpecification\",\"valueRequired\":true,\"valueName\":\"search_term_string\"}}],\"inLanguage\":\"pt-PT\"}]}<\/script>\n<!-- \/ Yoast SEO plugin. -->","yoast_head_json":{"title":"Roof top bar - Grand Hotel Oriente","robots":{"index":"index","follow":"follow","max-snippet":"max-snippet:-1","max-image-preview":"max-image-preview:large","max-video-preview":"max-video-preview:-1"},"canonical":"https:\/\/www.grandhoteloriente.it\/pt-pt\/roof-top-bar\/","og_locale":"pt_PT","og_type":"article","og_title":"Roof top bar - Grand Hotel Oriente","og_description":"O\u00a0Roof top bar &#8220;La Terrazza&#8221; acolhedor, agrad\u00e1vel, no nono andar do hotel, oferece uma localiza\u00e7\u00e3o \u00fanica onde na companhia de m\u00fasica de fundo se pode desfrutar de um momento relaxante, saborear um copo de vinho ou um aperitivo acompanhados por pequenas guloseimas ou satisfazer o apetite com pratos recomendados pelo chef\u2026 Aberto todo o ano [&hellip;]","og_url":"https:\/\/www.grandhoteloriente.it\/pt-pt\/roof-top-bar\/","og_site_name":"Grand Hotel Oriente","article_modified_time":"2020-10-01T15:05:19+00:00","twitter_card":"summary_large_image","schema":{"@context":"https:\/\/schema.org","@graph":[{"@type":"WebPage","@id":"https:\/\/www.grandhoteloriente.it\/pt-pt\/roof-top-bar\/","url":"https:\/\/www.grandhoteloriente.it\/pt-pt\/roof-top-bar\/","name":"Roof top bar - Grand Hotel Oriente","isPartOf":{"@id":"https:\/\/www.grandhoteloriente.it\/pt-pt\/#website"},"datePublished":"2020-04-14T15:59:16+00:00","dateModified":"2020-10-01T15:05:19+00:00","breadcrumb":{"@id":"https:\/\/www.grandhoteloriente.it\/pt-pt\/roof-top-bar\/#breadcrumb"},"inLanguage":"pt-PT","potentialAction":[{"@type":"ReadAction","target":["https:\/\/www.grandhoteloriente.it\/pt-pt\/roof-top-bar\/"]}]},{"@type":"BreadcrumbList","@id":"https:\/\/www.grandhoteloriente.it\/pt-pt\/roof-top-bar\/#breadcrumb","itemListElement":[{"@type":"ListItem","position":1,"name":"Home","item":"https:\/\/www.grandhoteloriente.it\/pt-pt\/"},{"@type":"ListItem","position":2,"name":"Roof top bar"}]},{"@type":"WebSite","@id":"https:\/\/www.grandhoteloriente.it\/pt-pt\/#website","url":"https:\/\/www.grandhoteloriente.it\/pt-pt\/","name":"Grand Hotel Oriente","description":"Ecco un altro sito ms.decms.eu","potentialAction":[{"@type":"SearchAction","target":{"@type":"EntryPoint","urlTemplate":"https:\/\/www.grandhoteloriente.it\/pt-pt\/?s={search_term_string}"},"query-input":{"@type":"PropertyValueSpecification","valueRequired":true,"valueName":"search_term_string"}}],"inLanguage":"pt-PT"}]}},"acf":[],"_links":{"self":[{"href":"https:\/\/www.grandhoteloriente.it\/pt-pt\/wp-json\/wp\/v2\/pages\/150","targetHints":{"allow":["GET"]}}],"collection":[{"href":"https:\/\/www.grandhoteloriente.it\/pt-pt\/wp-json\/wp\/v2\/pages"}],"about":[{"href":"https:\/\/www.grandhoteloriente.it\/pt-pt\/wp-json\/wp\/v2\/types\/page"}],"author":[{"embeddable":true,"href":"https:\/\/www.grandhoteloriente.it\/pt-pt\/wp-json\/wp\/v2\/users\/13"}],"replies":[{"embeddable":true,"href":"https:\/\/www.grandhoteloriente.it\/pt-pt\/wp-json\/wp\/v2\/comments?post=150"}],"version-history":[{"count":0,"href":"https:\/\/www.grandhoteloriente.it\/pt-pt\/wp-json\/wp\/v2\/pages\/150\/revisions"}],"wp:attachment":[{"href":"https:\/\/www.grandhoteloriente.it\/pt-pt\/wp-json\/wp\/v2\/media?parent=150"}],"curies":[{"name":"wp","href":"https:\/\/api.w.org\/{rel}","templated":true}]}}