{"id":143,"date":"2020-04-14T17:54:36","date_gmt":"2020-04-14T15:54:36","guid":{"rendered":"http:\/\/grandhoteloriente.ms.decms.eu\/?page_id=143"},"modified":"2020-04-14T17:54:36","modified_gmt":"2020-04-14T15:54:36","slug":"restaurante","status":"publish","type":"page","link":"https:\/\/www.grandhoteloriente.it\/pt-pt\/restaurante\/","title":{"rendered":"Restaurante"},"content":{"rendered":"<p>Delicioso, com cores suaves, dedicado ao pequeno-almo\u00e7o, o restaurante<b>Grand Hotel Oriente<\/b> tem a sua sala ampla e panor\u00e2mica no nono andar.<br \/>\nIdeal para eventos, com uma cozinha atenta \u00e0 qualidade das mat\u00e9rias-primas e \u00e0 leveza das receitas, serve refei\u00e7\u00f5es ligeiras e de grande conte\u00fado.<\/p>\n<p>Pratos t\u00edpicos e criatividade s\u00e3o combinados com o prazer de um servi\u00e7o acolhedor e atencioso.<\/p>\n","protected":false},"excerpt":{"rendered":"<p>Delicioso, com cores suaves, dedicado ao pequeno-almo\u00e7o, o restauranteGrand Hotel Oriente tem a sua sala ampla e panor\u00e2mica no nono andar. Ideal para eventos, com uma cozinha atenta \u00e0 qualidade das mat\u00e9rias-primas e \u00e0 leveza das receitas, serve refei\u00e7\u00f5es ligeiras e de grande conte\u00fado. Pratos t\u00edpicos e criatividade s\u00e3o combinados com o prazer de um [&hellip;]<\/p>\n","protected":false},"author":13,"featured_media":0,"parent":0,"menu_order":4,"comment_status":"closed","ping_status":"closed","template":"template-wellness.php","meta":{"footnotes":""},"class_list":["post-143","page","type-page","status-publish","hentry"],"yoast_head":"<!-- This site is optimized with the Yoast SEO plugin v26.9 - https:\/\/yoast.com\/product\/yoast-seo-wordpress\/ -->\n<title>Restaurante - Grand Hotel Oriente<\/title>\n<meta name=\"robots\" content=\"index, follow, max-snippet:-1, max-image-preview:large, max-video-preview:-1\" \/>\n<link rel=\"canonical\" href=\"https:\/\/www.grandhoteloriente.it\/pt-pt\/restaurante\/\" \/>\n<meta property=\"og:locale\" content=\"pt_PT\" \/>\n<meta property=\"og:type\" content=\"article\" \/>\n<meta property=\"og:title\" content=\"Restaurante - Grand Hotel Oriente\" \/>\n<meta property=\"og:description\" content=\"Delicioso, com cores suaves, dedicado ao pequeno-almo\u00e7o, o restauranteGrand Hotel Oriente tem a sua sala ampla e panor\u00e2mica no nono andar. Ideal para eventos, com uma cozinha atenta \u00e0 qualidade das mat\u00e9rias-primas e \u00e0 leveza das receitas, serve refei\u00e7\u00f5es ligeiras e de grande conte\u00fado. Pratos t\u00edpicos e criatividade s\u00e3o combinados com o prazer de um [&hellip;]\" \/>\n<meta property=\"og:url\" content=\"https:\/\/www.grandhoteloriente.it\/pt-pt\/restaurante\/\" \/>\n<meta property=\"og:site_name\" content=\"Grand Hotel Oriente\" \/>\n<meta name=\"twitter:card\" content=\"summary_large_image\" \/>\n<script type=\"application\/ld+json\" class=\"yoast-schema-graph\">{\"@context\":\"https:\/\/schema.org\",\"@graph\":[{\"@type\":\"WebPage\",\"@id\":\"https:\/\/www.grandhoteloriente.it\/pt-pt\/restaurante\/\",\"url\":\"https:\/\/www.grandhoteloriente.it\/pt-pt\/restaurante\/\",\"name\":\"Restaurante - Grand Hotel Oriente\",\"isPartOf\":{\"@id\":\"https:\/\/www.grandhoteloriente.it\/pt-pt\/#website\"},\"datePublished\":\"2020-04-14T15:54:36+00:00\",\"breadcrumb\":{\"@id\":\"https:\/\/www.grandhoteloriente.it\/pt-pt\/restaurante\/#breadcrumb\"},\"inLanguage\":\"pt-PT\",\"potentialAction\":[{\"@type\":\"ReadAction\",\"target\":[\"https:\/\/www.grandhoteloriente.it\/pt-pt\/restaurante\/\"]}]},{\"@type\":\"BreadcrumbList\",\"@id\":\"https:\/\/www.grandhoteloriente.it\/pt-pt\/restaurante\/#breadcrumb\",\"itemListElement\":[{\"@type\":\"ListItem\",\"position\":1,\"name\":\"Home\",\"item\":\"https:\/\/www.grandhoteloriente.it\/pt-pt\/\"},{\"@type\":\"ListItem\",\"position\":2,\"name\":\"Restaurante\"}]},{\"@type\":\"WebSite\",\"@id\":\"https:\/\/www.grandhoteloriente.it\/pt-pt\/#website\",\"url\":\"https:\/\/www.grandhoteloriente.it\/pt-pt\/\",\"name\":\"Grand Hotel Oriente\",\"description\":\"Ecco un altro sito ms.decms.eu\",\"potentialAction\":[{\"@type\":\"SearchAction\",\"target\":{\"@type\":\"EntryPoint\",\"urlTemplate\":\"https:\/\/www.grandhoteloriente.it\/pt-pt\/?s={search_term_string}\"},\"query-input\":{\"@type\":\"PropertyValueSpecification\",\"valueRequired\":true,\"valueName\":\"search_term_string\"}}],\"inLanguage\":\"pt-PT\"}]}<\/script>\n<!-- \/ Yoast SEO plugin. -->","yoast_head_json":{"title":"Restaurante - Grand Hotel Oriente","robots":{"index":"index","follow":"follow","max-snippet":"max-snippet:-1","max-image-preview":"max-image-preview:large","max-video-preview":"max-video-preview:-1"},"canonical":"https:\/\/www.grandhoteloriente.it\/pt-pt\/restaurante\/","og_locale":"pt_PT","og_type":"article","og_title":"Restaurante - Grand Hotel Oriente","og_description":"Delicioso, com cores suaves, dedicado ao pequeno-almo\u00e7o, o restauranteGrand Hotel Oriente tem a sua sala ampla e panor\u00e2mica no nono andar. Ideal para eventos, com uma cozinha atenta \u00e0 qualidade das mat\u00e9rias-primas e \u00e0 leveza das receitas, serve refei\u00e7\u00f5es ligeiras e de grande conte\u00fado. Pratos t\u00edpicos e criatividade s\u00e3o combinados com o prazer de um [&hellip;]","og_url":"https:\/\/www.grandhoteloriente.it\/pt-pt\/restaurante\/","og_site_name":"Grand Hotel Oriente","twitter_card":"summary_large_image","schema":{"@context":"https:\/\/schema.org","@graph":[{"@type":"WebPage","@id":"https:\/\/www.grandhoteloriente.it\/pt-pt\/restaurante\/","url":"https:\/\/www.grandhoteloriente.it\/pt-pt\/restaurante\/","name":"Restaurante - Grand Hotel Oriente","isPartOf":{"@id":"https:\/\/www.grandhoteloriente.it\/pt-pt\/#website"},"datePublished":"2020-04-14T15:54:36+00:00","breadcrumb":{"@id":"https:\/\/www.grandhoteloriente.it\/pt-pt\/restaurante\/#breadcrumb"},"inLanguage":"pt-PT","potentialAction":[{"@type":"ReadAction","target":["https:\/\/www.grandhoteloriente.it\/pt-pt\/restaurante\/"]}]},{"@type":"BreadcrumbList","@id":"https:\/\/www.grandhoteloriente.it\/pt-pt\/restaurante\/#breadcrumb","itemListElement":[{"@type":"ListItem","position":1,"name":"Home","item":"https:\/\/www.grandhoteloriente.it\/pt-pt\/"},{"@type":"ListItem","position":2,"name":"Restaurante"}]},{"@type":"WebSite","@id":"https:\/\/www.grandhoteloriente.it\/pt-pt\/#website","url":"https:\/\/www.grandhoteloriente.it\/pt-pt\/","name":"Grand Hotel Oriente","description":"Ecco un altro sito ms.decms.eu","potentialAction":[{"@type":"SearchAction","target":{"@type":"EntryPoint","urlTemplate":"https:\/\/www.grandhoteloriente.it\/pt-pt\/?s={search_term_string}"},"query-input":{"@type":"PropertyValueSpecification","valueRequired":true,"valueName":"search_term_string"}}],"inLanguage":"pt-PT"}]}},"acf":[],"_links":{"self":[{"href":"https:\/\/www.grandhoteloriente.it\/pt-pt\/wp-json\/wp\/v2\/pages\/143","targetHints":{"allow":["GET"]}}],"collection":[{"href":"https:\/\/www.grandhoteloriente.it\/pt-pt\/wp-json\/wp\/v2\/pages"}],"about":[{"href":"https:\/\/www.grandhoteloriente.it\/pt-pt\/wp-json\/wp\/v2\/types\/page"}],"author":[{"embeddable":true,"href":"https:\/\/www.grandhoteloriente.it\/pt-pt\/wp-json\/wp\/v2\/users\/13"}],"replies":[{"embeddable":true,"href":"https:\/\/www.grandhoteloriente.it\/pt-pt\/wp-json\/wp\/v2\/comments?post=143"}],"version-history":[{"count":0,"href":"https:\/\/www.grandhoteloriente.it\/pt-pt\/wp-json\/wp\/v2\/pages\/143\/revisions"}],"wp:attachment":[{"href":"https:\/\/www.grandhoteloriente.it\/pt-pt\/wp-json\/wp\/v2\/media?parent=143"}],"curies":[{"name":"wp","href":"https:\/\/api.w.org\/{rel}","templated":true}]}}