{"id":73,"date":"2020-04-14T12:05:21","date_gmt":"2020-04-14T10:05:21","guid":{"rendered":"http:\/\/grandhoteloriente.ms.decms.eu\/?page_id=73"},"modified":"2022-12-09T12:47:55","modified_gmt":"2022-12-09T11:47:55","slug":"chambres-suites","status":"publish","type":"page","link":"https:\/\/www.grandhoteloriente.it\/fr\/chambres-suites\/","title":{"rendered":"Chambres &amp; Suites"},"content":{"rendered":"<p>Les chambres de style classique sont spacieuses et dot\u00e9es de toute sorte de confort et d\u2019\u00e9quipements technologiques.<\/p>\n<p>Depuis les terrasses des chambres situ\u00e9es aux \u00e9tages sup\u00e9rieurs et depuis les suites, on peut admirer un <b>magnifique panorama<\/b> de la ville<\/p>\n<p>Les chambres du Grand H\u00f4tel Oriente deviennent de vrais lieux d\u2019intimit\u00e9 pour se d\u00e9tendre apr\u00e8s une journ\u00e9e de travail ou une visite de la ville de Naples.<\/p>\n","protected":false},"excerpt":{"rendered":"<p>Les chambres de style classique sont spacieuses et dot\u00e9es de toute sorte de confort et d\u2019\u00e9quipements technologiques. Depuis les terrasses des chambres situ\u00e9es aux \u00e9tages sup\u00e9rieurs et depuis les suites, on peut admirer un magnifique panorama de la ville Les chambres du Grand H\u00f4tel Oriente deviennent de vrais lieux d\u2019intimit\u00e9 pour se d\u00e9tendre apr\u00e8s une [&hellip;]<\/p>\n","protected":false},"author":13,"featured_media":0,"parent":0,"menu_order":3,"comment_status":"closed","ping_status":"closed","template":"template-rooms.php","meta":{"footnotes":""},"class_list":["post-73","page","type-page","status-publish","hentry"],"yoast_head":"<!-- This site is optimized with the Yoast SEO plugin v26.9 - https:\/\/yoast.com\/product\/yoast-seo-wordpress\/ -->\n<title>Chambres &amp; Suites - Grand Hotel Oriente<\/title>\n<meta name=\"robots\" content=\"index, follow, max-snippet:-1, max-image-preview:large, max-video-preview:-1\" \/>\n<link rel=\"canonical\" href=\"https:\/\/www.grandhoteloriente.it\/fr\/chambres-suites\/\" \/>\n<meta property=\"og:locale\" content=\"fr_FR\" \/>\n<meta property=\"og:type\" content=\"article\" \/>\n<meta property=\"og:title\" content=\"Chambres &amp; Suites - Grand Hotel Oriente\" \/>\n<meta property=\"og:description\" content=\"Les chambres de style classique sont spacieuses et dot\u00e9es de toute sorte de confort et d\u2019\u00e9quipements technologiques. Depuis les terrasses des chambres situ\u00e9es aux \u00e9tages sup\u00e9rieurs et depuis les suites, on peut admirer un magnifique panorama de la ville Les chambres du Grand H\u00f4tel Oriente deviennent de vrais lieux d\u2019intimit\u00e9 pour se d\u00e9tendre apr\u00e8s une [&hellip;]\" \/>\n<meta property=\"og:url\" content=\"https:\/\/www.grandhoteloriente.it\/fr\/chambres-suites\/\" \/>\n<meta property=\"og:site_name\" content=\"Grand Hotel Oriente\" \/>\n<meta property=\"article:modified_time\" content=\"2022-12-09T11:47:55+00:00\" \/>\n<meta name=\"twitter:card\" content=\"summary_large_image\" \/>\n<meta name=\"twitter:label1\" content=\"Dur\u00e9e de lecture estim\u00e9e\" \/>\n\t<meta name=\"twitter:data1\" content=\"1 minute\" \/>\n<script type=\"application\/ld+json\" class=\"yoast-schema-graph\">{\"@context\":\"https:\/\/schema.org\",\"@graph\":[{\"@type\":\"WebPage\",\"@id\":\"https:\/\/www.grandhoteloriente.it\/fr\/chambres-suites\/\",\"url\":\"https:\/\/www.grandhoteloriente.it\/fr\/chambres-suites\/\",\"name\":\"Chambres &amp; Suites - Grand Hotel Oriente\",\"isPartOf\":{\"@id\":\"https:\/\/www.grandhoteloriente.it\/fr\/#website\"},\"datePublished\":\"2020-04-14T10:05:21+00:00\",\"dateModified\":\"2022-12-09T11:47:55+00:00\",\"breadcrumb\":{\"@id\":\"https:\/\/www.grandhoteloriente.it\/fr\/chambres-suites\/#breadcrumb\"},\"inLanguage\":\"fr-FR\",\"potentialAction\":[{\"@type\":\"ReadAction\",\"target\":[\"https:\/\/www.grandhoteloriente.it\/fr\/chambres-suites\/\"]}]},{\"@type\":\"BreadcrumbList\",\"@id\":\"https:\/\/www.grandhoteloriente.it\/fr\/chambres-suites\/#breadcrumb\",\"itemListElement\":[{\"@type\":\"ListItem\",\"position\":1,\"name\":\"Home\",\"item\":\"https:\/\/www.grandhoteloriente.it\/fr\/\"},{\"@type\":\"ListItem\",\"position\":2,\"name\":\"Chambres &amp; Suites\"}]},{\"@type\":\"WebSite\",\"@id\":\"https:\/\/www.grandhoteloriente.it\/fr\/#website\",\"url\":\"https:\/\/www.grandhoteloriente.it\/fr\/\",\"name\":\"Grand Hotel Oriente\",\"description\":\"Ecco un altro sito ms.decms.eu\",\"potentialAction\":[{\"@type\":\"SearchAction\",\"target\":{\"@type\":\"EntryPoint\",\"urlTemplate\":\"https:\/\/www.grandhoteloriente.it\/fr\/?s={search_term_string}\"},\"query-input\":{\"@type\":\"PropertyValueSpecification\",\"valueRequired\":true,\"valueName\":\"search_term_string\"}}],\"inLanguage\":\"fr-FR\"}]}<\/script>\n<!-- \/ Yoast SEO plugin. -->","yoast_head_json":{"title":"Chambres &amp; Suites - Grand Hotel Oriente","robots":{"index":"index","follow":"follow","max-snippet":"max-snippet:-1","max-image-preview":"max-image-preview:large","max-video-preview":"max-video-preview:-1"},"canonical":"https:\/\/www.grandhoteloriente.it\/fr\/chambres-suites\/","og_locale":"fr_FR","og_type":"article","og_title":"Chambres &amp; Suites - Grand Hotel Oriente","og_description":"Les chambres de style classique sont spacieuses et dot\u00e9es de toute sorte de confort et d\u2019\u00e9quipements technologiques. Depuis les terrasses des chambres situ\u00e9es aux \u00e9tages sup\u00e9rieurs et depuis les suites, on peut admirer un magnifique panorama de la ville Les chambres du Grand H\u00f4tel Oriente deviennent de vrais lieux d\u2019intimit\u00e9 pour se d\u00e9tendre apr\u00e8s une [&hellip;]","og_url":"https:\/\/www.grandhoteloriente.it\/fr\/chambres-suites\/","og_site_name":"Grand Hotel Oriente","article_modified_time":"2022-12-09T11:47:55+00:00","twitter_card":"summary_large_image","twitter_misc":{"Dur\u00e9e de lecture estim\u00e9e":"1 minute"},"schema":{"@context":"https:\/\/schema.org","@graph":[{"@type":"WebPage","@id":"https:\/\/www.grandhoteloriente.it\/fr\/chambres-suites\/","url":"https:\/\/www.grandhoteloriente.it\/fr\/chambres-suites\/","name":"Chambres &amp; Suites - Grand Hotel Oriente","isPartOf":{"@id":"https:\/\/www.grandhoteloriente.it\/fr\/#website"},"datePublished":"2020-04-14T10:05:21+00:00","dateModified":"2022-12-09T11:47:55+00:00","breadcrumb":{"@id":"https:\/\/www.grandhoteloriente.it\/fr\/chambres-suites\/#breadcrumb"},"inLanguage":"fr-FR","potentialAction":[{"@type":"ReadAction","target":["https:\/\/www.grandhoteloriente.it\/fr\/chambres-suites\/"]}]},{"@type":"BreadcrumbList","@id":"https:\/\/www.grandhoteloriente.it\/fr\/chambres-suites\/#breadcrumb","itemListElement":[{"@type":"ListItem","position":1,"name":"Home","item":"https:\/\/www.grandhoteloriente.it\/fr\/"},{"@type":"ListItem","position":2,"name":"Chambres &amp; Suites"}]},{"@type":"WebSite","@id":"https:\/\/www.grandhoteloriente.it\/fr\/#website","url":"https:\/\/www.grandhoteloriente.it\/fr\/","name":"Grand Hotel Oriente","description":"Ecco un altro sito ms.decms.eu","potentialAction":[{"@type":"SearchAction","target":{"@type":"EntryPoint","urlTemplate":"https:\/\/www.grandhoteloriente.it\/fr\/?s={search_term_string}"},"query-input":{"@type":"PropertyValueSpecification","valueRequired":true,"valueName":"search_term_string"}}],"inLanguage":"fr-FR"}]}},"acf":[],"_links":{"self":[{"href":"https:\/\/www.grandhoteloriente.it\/fr\/wp-json\/wp\/v2\/pages\/73","targetHints":{"allow":["GET"]}}],"collection":[{"href":"https:\/\/www.grandhoteloriente.it\/fr\/wp-json\/wp\/v2\/pages"}],"about":[{"href":"https:\/\/www.grandhoteloriente.it\/fr\/wp-json\/wp\/v2\/types\/page"}],"author":[{"embeddable":true,"href":"https:\/\/www.grandhoteloriente.it\/fr\/wp-json\/wp\/v2\/users\/13"}],"replies":[{"embeddable":true,"href":"https:\/\/www.grandhoteloriente.it\/fr\/wp-json\/wp\/v2\/comments?post=73"}],"version-history":[{"count":0,"href":"https:\/\/www.grandhoteloriente.it\/fr\/wp-json\/wp\/v2\/pages\/73\/revisions"}],"wp:attachment":[{"href":"https:\/\/www.grandhoteloriente.it\/fr\/wp-json\/wp\/v2\/media?parent=73"}],"curies":[{"name":"wp","href":"https:\/\/api.w.org\/{rel}","templated":true}]}}