{"id":65,"date":"2020-04-14T11:38:49","date_gmt":"2020-04-14T09:38:49","guid":{"rendered":"http:\/\/grandhoteloriente.ms.decms.eu\/?page_id=65"},"modified":"2020-04-14T11:38:49","modified_gmt":"2020-04-14T09:38:49","slug":"grand-hotel-oriente","status":"publish","type":"page","link":"https:\/\/www.grandhoteloriente.it\/fr\/","title":{"rendered":"Grand H\u00f4tel Oriente"},"content":{"rendered":"<p>Dans le centre historique de Naples, l\u2019<b>h\u00f4tel 4 \u00e9toiles<\/b> <b>Grand H\u00f4tel Oriente<\/b> est le th\u00e9\u00e2tre d\u2019une vie napolitaine tr\u00e9pidante et dynamique.<\/p>\n<p>Gr\u00e2ce \u00e0 sa position strat\u00e9gique, \u00e0 proximit\u00e9 des lieux d\u2019art, de culture et des commerces, cet h\u00f4tel r\u00e9nov\u00e9 r\u00e9cemment associe les exigences des touristes aux besoin de ceux qui font une halte dans la <b>splendide ville de Naples<\/b> pour des raisons professionnelles.<\/p>\n<p>D\u00e8s sa cr\u00e9ation dans les ann\u00e9es 40, son emplacement id\u00e9al, <b>\u00e0 seulement 2 minutes de la station de m\u00e9tro TOLEDO<\/b>, sa sobri\u00e9t\u00e9 et la simplicit\u00e9 de ses espaces, ajout\u00e9s \u00e0 sa qualit\u00e9 de service, ont fait du Grand H\u00f4tel Oriente un lieu de s\u00e9jour de pr\u00e9dilection pour la client\u00e8le internationale.<\/p>\n","protected":false},"excerpt":{"rendered":"<p>Dans le centre historique de Naples, l\u2019h\u00f4tel 4 \u00e9toiles Grand H\u00f4tel Oriente est le th\u00e9\u00e2tre d\u2019une vie napolitaine tr\u00e9pidante et dynamique. Gr\u00e2ce \u00e0 sa position strat\u00e9gique, \u00e0 proximit\u00e9 des lieux d\u2019art, de culture et des commerces, cet h\u00f4tel r\u00e9nov\u00e9 r\u00e9cemment associe les exigences des touristes aux besoin de ceux qui font une halte dans la [&hellip;]<\/p>\n","protected":false},"author":13,"featured_media":0,"parent":0,"menu_order":1,"comment_status":"closed","ping_status":"open","template":"","meta":{"footnotes":""},"class_list":["post-65","page","type-page","status-publish","hentry"],"yoast_head":"<!-- This site is optimized with the Yoast SEO plugin v26.9 - https:\/\/yoast.com\/product\/yoast-seo-wordpress\/ -->\n<title>Grand H\u00f4tel Oriente - Grand Hotel Oriente<\/title>\n<meta name=\"robots\" content=\"index, follow, max-snippet:-1, max-image-preview:large, max-video-preview:-1\" \/>\n<link rel=\"canonical\" href=\"https:\/\/www.grandhoteloriente.it\/fr\/\" \/>\n<meta property=\"og:locale\" content=\"fr_FR\" \/>\n<meta property=\"og:type\" content=\"article\" \/>\n<meta property=\"og:title\" content=\"Grand H\u00f4tel Oriente - Grand Hotel Oriente\" \/>\n<meta property=\"og:description\" content=\"Dans le centre historique de Naples, l\u2019h\u00f4tel 4 \u00e9toiles Grand H\u00f4tel Oriente est le th\u00e9\u00e2tre d\u2019une vie napolitaine tr\u00e9pidante et dynamique. Gr\u00e2ce \u00e0 sa position strat\u00e9gique, \u00e0 proximit\u00e9 des lieux d\u2019art, de culture et des commerces, cet h\u00f4tel r\u00e9nov\u00e9 r\u00e9cemment associe les exigences des touristes aux besoin de ceux qui font une halte dans la [&hellip;]\" \/>\n<meta property=\"og:url\" content=\"https:\/\/www.grandhoteloriente.it\/fr\/\" \/>\n<meta property=\"og:site_name\" content=\"Grand Hotel Oriente\" \/>\n<meta name=\"twitter:card\" content=\"summary_large_image\" \/>\n<meta name=\"twitter:label1\" content=\"Dur\u00e9e de lecture estim\u00e9e\" \/>\n\t<meta name=\"twitter:data1\" content=\"1 minute\" \/>\n<script type=\"application\/ld+json\" class=\"yoast-schema-graph\">{\"@context\":\"https:\/\/schema.org\",\"@graph\":[{\"@type\":\"WebPage\",\"@id\":\"https:\/\/www.grandhoteloriente.it\/fr\/\",\"url\":\"https:\/\/www.grandhoteloriente.it\/fr\/\",\"name\":\"Grand H\u00f4tel Oriente - Grand Hotel Oriente\",\"isPartOf\":{\"@id\":\"https:\/\/www.grandhoteloriente.it\/fr\/#website\"},\"datePublished\":\"2020-04-14T09:38:49+00:00\",\"breadcrumb\":{\"@id\":\"https:\/\/www.grandhoteloriente.it\/fr\/#breadcrumb\"},\"inLanguage\":\"fr-FR\",\"potentialAction\":[{\"@type\":\"ReadAction\",\"target\":[\"https:\/\/www.grandhoteloriente.it\/fr\/\"]}]},{\"@type\":\"BreadcrumbList\",\"@id\":\"https:\/\/www.grandhoteloriente.it\/fr\/#breadcrumb\",\"itemListElement\":[{\"@type\":\"ListItem\",\"position\":1,\"name\":\"Home\",\"item\":\"https:\/\/www.grandhoteloriente.it\/fr\/\"},{\"@type\":\"ListItem\",\"position\":2,\"name\":\"Grand H\u00f4tel Oriente\"}]},{\"@type\":\"WebSite\",\"@id\":\"https:\/\/www.grandhoteloriente.it\/fr\/#website\",\"url\":\"https:\/\/www.grandhoteloriente.it\/fr\/\",\"name\":\"Grand Hotel Oriente\",\"description\":\"Ecco un altro sito ms.decms.eu\",\"potentialAction\":[{\"@type\":\"SearchAction\",\"target\":{\"@type\":\"EntryPoint\",\"urlTemplate\":\"https:\/\/www.grandhoteloriente.it\/fr\/?s={search_term_string}\"},\"query-input\":{\"@type\":\"PropertyValueSpecification\",\"valueRequired\":true,\"valueName\":\"search_term_string\"}}],\"inLanguage\":\"fr-FR\"}]}<\/script>\n<!-- \/ Yoast SEO plugin. -->","yoast_head_json":{"title":"Grand H\u00f4tel Oriente - Grand Hotel Oriente","robots":{"index":"index","follow":"follow","max-snippet":"max-snippet:-1","max-image-preview":"max-image-preview:large","max-video-preview":"max-video-preview:-1"},"canonical":"https:\/\/www.grandhoteloriente.it\/fr\/","og_locale":"fr_FR","og_type":"article","og_title":"Grand H\u00f4tel Oriente - Grand Hotel Oriente","og_description":"Dans le centre historique de Naples, l\u2019h\u00f4tel 4 \u00e9toiles Grand H\u00f4tel Oriente est le th\u00e9\u00e2tre d\u2019une vie napolitaine tr\u00e9pidante et dynamique. Gr\u00e2ce \u00e0 sa position strat\u00e9gique, \u00e0 proximit\u00e9 des lieux d\u2019art, de culture et des commerces, cet h\u00f4tel r\u00e9nov\u00e9 r\u00e9cemment associe les exigences des touristes aux besoin de ceux qui font une halte dans la [&hellip;]","og_url":"https:\/\/www.grandhoteloriente.it\/fr\/","og_site_name":"Grand Hotel Oriente","twitter_card":"summary_large_image","twitter_misc":{"Dur\u00e9e de lecture estim\u00e9e":"1 minute"},"schema":{"@context":"https:\/\/schema.org","@graph":[{"@type":"WebPage","@id":"https:\/\/www.grandhoteloriente.it\/fr\/","url":"https:\/\/www.grandhoteloriente.it\/fr\/","name":"Grand H\u00f4tel Oriente - Grand Hotel Oriente","isPartOf":{"@id":"https:\/\/www.grandhoteloriente.it\/fr\/#website"},"datePublished":"2020-04-14T09:38:49+00:00","breadcrumb":{"@id":"https:\/\/www.grandhoteloriente.it\/fr\/#breadcrumb"},"inLanguage":"fr-FR","potentialAction":[{"@type":"ReadAction","target":["https:\/\/www.grandhoteloriente.it\/fr\/"]}]},{"@type":"BreadcrumbList","@id":"https:\/\/www.grandhoteloriente.it\/fr\/#breadcrumb","itemListElement":[{"@type":"ListItem","position":1,"name":"Home","item":"https:\/\/www.grandhoteloriente.it\/fr\/"},{"@type":"ListItem","position":2,"name":"Grand H\u00f4tel Oriente"}]},{"@type":"WebSite","@id":"https:\/\/www.grandhoteloriente.it\/fr\/#website","url":"https:\/\/www.grandhoteloriente.it\/fr\/","name":"Grand Hotel Oriente","description":"Ecco un altro sito ms.decms.eu","potentialAction":[{"@type":"SearchAction","target":{"@type":"EntryPoint","urlTemplate":"https:\/\/www.grandhoteloriente.it\/fr\/?s={search_term_string}"},"query-input":{"@type":"PropertyValueSpecification","valueRequired":true,"valueName":"search_term_string"}}],"inLanguage":"fr-FR"}]}},"acf":[],"_links":{"self":[{"href":"https:\/\/www.grandhoteloriente.it\/fr\/wp-json\/wp\/v2\/pages\/65","targetHints":{"allow":["GET"]}}],"collection":[{"href":"https:\/\/www.grandhoteloriente.it\/fr\/wp-json\/wp\/v2\/pages"}],"about":[{"href":"https:\/\/www.grandhoteloriente.it\/fr\/wp-json\/wp\/v2\/types\/page"}],"author":[{"embeddable":true,"href":"https:\/\/www.grandhoteloriente.it\/fr\/wp-json\/wp\/v2\/users\/13"}],"replies":[{"embeddable":true,"href":"https:\/\/www.grandhoteloriente.it\/fr\/wp-json\/wp\/v2\/comments?post=65"}],"version-history":[{"count":0,"href":"https:\/\/www.grandhoteloriente.it\/fr\/wp-json\/wp\/v2\/pages\/65\/revisions"}],"wp:attachment":[{"href":"https:\/\/www.grandhoteloriente.it\/fr\/wp-json\/wp\/v2\/media?parent=65"}],"curies":[{"name":"wp","href":"https:\/\/api.w.org\/{rel}","templated":true}]}}