{"id":170,"date":"2020-04-15T11:02:31","date_gmt":"2020-04-15T09:02:31","guid":{"rendered":"http:\/\/grandhoteloriente.ms.decms.eu\/?page_id=170"},"modified":"2020-04-15T12:11:01","modified_gmt":"2020-04-15T10:11:01","slug":"localisation-e-contacts","status":"publish","type":"page","link":"https:\/\/www.grandhoteloriente.it\/fr\/localisation-e-contacts\/","title":{"rendered":"Localisation e Contacts"},"content":{"rendered":"<p>Le Grand H\u00f4tel Oriente est situ\u00e9 dans le centre historique de Naples, \u00e0 deux pas de la Bourse, du port et des principales rues commer\u00e7antes.<\/p>\n<p><b>Distances entre l\u2019h\u00f4tel et les principaux points d\u2019int\u00e9r\u00eat :<\/b><\/p>\n<p><i>Stations de m\u00e9tro<\/i><br \/>\nToledo (Via Toledo) 150 m<br \/>\ndepuis d\u00e9cembre 2013, deux stations et 8 minutes seulement pour arriver chez nous depuis la Gare Centrale de Naples<br \/>\nCentrale (Piazza Garibaldi) 2 km<br \/>\nMergellina (secteur du front de mer) 5 km<br \/>\nCampi Flegrei (secteur du stade et du parc des expositions) 6 km<\/p>\n<p><i>Autoroutes<\/i><br \/>\nA1 Milan-Rome 4 km<br \/>\nA3 Reggio de Calabre 4 km<br \/>\nA16 Salerne, Tarante, Foggia 4 km<\/p>\n<p><i>A\u00e9roport<\/i><br \/>\nA\u00e9roport International de Naples \u2013 Capodichino 8 km<\/p>\n","protected":false},"excerpt":{"rendered":"<p>Le Grand H\u00f4tel Oriente est situ\u00e9 dans le centre historique de Naples, \u00e0 deux pas de la Bourse, du port et des principales rues commer\u00e7antes. Distances entre l\u2019h\u00f4tel et les principaux points d\u2019int\u00e9r\u00eat : Stations de m\u00e9tro Toledo (Via Toledo) 150 m depuis d\u00e9cembre 2013, deux stations et 8 minutes seulement pour arriver chez nous [&hellip;]<\/p>\n","protected":false},"author":13,"featured_media":0,"parent":0,"menu_order":11,"comment_status":"closed","ping_status":"closed","template":"template-contacts.php","meta":{"footnotes":""},"class_list":["post-170","page","type-page","status-publish","hentry"],"yoast_head":"<!-- This site is optimized with the Yoast SEO plugin v26.9 - https:\/\/yoast.com\/product\/yoast-seo-wordpress\/ -->\n<title>Localisation e Contacts - Grand Hotel Oriente<\/title>\n<meta name=\"robots\" content=\"index, follow, max-snippet:-1, max-image-preview:large, max-video-preview:-1\" \/>\n<link rel=\"canonical\" href=\"https:\/\/www.grandhoteloriente.it\/fr\/localisation-e-contacts\/\" \/>\n<meta property=\"og:locale\" content=\"fr_FR\" \/>\n<meta property=\"og:type\" content=\"article\" \/>\n<meta property=\"og:title\" content=\"Localisation e Contacts - Grand Hotel Oriente\" \/>\n<meta property=\"og:description\" content=\"Le Grand H\u00f4tel Oriente est situ\u00e9 dans le centre historique de Naples, \u00e0 deux pas de la Bourse, du port et des principales rues commer\u00e7antes. Distances entre l\u2019h\u00f4tel et les principaux points d\u2019int\u00e9r\u00eat : Stations de m\u00e9tro Toledo (Via Toledo) 150 m depuis d\u00e9cembre 2013, deux stations et 8 minutes seulement pour arriver chez nous [&hellip;]\" \/>\n<meta property=\"og:url\" content=\"https:\/\/www.grandhoteloriente.it\/fr\/localisation-e-contacts\/\" \/>\n<meta property=\"og:site_name\" content=\"Grand Hotel Oriente\" \/>\n<meta property=\"article:modified_time\" content=\"2020-04-15T10:11:01+00:00\" \/>\n<meta name=\"twitter:card\" content=\"summary_large_image\" \/>\n<meta name=\"twitter:label1\" content=\"Dur\u00e9e de lecture estim\u00e9e\" \/>\n\t<meta name=\"twitter:data1\" content=\"1 minute\" \/>\n<script type=\"application\/ld+json\" class=\"yoast-schema-graph\">{\"@context\":\"https:\/\/schema.org\",\"@graph\":[{\"@type\":\"WebPage\",\"@id\":\"https:\/\/www.grandhoteloriente.it\/fr\/localisation-e-contacts\/\",\"url\":\"https:\/\/www.grandhoteloriente.it\/fr\/localisation-e-contacts\/\",\"name\":\"Localisation e Contacts - Grand Hotel Oriente\",\"isPartOf\":{\"@id\":\"https:\/\/www.grandhoteloriente.it\/fr\/#website\"},\"datePublished\":\"2020-04-15T09:02:31+00:00\",\"dateModified\":\"2020-04-15T10:11:01+00:00\",\"breadcrumb\":{\"@id\":\"https:\/\/www.grandhoteloriente.it\/fr\/localisation-e-contacts\/#breadcrumb\"},\"inLanguage\":\"fr-FR\",\"potentialAction\":[{\"@type\":\"ReadAction\",\"target\":[\"https:\/\/www.grandhoteloriente.it\/fr\/localisation-e-contacts\/\"]}]},{\"@type\":\"BreadcrumbList\",\"@id\":\"https:\/\/www.grandhoteloriente.it\/fr\/localisation-e-contacts\/#breadcrumb\",\"itemListElement\":[{\"@type\":\"ListItem\",\"position\":1,\"name\":\"Home\",\"item\":\"https:\/\/www.grandhoteloriente.it\/fr\/\"},{\"@type\":\"ListItem\",\"position\":2,\"name\":\"Localisation e Contacts\"}]},{\"@type\":\"WebSite\",\"@id\":\"https:\/\/www.grandhoteloriente.it\/fr\/#website\",\"url\":\"https:\/\/www.grandhoteloriente.it\/fr\/\",\"name\":\"Grand Hotel Oriente\",\"description\":\"Ecco un altro sito ms.decms.eu\",\"potentialAction\":[{\"@type\":\"SearchAction\",\"target\":{\"@type\":\"EntryPoint\",\"urlTemplate\":\"https:\/\/www.grandhoteloriente.it\/fr\/?s={search_term_string}\"},\"query-input\":{\"@type\":\"PropertyValueSpecification\",\"valueRequired\":true,\"valueName\":\"search_term_string\"}}],\"inLanguage\":\"fr-FR\"}]}<\/script>\n<!-- \/ Yoast SEO plugin. -->","yoast_head_json":{"title":"Localisation e Contacts - Grand Hotel Oriente","robots":{"index":"index","follow":"follow","max-snippet":"max-snippet:-1","max-image-preview":"max-image-preview:large","max-video-preview":"max-video-preview:-1"},"canonical":"https:\/\/www.grandhoteloriente.it\/fr\/localisation-e-contacts\/","og_locale":"fr_FR","og_type":"article","og_title":"Localisation e Contacts - Grand Hotel Oriente","og_description":"Le Grand H\u00f4tel Oriente est situ\u00e9 dans le centre historique de Naples, \u00e0 deux pas de la Bourse, du port et des principales rues commer\u00e7antes. Distances entre l\u2019h\u00f4tel et les principaux points d\u2019int\u00e9r\u00eat : Stations de m\u00e9tro Toledo (Via Toledo) 150 m depuis d\u00e9cembre 2013, deux stations et 8 minutes seulement pour arriver chez nous [&hellip;]","og_url":"https:\/\/www.grandhoteloriente.it\/fr\/localisation-e-contacts\/","og_site_name":"Grand Hotel Oriente","article_modified_time":"2020-04-15T10:11:01+00:00","twitter_card":"summary_large_image","twitter_misc":{"Dur\u00e9e de lecture estim\u00e9e":"1 minute"},"schema":{"@context":"https:\/\/schema.org","@graph":[{"@type":"WebPage","@id":"https:\/\/www.grandhoteloriente.it\/fr\/localisation-e-contacts\/","url":"https:\/\/www.grandhoteloriente.it\/fr\/localisation-e-contacts\/","name":"Localisation e Contacts - Grand Hotel Oriente","isPartOf":{"@id":"https:\/\/www.grandhoteloriente.it\/fr\/#website"},"datePublished":"2020-04-15T09:02:31+00:00","dateModified":"2020-04-15T10:11:01+00:00","breadcrumb":{"@id":"https:\/\/www.grandhoteloriente.it\/fr\/localisation-e-contacts\/#breadcrumb"},"inLanguage":"fr-FR","potentialAction":[{"@type":"ReadAction","target":["https:\/\/www.grandhoteloriente.it\/fr\/localisation-e-contacts\/"]}]},{"@type":"BreadcrumbList","@id":"https:\/\/www.grandhoteloriente.it\/fr\/localisation-e-contacts\/#breadcrumb","itemListElement":[{"@type":"ListItem","position":1,"name":"Home","item":"https:\/\/www.grandhoteloriente.it\/fr\/"},{"@type":"ListItem","position":2,"name":"Localisation e Contacts"}]},{"@type":"WebSite","@id":"https:\/\/www.grandhoteloriente.it\/fr\/#website","url":"https:\/\/www.grandhoteloriente.it\/fr\/","name":"Grand Hotel Oriente","description":"Ecco un altro sito ms.decms.eu","potentialAction":[{"@type":"SearchAction","target":{"@type":"EntryPoint","urlTemplate":"https:\/\/www.grandhoteloriente.it\/fr\/?s={search_term_string}"},"query-input":{"@type":"PropertyValueSpecification","valueRequired":true,"valueName":"search_term_string"}}],"inLanguage":"fr-FR"}]}},"acf":[],"_links":{"self":[{"href":"https:\/\/www.grandhoteloriente.it\/fr\/wp-json\/wp\/v2\/pages\/170","targetHints":{"allow":["GET"]}}],"collection":[{"href":"https:\/\/www.grandhoteloriente.it\/fr\/wp-json\/wp\/v2\/pages"}],"about":[{"href":"https:\/\/www.grandhoteloriente.it\/fr\/wp-json\/wp\/v2\/types\/page"}],"author":[{"embeddable":true,"href":"https:\/\/www.grandhoteloriente.it\/fr\/wp-json\/wp\/v2\/users\/13"}],"replies":[{"embeddable":true,"href":"https:\/\/www.grandhoteloriente.it\/fr\/wp-json\/wp\/v2\/comments?post=170"}],"version-history":[{"count":0,"href":"https:\/\/www.grandhoteloriente.it\/fr\/wp-json\/wp\/v2\/pages\/170\/revisions"}],"wp:attachment":[{"href":"https:\/\/www.grandhoteloriente.it\/fr\/wp-json\/wp\/v2\/media?parent=170"}],"curies":[{"name":"wp","href":"https:\/\/api.w.org\/{rel}","templated":true}]}}