{"id":160,"date":"2020-04-15T10:18:09","date_gmt":"2020-04-15T08:18:09","guid":{"rendered":"http:\/\/grandhoteloriente.ms.decms.eu\/?page_id=160"},"modified":"2020-04-15T10:18:09","modified_gmt":"2020-04-15T08:18:09","slug":"mariages","status":"publish","type":"page","link":"https:\/\/www.grandhoteloriente.it\/fr\/mariages\/","title":{"rendered":"Mariages"},"content":{"rendered":"<p>Les b\u00e2timents, \u00e9glises, rues, anciennes forteresses, lieux plein de charme et de myst\u00e8re font de Naples une source in\u00e9puisable de d\u00e9couvertes.<br \/>\nAu-del\u00e0 des choses \u00e0 voir, il y a des lieux qui sont des symboles de cette ville, parties int\u00e9grantes de son histoire, de la mythologie et des l\u00e9gendes qui l\u2019habitent.<br \/>\nOrganiser des c\u00e9r\u00e9monies et des banquets au Grand H\u00f4tel Oriente signifie \u00e9pouser la ville, choisir un univers unique et riche en sensations qui vous transmettra encore plus d\u2019\u00e9motion.<\/p>\n<p>&nbsp;<\/p>\n<p><b>Quelques unes de nos suggestions<\/b> :<\/p>\n<p><b>MENU BOUNGAVILLE<br \/>\n<\/b><i>Les ap\u00e9ritifs<\/i><\/p>\n<p><i>Salade de pouple finemente coup\u00e9e<\/i><br \/>\n<i>avec \u00ab cannellini \u00bb assaisonn\u00e9s au citron<\/i><br \/>\n<i>Risotto aux c\u00e8pes<\/i><br \/>\n<i>\u00ab mantecato \u00bb au fromage fum\u00e9<\/i><\/p>\n<p><i>\u00ab Schiaffoni \u00bb au \u00ab croccio \u00bb et fruits de mer<\/i><\/p>\n<p><i>Filet de bar en cro\u00fbte de pommes de terre au citron<\/i><\/p>\n<p><i>Artichauts saut\u00e9s<\/i><\/p>\n<p><i>Coupe de fruits rouges avec cr\u00e8me fouett\u00e9e au cointreau<\/i><\/p>\n<p><i>G\u00e2teau de mariage<\/i><\/p>\n<p><i>Caf\u00e9, Mignardises<\/i><\/p>\n<p>&nbsp;<\/p>\n<p><b>MENU TULIPANO<\/b><br \/>\n<i>Les ap\u00e9ritifs<\/i><\/p>\n<p><i>Tresse de mozzarella de buflonne en tranches<\/i><br \/>\n<i>Millefeuille d\u2019aubergines avec \u00ab profola \u00bb fum\u00e9e<\/i><br \/>\n<i>Salade de fruits de mer<\/i><br \/>\n<i>Moustache de saumon avec cro\u00fbtons au beurre d\u2019agrumes<\/i><br \/>\n<i>Diverses pizzas napolitaines<\/i><\/p>\n<p><i>Risotto \u00e0 la cr\u00e8me de langoustine<\/i><br \/>\n<i>Feuillet\u00e9s Gragnano aux truffes<\/i><br \/>\n<i>\u00ab Mezzitufoli \u00bb aux fleurs de courgette et fruits de mer<\/i><\/p>\n<p><i>Cochon de lait r\u00f4ti<\/i><br \/>\n<i>Bar farci \u00e0 la mode \u00ab bella vista \u00bb<\/i><\/p>\n<p><i>Pommes de terre nouvelles<\/i><br \/>\n<i>Mac\u00e9doine de l\u00e9gumes<\/i><br \/>\n<i>Petite salade campagnarde aux poires et aux noix<\/i><\/p>\n<p><i>Coupe de fruits frais<\/i><br \/>\n<i>Buffet de desserts<\/i><\/p>\n<p><i>G\u00e2teau de mariage<\/i><\/p>\n<p><i>Caf\u00e9 et mignardises<\/i><\/p>\n","protected":false},"excerpt":{"rendered":"<p>Les b\u00e2timents, \u00e9glises, rues, anciennes forteresses, lieux plein de charme et de myst\u00e8re font de Naples une source in\u00e9puisable de d\u00e9couvertes. Au-del\u00e0 des choses \u00e0 voir, il y a des lieux qui sont des symboles de cette ville, parties int\u00e9grantes de son histoire, de la mythologie et des l\u00e9gendes qui l\u2019habitent. Organiser des c\u00e9r\u00e9monies et [&hellip;]<\/p>\n","protected":false},"author":13,"featured_media":0,"parent":0,"menu_order":7,"comment_status":"closed","ping_status":"closed","template":"","meta":{"footnotes":""},"class_list":["post-160","page","type-page","status-publish","hentry"],"yoast_head":"<!-- This site is optimized with the Yoast SEO plugin v26.9 - https:\/\/yoast.com\/product\/yoast-seo-wordpress\/ -->\n<title>Mariages - Grand Hotel Oriente<\/title>\n<meta name=\"robots\" content=\"index, follow, max-snippet:-1, max-image-preview:large, max-video-preview:-1\" \/>\n<link rel=\"canonical\" href=\"https:\/\/www.grandhoteloriente.it\/fr\/mariages\/\" \/>\n<meta property=\"og:locale\" content=\"fr_FR\" \/>\n<meta property=\"og:type\" content=\"article\" \/>\n<meta property=\"og:title\" content=\"Mariages - Grand Hotel Oriente\" \/>\n<meta property=\"og:description\" content=\"Les b\u00e2timents, \u00e9glises, rues, anciennes forteresses, lieux plein de charme et de myst\u00e8re font de Naples une source in\u00e9puisable de d\u00e9couvertes. Au-del\u00e0 des choses \u00e0 voir, il y a des lieux qui sont des symboles de cette ville, parties int\u00e9grantes de son histoire, de la mythologie et des l\u00e9gendes qui l\u2019habitent. Organiser des c\u00e9r\u00e9monies et [&hellip;]\" \/>\n<meta property=\"og:url\" content=\"https:\/\/www.grandhoteloriente.it\/fr\/mariages\/\" \/>\n<meta property=\"og:site_name\" content=\"Grand Hotel Oriente\" \/>\n<meta name=\"twitter:card\" content=\"summary_large_image\" \/>\n<meta name=\"twitter:label1\" content=\"Dur\u00e9e de lecture estim\u00e9e\" \/>\n\t<meta name=\"twitter:data1\" content=\"1 minute\" \/>\n<script type=\"application\/ld+json\" class=\"yoast-schema-graph\">{\"@context\":\"https:\/\/schema.org\",\"@graph\":[{\"@type\":\"WebPage\",\"@id\":\"https:\/\/www.grandhoteloriente.it\/fr\/mariages\/\",\"url\":\"https:\/\/www.grandhoteloriente.it\/fr\/mariages\/\",\"name\":\"Mariages - Grand Hotel Oriente\",\"isPartOf\":{\"@id\":\"https:\/\/www.grandhoteloriente.it\/fr\/#website\"},\"datePublished\":\"2020-04-15T08:18:09+00:00\",\"breadcrumb\":{\"@id\":\"https:\/\/www.grandhoteloriente.it\/fr\/mariages\/#breadcrumb\"},\"inLanguage\":\"fr-FR\",\"potentialAction\":[{\"@type\":\"ReadAction\",\"target\":[\"https:\/\/www.grandhoteloriente.it\/fr\/mariages\/\"]}]},{\"@type\":\"BreadcrumbList\",\"@id\":\"https:\/\/www.grandhoteloriente.it\/fr\/mariages\/#breadcrumb\",\"itemListElement\":[{\"@type\":\"ListItem\",\"position\":1,\"name\":\"Home\",\"item\":\"https:\/\/www.grandhoteloriente.it\/fr\/\"},{\"@type\":\"ListItem\",\"position\":2,\"name\":\"Mariages\"}]},{\"@type\":\"WebSite\",\"@id\":\"https:\/\/www.grandhoteloriente.it\/fr\/#website\",\"url\":\"https:\/\/www.grandhoteloriente.it\/fr\/\",\"name\":\"Grand Hotel Oriente\",\"description\":\"Ecco un altro sito ms.decms.eu\",\"potentialAction\":[{\"@type\":\"SearchAction\",\"target\":{\"@type\":\"EntryPoint\",\"urlTemplate\":\"https:\/\/www.grandhoteloriente.it\/fr\/?s={search_term_string}\"},\"query-input\":{\"@type\":\"PropertyValueSpecification\",\"valueRequired\":true,\"valueName\":\"search_term_string\"}}],\"inLanguage\":\"fr-FR\"}]}<\/script>\n<!-- \/ Yoast SEO plugin. -->","yoast_head_json":{"title":"Mariages - Grand Hotel Oriente","robots":{"index":"index","follow":"follow","max-snippet":"max-snippet:-1","max-image-preview":"max-image-preview:large","max-video-preview":"max-video-preview:-1"},"canonical":"https:\/\/www.grandhoteloriente.it\/fr\/mariages\/","og_locale":"fr_FR","og_type":"article","og_title":"Mariages - Grand Hotel Oriente","og_description":"Les b\u00e2timents, \u00e9glises, rues, anciennes forteresses, lieux plein de charme et de myst\u00e8re font de Naples une source in\u00e9puisable de d\u00e9couvertes. Au-del\u00e0 des choses \u00e0 voir, il y a des lieux qui sont des symboles de cette ville, parties int\u00e9grantes de son histoire, de la mythologie et des l\u00e9gendes qui l\u2019habitent. Organiser des c\u00e9r\u00e9monies et [&hellip;]","og_url":"https:\/\/www.grandhoteloriente.it\/fr\/mariages\/","og_site_name":"Grand Hotel Oriente","twitter_card":"summary_large_image","twitter_misc":{"Dur\u00e9e de lecture estim\u00e9e":"1 minute"},"schema":{"@context":"https:\/\/schema.org","@graph":[{"@type":"WebPage","@id":"https:\/\/www.grandhoteloriente.it\/fr\/mariages\/","url":"https:\/\/www.grandhoteloriente.it\/fr\/mariages\/","name":"Mariages - Grand Hotel Oriente","isPartOf":{"@id":"https:\/\/www.grandhoteloriente.it\/fr\/#website"},"datePublished":"2020-04-15T08:18:09+00:00","breadcrumb":{"@id":"https:\/\/www.grandhoteloriente.it\/fr\/mariages\/#breadcrumb"},"inLanguage":"fr-FR","potentialAction":[{"@type":"ReadAction","target":["https:\/\/www.grandhoteloriente.it\/fr\/mariages\/"]}]},{"@type":"BreadcrumbList","@id":"https:\/\/www.grandhoteloriente.it\/fr\/mariages\/#breadcrumb","itemListElement":[{"@type":"ListItem","position":1,"name":"Home","item":"https:\/\/www.grandhoteloriente.it\/fr\/"},{"@type":"ListItem","position":2,"name":"Mariages"}]},{"@type":"WebSite","@id":"https:\/\/www.grandhoteloriente.it\/fr\/#website","url":"https:\/\/www.grandhoteloriente.it\/fr\/","name":"Grand Hotel Oriente","description":"Ecco un altro sito ms.decms.eu","potentialAction":[{"@type":"SearchAction","target":{"@type":"EntryPoint","urlTemplate":"https:\/\/www.grandhoteloriente.it\/fr\/?s={search_term_string}"},"query-input":{"@type":"PropertyValueSpecification","valueRequired":true,"valueName":"search_term_string"}}],"inLanguage":"fr-FR"}]}},"acf":[],"_links":{"self":[{"href":"https:\/\/www.grandhoteloriente.it\/fr\/wp-json\/wp\/v2\/pages\/160","targetHints":{"allow":["GET"]}}],"collection":[{"href":"https:\/\/www.grandhoteloriente.it\/fr\/wp-json\/wp\/v2\/pages"}],"about":[{"href":"https:\/\/www.grandhoteloriente.it\/fr\/wp-json\/wp\/v2\/types\/page"}],"author":[{"embeddable":true,"href":"https:\/\/www.grandhoteloriente.it\/fr\/wp-json\/wp\/v2\/users\/13"}],"replies":[{"embeddable":true,"href":"https:\/\/www.grandhoteloriente.it\/fr\/wp-json\/wp\/v2\/comments?post=160"}],"version-history":[{"count":0,"href":"https:\/\/www.grandhoteloriente.it\/fr\/wp-json\/wp\/v2\/pages\/160\/revisions"}],"wp:attachment":[{"href":"https:\/\/www.grandhoteloriente.it\/fr\/wp-json\/wp\/v2\/media?parent=160"}],"curies":[{"name":"wp","href":"https:\/\/api.w.org\/{rel}","templated":true}]}}