{"id":154,"date":"2020-04-15T09:46:23","date_gmt":"2020-04-15T07:46:23","guid":{"rendered":"http:\/\/grandhoteloriente.ms.decms.eu\/?page_id=154"},"modified":"2021-09-13T17:54:32","modified_gmt":"2021-09-13T15:54:32","slug":"reunions","status":"publish","type":"page","link":"https:\/\/www.grandhoteloriente.it\/fr\/reunions\/","title":{"rendered":"R\u00e9unions"},"content":{"rendered":"<p>Le Grand H\u00f4tel Oriente a d\u00e9di\u00e9 un vaste espace aux <b>r\u00e9unions et congr\u00e8s<\/b> avec 6<b> salles<\/b> modulables<br \/>\nToutes dot\u00e9es d\u2019\u00e9quipements modernes et bien configur\u00e9es, elles sont adapt\u00e9es \u00e0 tous les besoins en termes de r\u00e9union, que ce soit un congr\u00e8s ou pas, jusqu\u2019\u00e0 un maximum de <b>250 personnes<\/b>.<br \/>\nLa salle pl\u00e9ni\u00e8re, compos\u00e9e de quatre salles de diff\u00e9rentes dimensions (Pratella, Palizzi, Gigante et Giordano), est id\u00e9ale pour des \u00e9v\u00e9nements r\u00e9unissant un grand nombre de personnes et elle est situ\u00e9e au premier \u00e9tage de l\u2019h\u00f4tel.<br \/>\nLa g\u00e9om\u00e9trie variable de la zone d\u2019exposition\/de r\u00e9union permet de disposer de salles de 30 \u00e0 240 m\u00b2 situ\u00e9es au premier \u00e9tage du b\u00e2timent.<br \/>\nToutes les salles sont \u00e9clair\u00e9es par la lumi\u00e8re du jour.<\/p>\n<p><a href=\"https:\/\/www.grandhoteloriente.it\/Uploads\/File\/attrezzature-oriente.pdf\" target=\"_blank\" rel=\"noopener noreferrer\"><br \/>\n<\/a><a href=\"\/wp-content\/uploads\/sites\/156\/2020\/04\/attrezzature-oriente.pdf\" target=\"_blank\" rel=\"noopener noreferrer\">T\u00e9l\u00e9charger la fiche des \u00e9quipements techniques<\/a><\/p>\n","protected":false},"excerpt":{"rendered":"<p>Le Grand H\u00f4tel Oriente a d\u00e9di\u00e9 un vaste espace aux r\u00e9unions et congr\u00e8s avec 6 salles modulables Toutes dot\u00e9es d\u2019\u00e9quipements modernes et bien configur\u00e9es, elles sont adapt\u00e9es \u00e0 tous les besoins en termes de r\u00e9union, que ce soit un congr\u00e8s ou pas, jusqu\u2019\u00e0 un maximum de 250 personnes. La salle pl\u00e9ni\u00e8re, compos\u00e9e de quatre salles [&hellip;]<\/p>\n","protected":false},"author":13,"featured_media":0,"parent":0,"menu_order":6,"comment_status":"closed","ping_status":"closed","template":"template-wellness.php","meta":{"footnotes":""},"class_list":["post-154","page","type-page","status-publish","hentry"],"yoast_head":"<!-- This site is optimized with the Yoast SEO plugin v26.9 - https:\/\/yoast.com\/product\/yoast-seo-wordpress\/ -->\n<title>R\u00e9unions - Grand Hotel Oriente<\/title>\n<meta name=\"robots\" content=\"index, follow, max-snippet:-1, max-image-preview:large, max-video-preview:-1\" \/>\n<link rel=\"canonical\" href=\"https:\/\/www.grandhoteloriente.it\/fr\/reunions\/\" \/>\n<meta property=\"og:locale\" content=\"fr_FR\" \/>\n<meta property=\"og:type\" content=\"article\" \/>\n<meta property=\"og:title\" content=\"R\u00e9unions - Grand Hotel Oriente\" \/>\n<meta property=\"og:description\" content=\"Le Grand H\u00f4tel Oriente a d\u00e9di\u00e9 un vaste espace aux r\u00e9unions et congr\u00e8s avec 6 salles modulables Toutes dot\u00e9es d\u2019\u00e9quipements modernes et bien configur\u00e9es, elles sont adapt\u00e9es \u00e0 tous les besoins en termes de r\u00e9union, que ce soit un congr\u00e8s ou pas, jusqu\u2019\u00e0 un maximum de 250 personnes. La salle pl\u00e9ni\u00e8re, compos\u00e9e de quatre salles [&hellip;]\" \/>\n<meta property=\"og:url\" content=\"https:\/\/www.grandhoteloriente.it\/fr\/reunions\/\" \/>\n<meta property=\"og:site_name\" content=\"Grand Hotel Oriente\" \/>\n<meta property=\"article:modified_time\" content=\"2021-09-13T15:54:32+00:00\" \/>\n<meta name=\"twitter:card\" content=\"summary_large_image\" \/>\n<meta name=\"twitter:label1\" content=\"Dur\u00e9e de lecture estim\u00e9e\" \/>\n\t<meta name=\"twitter:data1\" content=\"1 minute\" \/>\n<script type=\"application\/ld+json\" class=\"yoast-schema-graph\">{\"@context\":\"https:\/\/schema.org\",\"@graph\":[{\"@type\":\"WebPage\",\"@id\":\"https:\/\/www.grandhoteloriente.it\/fr\/reunions\/\",\"url\":\"https:\/\/www.grandhoteloriente.it\/fr\/reunions\/\",\"name\":\"R\u00e9unions - Grand Hotel Oriente\",\"isPartOf\":{\"@id\":\"https:\/\/www.grandhoteloriente.it\/fr\/#website\"},\"datePublished\":\"2020-04-15T07:46:23+00:00\",\"dateModified\":\"2021-09-13T15:54:32+00:00\",\"breadcrumb\":{\"@id\":\"https:\/\/www.grandhoteloriente.it\/fr\/reunions\/#breadcrumb\"},\"inLanguage\":\"fr-FR\",\"potentialAction\":[{\"@type\":\"ReadAction\",\"target\":[\"https:\/\/www.grandhoteloriente.it\/fr\/reunions\/\"]}]},{\"@type\":\"BreadcrumbList\",\"@id\":\"https:\/\/www.grandhoteloriente.it\/fr\/reunions\/#breadcrumb\",\"itemListElement\":[{\"@type\":\"ListItem\",\"position\":1,\"name\":\"Home\",\"item\":\"https:\/\/www.grandhoteloriente.it\/fr\/\"},{\"@type\":\"ListItem\",\"position\":2,\"name\":\"R\u00e9unions\"}]},{\"@type\":\"WebSite\",\"@id\":\"https:\/\/www.grandhoteloriente.it\/fr\/#website\",\"url\":\"https:\/\/www.grandhoteloriente.it\/fr\/\",\"name\":\"Grand Hotel Oriente\",\"description\":\"Ecco un altro sito ms.decms.eu\",\"potentialAction\":[{\"@type\":\"SearchAction\",\"target\":{\"@type\":\"EntryPoint\",\"urlTemplate\":\"https:\/\/www.grandhoteloriente.it\/fr\/?s={search_term_string}\"},\"query-input\":{\"@type\":\"PropertyValueSpecification\",\"valueRequired\":true,\"valueName\":\"search_term_string\"}}],\"inLanguage\":\"fr-FR\"}]}<\/script>\n<!-- \/ Yoast SEO plugin. -->","yoast_head_json":{"title":"R\u00e9unions - Grand Hotel Oriente","robots":{"index":"index","follow":"follow","max-snippet":"max-snippet:-1","max-image-preview":"max-image-preview:large","max-video-preview":"max-video-preview:-1"},"canonical":"https:\/\/www.grandhoteloriente.it\/fr\/reunions\/","og_locale":"fr_FR","og_type":"article","og_title":"R\u00e9unions - Grand Hotel Oriente","og_description":"Le Grand H\u00f4tel Oriente a d\u00e9di\u00e9 un vaste espace aux r\u00e9unions et congr\u00e8s avec 6 salles modulables Toutes dot\u00e9es d\u2019\u00e9quipements modernes et bien configur\u00e9es, elles sont adapt\u00e9es \u00e0 tous les besoins en termes de r\u00e9union, que ce soit un congr\u00e8s ou pas, jusqu\u2019\u00e0 un maximum de 250 personnes. La salle pl\u00e9ni\u00e8re, compos\u00e9e de quatre salles [&hellip;]","og_url":"https:\/\/www.grandhoteloriente.it\/fr\/reunions\/","og_site_name":"Grand Hotel Oriente","article_modified_time":"2021-09-13T15:54:32+00:00","twitter_card":"summary_large_image","twitter_misc":{"Dur\u00e9e de lecture estim\u00e9e":"1 minute"},"schema":{"@context":"https:\/\/schema.org","@graph":[{"@type":"WebPage","@id":"https:\/\/www.grandhoteloriente.it\/fr\/reunions\/","url":"https:\/\/www.grandhoteloriente.it\/fr\/reunions\/","name":"R\u00e9unions - Grand Hotel Oriente","isPartOf":{"@id":"https:\/\/www.grandhoteloriente.it\/fr\/#website"},"datePublished":"2020-04-15T07:46:23+00:00","dateModified":"2021-09-13T15:54:32+00:00","breadcrumb":{"@id":"https:\/\/www.grandhoteloriente.it\/fr\/reunions\/#breadcrumb"},"inLanguage":"fr-FR","potentialAction":[{"@type":"ReadAction","target":["https:\/\/www.grandhoteloriente.it\/fr\/reunions\/"]}]},{"@type":"BreadcrumbList","@id":"https:\/\/www.grandhoteloriente.it\/fr\/reunions\/#breadcrumb","itemListElement":[{"@type":"ListItem","position":1,"name":"Home","item":"https:\/\/www.grandhoteloriente.it\/fr\/"},{"@type":"ListItem","position":2,"name":"R\u00e9unions"}]},{"@type":"WebSite","@id":"https:\/\/www.grandhoteloriente.it\/fr\/#website","url":"https:\/\/www.grandhoteloriente.it\/fr\/","name":"Grand Hotel Oriente","description":"Ecco un altro sito ms.decms.eu","potentialAction":[{"@type":"SearchAction","target":{"@type":"EntryPoint","urlTemplate":"https:\/\/www.grandhoteloriente.it\/fr\/?s={search_term_string}"},"query-input":{"@type":"PropertyValueSpecification","valueRequired":true,"valueName":"search_term_string"}}],"inLanguage":"fr-FR"}]}},"acf":[],"_links":{"self":[{"href":"https:\/\/www.grandhoteloriente.it\/fr\/wp-json\/wp\/v2\/pages\/154","targetHints":{"allow":["GET"]}}],"collection":[{"href":"https:\/\/www.grandhoteloriente.it\/fr\/wp-json\/wp\/v2\/pages"}],"about":[{"href":"https:\/\/www.grandhoteloriente.it\/fr\/wp-json\/wp\/v2\/types\/page"}],"author":[{"embeddable":true,"href":"https:\/\/www.grandhoteloriente.it\/fr\/wp-json\/wp\/v2\/users\/13"}],"replies":[{"embeddable":true,"href":"https:\/\/www.grandhoteloriente.it\/fr\/wp-json\/wp\/v2\/comments?post=154"}],"version-history":[{"count":0,"href":"https:\/\/www.grandhoteloriente.it\/fr\/wp-json\/wp\/v2\/pages\/154\/revisions"}],"wp:attachment":[{"href":"https:\/\/www.grandhoteloriente.it\/fr\/wp-json\/wp\/v2\/media?parent=154"}],"curies":[{"name":"wp","href":"https:\/\/api.w.org\/{rel}","templated":true}]}}