{"id":147,"date":"2020-04-14T17:58:33","date_gmt":"2020-04-14T15:58:33","guid":{"rendered":"http:\/\/grandhoteloriente.ms.decms.eu\/?page_id=147"},"modified":"2020-10-01T17:05:01","modified_gmt":"2020-10-01T15:05:01","slug":"roof-top-bar","status":"publish","type":"page","link":"https:\/\/www.grandhoteloriente.it\/fr\/roof-top-bar\/","title":{"rendered":"Roof top bar"},"content":{"rendered":"<p>Au neuvi\u00e8me \u00e9tage de l\u2019h\u00f4tel, l\u2019accueillant et agr\u00e9able\u00a0<b><strong>Roof top bar \u00ab\u00a0La Terrazza\u00a0\u00bb<\/strong> <\/b>est un lieu unique o\u00f9 l\u2019on peut, sur fond musical, profiter d\u2019un moment de d\u00e9tente, d\u00e9guster un verre de vin ou un ap\u00e9ritif accompagn\u00e9 de mignardises ou encore satisfaire sa faim avec des plats conseill\u00e9s par le chef\u2026<\/p>\n<p>Ouvert toute l\u2019ann\u00e9e de 11h \u00e0 23h.<\/p>\n","protected":false},"excerpt":{"rendered":"<p>Au neuvi\u00e8me \u00e9tage de l\u2019h\u00f4tel, l\u2019accueillant et agr\u00e9able\u00a0Roof top bar \u00ab\u00a0La Terrazza\u00a0\u00bb est un lieu unique o\u00f9 l\u2019on peut, sur fond musical, profiter d\u2019un moment de d\u00e9tente, d\u00e9guster un verre de vin ou un ap\u00e9ritif accompagn\u00e9 de mignardises ou encore satisfaire sa faim avec des plats conseill\u00e9s par le chef\u2026 Ouvert toute l\u2019ann\u00e9e de 11h [&hellip;]<\/p>\n","protected":false},"author":13,"featured_media":0,"parent":0,"menu_order":5,"comment_status":"closed","ping_status":"closed","template":"template-wellness.php","meta":{"footnotes":""},"class_list":["post-147","page","type-page","status-publish","hentry"],"yoast_head":"<!-- This site is optimized with the Yoast SEO plugin v26.9 - https:\/\/yoast.com\/product\/yoast-seo-wordpress\/ -->\n<title>Roof top bar - Grand Hotel Oriente<\/title>\n<meta name=\"robots\" content=\"index, follow, max-snippet:-1, max-image-preview:large, max-video-preview:-1\" \/>\n<link rel=\"canonical\" href=\"https:\/\/www.grandhoteloriente.it\/fr\/roof-top-bar\/\" \/>\n<meta property=\"og:locale\" content=\"fr_FR\" \/>\n<meta property=\"og:type\" content=\"article\" \/>\n<meta property=\"og:title\" content=\"Roof top bar - Grand Hotel Oriente\" \/>\n<meta property=\"og:description\" content=\"Au neuvi\u00e8me \u00e9tage de l\u2019h\u00f4tel, l\u2019accueillant et agr\u00e9able\u00a0Roof top bar \u00ab\u00a0La Terrazza\u00a0\u00bb est un lieu unique o\u00f9 l\u2019on peut, sur fond musical, profiter d\u2019un moment de d\u00e9tente, d\u00e9guster un verre de vin ou un ap\u00e9ritif accompagn\u00e9 de mignardises ou encore satisfaire sa faim avec des plats conseill\u00e9s par le chef\u2026 Ouvert toute l\u2019ann\u00e9e de 11h [&hellip;]\" \/>\n<meta property=\"og:url\" content=\"https:\/\/www.grandhoteloriente.it\/fr\/roof-top-bar\/\" \/>\n<meta property=\"og:site_name\" content=\"Grand Hotel Oriente\" \/>\n<meta property=\"article:modified_time\" content=\"2020-10-01T15:05:01+00:00\" \/>\n<meta name=\"twitter:card\" content=\"summary_large_image\" \/>\n<script type=\"application\/ld+json\" class=\"yoast-schema-graph\">{\"@context\":\"https:\/\/schema.org\",\"@graph\":[{\"@type\":\"WebPage\",\"@id\":\"https:\/\/www.grandhoteloriente.it\/fr\/roof-top-bar\/\",\"url\":\"https:\/\/www.grandhoteloriente.it\/fr\/roof-top-bar\/\",\"name\":\"Roof top bar - Grand Hotel Oriente\",\"isPartOf\":{\"@id\":\"https:\/\/www.grandhoteloriente.it\/fr\/#website\"},\"datePublished\":\"2020-04-14T15:58:33+00:00\",\"dateModified\":\"2020-10-01T15:05:01+00:00\",\"breadcrumb\":{\"@id\":\"https:\/\/www.grandhoteloriente.it\/fr\/roof-top-bar\/#breadcrumb\"},\"inLanguage\":\"fr-FR\",\"potentialAction\":[{\"@type\":\"ReadAction\",\"target\":[\"https:\/\/www.grandhoteloriente.it\/fr\/roof-top-bar\/\"]}]},{\"@type\":\"BreadcrumbList\",\"@id\":\"https:\/\/www.grandhoteloriente.it\/fr\/roof-top-bar\/#breadcrumb\",\"itemListElement\":[{\"@type\":\"ListItem\",\"position\":1,\"name\":\"Home\",\"item\":\"https:\/\/www.grandhoteloriente.it\/fr\/\"},{\"@type\":\"ListItem\",\"position\":2,\"name\":\"Roof top bar\"}]},{\"@type\":\"WebSite\",\"@id\":\"https:\/\/www.grandhoteloriente.it\/fr\/#website\",\"url\":\"https:\/\/www.grandhoteloriente.it\/fr\/\",\"name\":\"Grand Hotel Oriente\",\"description\":\"Ecco un altro sito ms.decms.eu\",\"potentialAction\":[{\"@type\":\"SearchAction\",\"target\":{\"@type\":\"EntryPoint\",\"urlTemplate\":\"https:\/\/www.grandhoteloriente.it\/fr\/?s={search_term_string}\"},\"query-input\":{\"@type\":\"PropertyValueSpecification\",\"valueRequired\":true,\"valueName\":\"search_term_string\"}}],\"inLanguage\":\"fr-FR\"}]}<\/script>\n<!-- \/ Yoast SEO plugin. -->","yoast_head_json":{"title":"Roof top bar - Grand Hotel Oriente","robots":{"index":"index","follow":"follow","max-snippet":"max-snippet:-1","max-image-preview":"max-image-preview:large","max-video-preview":"max-video-preview:-1"},"canonical":"https:\/\/www.grandhoteloriente.it\/fr\/roof-top-bar\/","og_locale":"fr_FR","og_type":"article","og_title":"Roof top bar - Grand Hotel Oriente","og_description":"Au neuvi\u00e8me \u00e9tage de l\u2019h\u00f4tel, l\u2019accueillant et agr\u00e9able\u00a0Roof top bar \u00ab\u00a0La Terrazza\u00a0\u00bb est un lieu unique o\u00f9 l\u2019on peut, sur fond musical, profiter d\u2019un moment de d\u00e9tente, d\u00e9guster un verre de vin ou un ap\u00e9ritif accompagn\u00e9 de mignardises ou encore satisfaire sa faim avec des plats conseill\u00e9s par le chef\u2026 Ouvert toute l\u2019ann\u00e9e de 11h [&hellip;]","og_url":"https:\/\/www.grandhoteloriente.it\/fr\/roof-top-bar\/","og_site_name":"Grand Hotel Oriente","article_modified_time":"2020-10-01T15:05:01+00:00","twitter_card":"summary_large_image","schema":{"@context":"https:\/\/schema.org","@graph":[{"@type":"WebPage","@id":"https:\/\/www.grandhoteloriente.it\/fr\/roof-top-bar\/","url":"https:\/\/www.grandhoteloriente.it\/fr\/roof-top-bar\/","name":"Roof top bar - Grand Hotel Oriente","isPartOf":{"@id":"https:\/\/www.grandhoteloriente.it\/fr\/#website"},"datePublished":"2020-04-14T15:58:33+00:00","dateModified":"2020-10-01T15:05:01+00:00","breadcrumb":{"@id":"https:\/\/www.grandhoteloriente.it\/fr\/roof-top-bar\/#breadcrumb"},"inLanguage":"fr-FR","potentialAction":[{"@type":"ReadAction","target":["https:\/\/www.grandhoteloriente.it\/fr\/roof-top-bar\/"]}]},{"@type":"BreadcrumbList","@id":"https:\/\/www.grandhoteloriente.it\/fr\/roof-top-bar\/#breadcrumb","itemListElement":[{"@type":"ListItem","position":1,"name":"Home","item":"https:\/\/www.grandhoteloriente.it\/fr\/"},{"@type":"ListItem","position":2,"name":"Roof top bar"}]},{"@type":"WebSite","@id":"https:\/\/www.grandhoteloriente.it\/fr\/#website","url":"https:\/\/www.grandhoteloriente.it\/fr\/","name":"Grand Hotel Oriente","description":"Ecco un altro sito ms.decms.eu","potentialAction":[{"@type":"SearchAction","target":{"@type":"EntryPoint","urlTemplate":"https:\/\/www.grandhoteloriente.it\/fr\/?s={search_term_string}"},"query-input":{"@type":"PropertyValueSpecification","valueRequired":true,"valueName":"search_term_string"}}],"inLanguage":"fr-FR"}]}},"acf":[],"_links":{"self":[{"href":"https:\/\/www.grandhoteloriente.it\/fr\/wp-json\/wp\/v2\/pages\/147","targetHints":{"allow":["GET"]}}],"collection":[{"href":"https:\/\/www.grandhoteloriente.it\/fr\/wp-json\/wp\/v2\/pages"}],"about":[{"href":"https:\/\/www.grandhoteloriente.it\/fr\/wp-json\/wp\/v2\/types\/page"}],"author":[{"embeddable":true,"href":"https:\/\/www.grandhoteloriente.it\/fr\/wp-json\/wp\/v2\/users\/13"}],"replies":[{"embeddable":true,"href":"https:\/\/www.grandhoteloriente.it\/fr\/wp-json\/wp\/v2\/comments?post=147"}],"version-history":[{"count":0,"href":"https:\/\/www.grandhoteloriente.it\/fr\/wp-json\/wp\/v2\/pages\/147\/revisions"}],"wp:attachment":[{"href":"https:\/\/www.grandhoteloriente.it\/fr\/wp-json\/wp\/v2\/media?parent=147"}],"curies":[{"name":"wp","href":"https:\/\/api.w.org\/{rel}","templated":true}]}}