{"id":140,"date":"2020-04-14T17:53:34","date_gmt":"2020-04-14T15:53:34","guid":{"rendered":"http:\/\/grandhoteloriente.ms.decms.eu\/?page_id=140"},"modified":"2020-04-14T17:53:34","modified_gmt":"2020-04-14T15:53:34","slug":"restaurant","status":"publish","type":"page","link":"https:\/\/www.grandhoteloriente.it\/fr\/restaurant\/","title":{"rendered":"Restaurant"},"content":{"rendered":"<p>Le restaurant du <b>Grand H\u00f4tel Oriente<\/b>, d\u00e9licieux, aux couleurs douces et d\u00e9di\u00e9 au petit-d\u00e9jeuner, dispose d\u2019une grande salle panoramique au neuvi\u00e8me \u00e9tage.<br \/>\nAvec sa cuisine attentive \u00e0 la qualit\u00e9 des mati\u00e8res premi\u00e8res et \u00e0 la l\u00e9g\u00e8ret\u00e9 des recettes, il est id\u00e9al pour tout \u00e9v\u00e9nement et propose des menus l\u00e9gers d\u2019excellente composition.<\/p>\n<p>Plats typiques et cr\u00e9ativit\u00e9 se marient au plaisir d\u2019un service aimable et attentionn\u00e9.<\/p>\n","protected":false},"excerpt":{"rendered":"<p>Le restaurant du Grand H\u00f4tel Oriente, d\u00e9licieux, aux couleurs douces et d\u00e9di\u00e9 au petit-d\u00e9jeuner, dispose d\u2019une grande salle panoramique au neuvi\u00e8me \u00e9tage. Avec sa cuisine attentive \u00e0 la qualit\u00e9 des mati\u00e8res premi\u00e8res et \u00e0 la l\u00e9g\u00e8ret\u00e9 des recettes, il est id\u00e9al pour tout \u00e9v\u00e9nement et propose des menus l\u00e9gers d\u2019excellente composition. Plats typiques et cr\u00e9ativit\u00e9 [&hellip;]<\/p>\n","protected":false},"author":13,"featured_media":0,"parent":0,"menu_order":4,"comment_status":"closed","ping_status":"closed","template":"template-wellness.php","meta":{"footnotes":""},"class_list":["post-140","page","type-page","status-publish","hentry"],"yoast_head":"<!-- This site is optimized with the Yoast SEO plugin v26.9 - https:\/\/yoast.com\/product\/yoast-seo-wordpress\/ -->\n<title>Restaurant - Grand Hotel Oriente<\/title>\n<meta name=\"robots\" content=\"index, follow, max-snippet:-1, max-image-preview:large, max-video-preview:-1\" \/>\n<link rel=\"canonical\" href=\"https:\/\/www.grandhoteloriente.it\/fr\/restaurant\/\" \/>\n<meta property=\"og:locale\" content=\"fr_FR\" \/>\n<meta property=\"og:type\" content=\"article\" \/>\n<meta property=\"og:title\" content=\"Restaurant - Grand Hotel Oriente\" \/>\n<meta property=\"og:description\" content=\"Le restaurant du Grand H\u00f4tel Oriente, d\u00e9licieux, aux couleurs douces et d\u00e9di\u00e9 au petit-d\u00e9jeuner, dispose d\u2019une grande salle panoramique au neuvi\u00e8me \u00e9tage. Avec sa cuisine attentive \u00e0 la qualit\u00e9 des mati\u00e8res premi\u00e8res et \u00e0 la l\u00e9g\u00e8ret\u00e9 des recettes, il est id\u00e9al pour tout \u00e9v\u00e9nement et propose des menus l\u00e9gers d\u2019excellente composition. Plats typiques et cr\u00e9ativit\u00e9 [&hellip;]\" \/>\n<meta property=\"og:url\" content=\"https:\/\/www.grandhoteloriente.it\/fr\/restaurant\/\" \/>\n<meta property=\"og:site_name\" content=\"Grand Hotel Oriente\" \/>\n<meta name=\"twitter:card\" content=\"summary_large_image\" \/>\n<script type=\"application\/ld+json\" class=\"yoast-schema-graph\">{\"@context\":\"https:\/\/schema.org\",\"@graph\":[{\"@type\":\"WebPage\",\"@id\":\"https:\/\/www.grandhoteloriente.it\/fr\/restaurant\/\",\"url\":\"https:\/\/www.grandhoteloriente.it\/fr\/restaurant\/\",\"name\":\"Restaurant - Grand Hotel Oriente\",\"isPartOf\":{\"@id\":\"https:\/\/www.grandhoteloriente.it\/fr\/#website\"},\"datePublished\":\"2020-04-14T15:53:34+00:00\",\"breadcrumb\":{\"@id\":\"https:\/\/www.grandhoteloriente.it\/fr\/restaurant\/#breadcrumb\"},\"inLanguage\":\"fr-FR\",\"potentialAction\":[{\"@type\":\"ReadAction\",\"target\":[\"https:\/\/www.grandhoteloriente.it\/fr\/restaurant\/\"]}]},{\"@type\":\"BreadcrumbList\",\"@id\":\"https:\/\/www.grandhoteloriente.it\/fr\/restaurant\/#breadcrumb\",\"itemListElement\":[{\"@type\":\"ListItem\",\"position\":1,\"name\":\"Home\",\"item\":\"https:\/\/www.grandhoteloriente.it\/fr\/\"},{\"@type\":\"ListItem\",\"position\":2,\"name\":\"Restaurant\"}]},{\"@type\":\"WebSite\",\"@id\":\"https:\/\/www.grandhoteloriente.it\/fr\/#website\",\"url\":\"https:\/\/www.grandhoteloriente.it\/fr\/\",\"name\":\"Grand Hotel Oriente\",\"description\":\"Ecco un altro sito ms.decms.eu\",\"potentialAction\":[{\"@type\":\"SearchAction\",\"target\":{\"@type\":\"EntryPoint\",\"urlTemplate\":\"https:\/\/www.grandhoteloriente.it\/fr\/?s={search_term_string}\"},\"query-input\":{\"@type\":\"PropertyValueSpecification\",\"valueRequired\":true,\"valueName\":\"search_term_string\"}}],\"inLanguage\":\"fr-FR\"}]}<\/script>\n<!-- \/ Yoast SEO plugin. -->","yoast_head_json":{"title":"Restaurant - Grand Hotel Oriente","robots":{"index":"index","follow":"follow","max-snippet":"max-snippet:-1","max-image-preview":"max-image-preview:large","max-video-preview":"max-video-preview:-1"},"canonical":"https:\/\/www.grandhoteloriente.it\/fr\/restaurant\/","og_locale":"fr_FR","og_type":"article","og_title":"Restaurant - Grand Hotel Oriente","og_description":"Le restaurant du Grand H\u00f4tel Oriente, d\u00e9licieux, aux couleurs douces et d\u00e9di\u00e9 au petit-d\u00e9jeuner, dispose d\u2019une grande salle panoramique au neuvi\u00e8me \u00e9tage. Avec sa cuisine attentive \u00e0 la qualit\u00e9 des mati\u00e8res premi\u00e8res et \u00e0 la l\u00e9g\u00e8ret\u00e9 des recettes, il est id\u00e9al pour tout \u00e9v\u00e9nement et propose des menus l\u00e9gers d\u2019excellente composition. Plats typiques et cr\u00e9ativit\u00e9 [&hellip;]","og_url":"https:\/\/www.grandhoteloriente.it\/fr\/restaurant\/","og_site_name":"Grand Hotel Oriente","twitter_card":"summary_large_image","schema":{"@context":"https:\/\/schema.org","@graph":[{"@type":"WebPage","@id":"https:\/\/www.grandhoteloriente.it\/fr\/restaurant\/","url":"https:\/\/www.grandhoteloriente.it\/fr\/restaurant\/","name":"Restaurant - Grand Hotel Oriente","isPartOf":{"@id":"https:\/\/www.grandhoteloriente.it\/fr\/#website"},"datePublished":"2020-04-14T15:53:34+00:00","breadcrumb":{"@id":"https:\/\/www.grandhoteloriente.it\/fr\/restaurant\/#breadcrumb"},"inLanguage":"fr-FR","potentialAction":[{"@type":"ReadAction","target":["https:\/\/www.grandhoteloriente.it\/fr\/restaurant\/"]}]},{"@type":"BreadcrumbList","@id":"https:\/\/www.grandhoteloriente.it\/fr\/restaurant\/#breadcrumb","itemListElement":[{"@type":"ListItem","position":1,"name":"Home","item":"https:\/\/www.grandhoteloriente.it\/fr\/"},{"@type":"ListItem","position":2,"name":"Restaurant"}]},{"@type":"WebSite","@id":"https:\/\/www.grandhoteloriente.it\/fr\/#website","url":"https:\/\/www.grandhoteloriente.it\/fr\/","name":"Grand Hotel Oriente","description":"Ecco un altro sito ms.decms.eu","potentialAction":[{"@type":"SearchAction","target":{"@type":"EntryPoint","urlTemplate":"https:\/\/www.grandhoteloriente.it\/fr\/?s={search_term_string}"},"query-input":{"@type":"PropertyValueSpecification","valueRequired":true,"valueName":"search_term_string"}}],"inLanguage":"fr-FR"}]}},"acf":[],"_links":{"self":[{"href":"https:\/\/www.grandhoteloriente.it\/fr\/wp-json\/wp\/v2\/pages\/140","targetHints":{"allow":["GET"]}}],"collection":[{"href":"https:\/\/www.grandhoteloriente.it\/fr\/wp-json\/wp\/v2\/pages"}],"about":[{"href":"https:\/\/www.grandhoteloriente.it\/fr\/wp-json\/wp\/v2\/types\/page"}],"author":[{"embeddable":true,"href":"https:\/\/www.grandhoteloriente.it\/fr\/wp-json\/wp\/v2\/users\/13"}],"replies":[{"embeddable":true,"href":"https:\/\/www.grandhoteloriente.it\/fr\/wp-json\/wp\/v2\/comments?post=140"}],"version-history":[{"count":0,"href":"https:\/\/www.grandhoteloriente.it\/fr\/wp-json\/wp\/v2\/pages\/140\/revisions"}],"wp:attachment":[{"href":"https:\/\/www.grandhoteloriente.it\/fr\/wp-json\/wp\/v2\/media?parent=140"}],"curies":[{"name":"wp","href":"https:\/\/api.w.org\/{rel}","templated":true}]}}