{"id":133,"date":"2020-04-14T16:38:37","date_gmt":"2020-04-14T14:38:37","guid":{"rendered":"http:\/\/grandhoteloriente.ms.decms.eu\/?page_id=133"},"modified":"2020-04-14T16:38:37","modified_gmt":"2020-04-14T14:38:37","slug":"suite-jacuzzi","status":"publish","type":"page","link":"https:\/\/www.grandhoteloriente.it\/fr\/chambres-suites\/suite-jacuzzi\/","title":{"rendered":"Suite Jacuzzi"},"content":{"rendered":"<p>Unique et exclusive, elle occupe une grande surface dans un cadre unique et la grande chambre dispose \u00e9galement d\u2019un coin salon.<br \/>\nLa salle de bains se compose de deux pi\u00e8ces : une zone dressing avec bain \u00e0 remous et t\u00e9l\u00e9vision LCD murale, et une grande salle de bains avec douche s\u00e9par\u00e9e.<br \/>\nUne v\u00e9ritable oasis o\u00f9 se faire dorloter.<\/p>\n<p><b>\u00c9quip\u00e9e de<\/b> :<\/p>\n<ul>\n<li>insonorisation<\/li>\n<li>climatisation<\/li>\n<li>t\u00e9l\u00e9phone<\/li>\n<li>wifi<\/li>\n<li>TV<\/li>\n<li>mini-bar<\/li>\n<li>coffre-fort<\/li>\n<li>service en chambre<\/li>\n<\/ul>\n<p>Elle dispose d\u2019une terrasse priv\u00e9e<\/p>\n","protected":false},"excerpt":{"rendered":"<p>Unique et exclusive, elle occupe une grande surface dans un cadre unique et la grande chambre dispose \u00e9galement d\u2019un coin salon. La salle de bains se compose de deux pi\u00e8ces : une zone dressing avec bain \u00e0 remous et t\u00e9l\u00e9vision LCD murale, et une grande salle de bains avec douche s\u00e9par\u00e9e. Une v\u00e9ritable oasis o\u00f9 [&hellip;]<\/p>\n","protected":false},"author":13,"featured_media":0,"parent":73,"menu_order":4,"comment_status":"closed","ping_status":"closed","template":"template-single-room.php","meta":{"footnotes":""},"class_list":["post-133","page","type-page","status-publish","hentry"],"yoast_head":"<!-- This site is optimized with the Yoast SEO plugin v26.9 - https:\/\/yoast.com\/product\/yoast-seo-wordpress\/ -->\n<title>Suite Jacuzzi - Grand Hotel Oriente<\/title>\n<meta name=\"robots\" content=\"index, follow, max-snippet:-1, max-image-preview:large, max-video-preview:-1\" \/>\n<link rel=\"canonical\" href=\"https:\/\/www.grandhoteloriente.it\/fr\/chambres-suites\/suite-jacuzzi\/\" \/>\n<meta property=\"og:locale\" content=\"fr_FR\" \/>\n<meta property=\"og:type\" content=\"article\" \/>\n<meta property=\"og:title\" content=\"Suite Jacuzzi - Grand Hotel Oriente\" \/>\n<meta property=\"og:description\" content=\"Unique et exclusive, elle occupe une grande surface dans un cadre unique et la grande chambre dispose \u00e9galement d\u2019un coin salon. La salle de bains se compose de deux pi\u00e8ces : une zone dressing avec bain \u00e0 remous et t\u00e9l\u00e9vision LCD murale, et une grande salle de bains avec douche s\u00e9par\u00e9e. Une v\u00e9ritable oasis o\u00f9 [&hellip;]\" \/>\n<meta property=\"og:url\" content=\"https:\/\/www.grandhoteloriente.it\/fr\/chambres-suites\/suite-jacuzzi\/\" \/>\n<meta property=\"og:site_name\" content=\"Grand Hotel Oriente\" \/>\n<meta name=\"twitter:card\" content=\"summary_large_image\" \/>\n<script type=\"application\/ld+json\" class=\"yoast-schema-graph\">{\"@context\":\"https:\/\/schema.org\",\"@graph\":[{\"@type\":\"WebPage\",\"@id\":\"https:\/\/www.grandhoteloriente.it\/fr\/chambres-suites\/suite-jacuzzi\/\",\"url\":\"https:\/\/www.grandhoteloriente.it\/fr\/chambres-suites\/suite-jacuzzi\/\",\"name\":\"Suite Jacuzzi - Grand Hotel Oriente\",\"isPartOf\":{\"@id\":\"https:\/\/www.grandhoteloriente.it\/fr\/#website\"},\"datePublished\":\"2020-04-14T14:38:37+00:00\",\"breadcrumb\":{\"@id\":\"https:\/\/www.grandhoteloriente.it\/fr\/chambres-suites\/suite-jacuzzi\/#breadcrumb\"},\"inLanguage\":\"fr-FR\",\"potentialAction\":[{\"@type\":\"ReadAction\",\"target\":[\"https:\/\/www.grandhoteloriente.it\/fr\/chambres-suites\/suite-jacuzzi\/\"]}]},{\"@type\":\"BreadcrumbList\",\"@id\":\"https:\/\/www.grandhoteloriente.it\/fr\/chambres-suites\/suite-jacuzzi\/#breadcrumb\",\"itemListElement\":[{\"@type\":\"ListItem\",\"position\":1,\"name\":\"Home\",\"item\":\"https:\/\/www.grandhoteloriente.it\/fr\/\"},{\"@type\":\"ListItem\",\"position\":2,\"name\":\"Chambres &amp; Suites\",\"item\":\"https:\/\/www.grandhoteloriente.it\/fr\/chambres-suites\/\"},{\"@type\":\"ListItem\",\"position\":3,\"name\":\"Suite Jacuzzi\"}]},{\"@type\":\"WebSite\",\"@id\":\"https:\/\/www.grandhoteloriente.it\/fr\/#website\",\"url\":\"https:\/\/www.grandhoteloriente.it\/fr\/\",\"name\":\"Grand Hotel Oriente\",\"description\":\"Ecco un altro sito ms.decms.eu\",\"potentialAction\":[{\"@type\":\"SearchAction\",\"target\":{\"@type\":\"EntryPoint\",\"urlTemplate\":\"https:\/\/www.grandhoteloriente.it\/fr\/?s={search_term_string}\"},\"query-input\":{\"@type\":\"PropertyValueSpecification\",\"valueRequired\":true,\"valueName\":\"search_term_string\"}}],\"inLanguage\":\"fr-FR\"}]}<\/script>\n<!-- \/ Yoast SEO plugin. -->","yoast_head_json":{"title":"Suite Jacuzzi - Grand Hotel Oriente","robots":{"index":"index","follow":"follow","max-snippet":"max-snippet:-1","max-image-preview":"max-image-preview:large","max-video-preview":"max-video-preview:-1"},"canonical":"https:\/\/www.grandhoteloriente.it\/fr\/chambres-suites\/suite-jacuzzi\/","og_locale":"fr_FR","og_type":"article","og_title":"Suite Jacuzzi - Grand Hotel Oriente","og_description":"Unique et exclusive, elle occupe une grande surface dans un cadre unique et la grande chambre dispose \u00e9galement d\u2019un coin salon. La salle de bains se compose de deux pi\u00e8ces : une zone dressing avec bain \u00e0 remous et t\u00e9l\u00e9vision LCD murale, et une grande salle de bains avec douche s\u00e9par\u00e9e. Une v\u00e9ritable oasis o\u00f9 [&hellip;]","og_url":"https:\/\/www.grandhoteloriente.it\/fr\/chambres-suites\/suite-jacuzzi\/","og_site_name":"Grand Hotel Oriente","twitter_card":"summary_large_image","schema":{"@context":"https:\/\/schema.org","@graph":[{"@type":"WebPage","@id":"https:\/\/www.grandhoteloriente.it\/fr\/chambres-suites\/suite-jacuzzi\/","url":"https:\/\/www.grandhoteloriente.it\/fr\/chambres-suites\/suite-jacuzzi\/","name":"Suite Jacuzzi - Grand Hotel Oriente","isPartOf":{"@id":"https:\/\/www.grandhoteloriente.it\/fr\/#website"},"datePublished":"2020-04-14T14:38:37+00:00","breadcrumb":{"@id":"https:\/\/www.grandhoteloriente.it\/fr\/chambres-suites\/suite-jacuzzi\/#breadcrumb"},"inLanguage":"fr-FR","potentialAction":[{"@type":"ReadAction","target":["https:\/\/www.grandhoteloriente.it\/fr\/chambres-suites\/suite-jacuzzi\/"]}]},{"@type":"BreadcrumbList","@id":"https:\/\/www.grandhoteloriente.it\/fr\/chambres-suites\/suite-jacuzzi\/#breadcrumb","itemListElement":[{"@type":"ListItem","position":1,"name":"Home","item":"https:\/\/www.grandhoteloriente.it\/fr\/"},{"@type":"ListItem","position":2,"name":"Chambres &amp; Suites","item":"https:\/\/www.grandhoteloriente.it\/fr\/chambres-suites\/"},{"@type":"ListItem","position":3,"name":"Suite Jacuzzi"}]},{"@type":"WebSite","@id":"https:\/\/www.grandhoteloriente.it\/fr\/#website","url":"https:\/\/www.grandhoteloriente.it\/fr\/","name":"Grand Hotel Oriente","description":"Ecco un altro sito ms.decms.eu","potentialAction":[{"@type":"SearchAction","target":{"@type":"EntryPoint","urlTemplate":"https:\/\/www.grandhoteloriente.it\/fr\/?s={search_term_string}"},"query-input":{"@type":"PropertyValueSpecification","valueRequired":true,"valueName":"search_term_string"}}],"inLanguage":"fr-FR"}]}},"acf":[],"_links":{"self":[{"href":"https:\/\/www.grandhoteloriente.it\/fr\/wp-json\/wp\/v2\/pages\/133","targetHints":{"allow":["GET"]}}],"collection":[{"href":"https:\/\/www.grandhoteloriente.it\/fr\/wp-json\/wp\/v2\/pages"}],"about":[{"href":"https:\/\/www.grandhoteloriente.it\/fr\/wp-json\/wp\/v2\/types\/page"}],"author":[{"embeddable":true,"href":"https:\/\/www.grandhoteloriente.it\/fr\/wp-json\/wp\/v2\/users\/13"}],"replies":[{"embeddable":true,"href":"https:\/\/www.grandhoteloriente.it\/fr\/wp-json\/wp\/v2\/comments?post=133"}],"version-history":[{"count":0,"href":"https:\/\/www.grandhoteloriente.it\/fr\/wp-json\/wp\/v2\/pages\/133\/revisions"}],"up":[{"embeddable":true,"href":"https:\/\/www.grandhoteloriente.it\/fr\/wp-json\/wp\/v2\/pages\/73"}],"wp:attachment":[{"href":"https:\/\/www.grandhoteloriente.it\/fr\/wp-json\/wp\/v2\/media?parent=133"}],"curies":[{"name":"wp","href":"https:\/\/api.w.org\/{rel}","templated":true}]}}