{"id":125,"date":"2020-04-14T16:13:58","date_gmt":"2020-04-14T14:13:58","guid":{"rendered":"http:\/\/grandhoteloriente.ms.decms.eu\/?page_id=125"},"modified":"2020-04-14T16:13:58","modified_gmt":"2020-04-14T14:13:58","slug":"suite","status":"publish","type":"page","link":"https:\/\/www.grandhoteloriente.it\/fr\/chambres-suites\/suite\/","title":{"rendered":"Suite"},"content":{"rendered":"<p>Design des int\u00e9rieurs classiques associ\u00e9 \u00e0 des d\u00e9tails contemporains, deux pi\u00e8ces s\u00e9par\u00e9es, un petit salon \u00e9l\u00e9gant et une chambre confortable, telles sont les suites du GH Orient qui s\u2019\u00e9talent sur de vastes espaces et sont de v\u00e9ritables refuges loin du chaos de la ville.<\/p>\n<p><b><br \/>\nElles sont toutes \u00e9quip\u00e9es de<\/b> :<\/p>\n<ul>\n<li>insonorisation<\/li>\n<li>climatisation<\/li>\n<li>t\u00e9l\u00e9phone<\/li>\n<li>wifi<\/li>\n<li>TV<\/li>\n<li>mini-bar<\/li>\n<li>coffre-fort<\/li>\n<li>chaussons et peignoir<\/li>\n<\/ul>\n<p>Service en chambre et service de conciergerie 24 heures sur 24.<br \/>\nService blanchisserie payant<\/p>\n","protected":false},"excerpt":{"rendered":"<p>Design des int\u00e9rieurs classiques associ\u00e9 \u00e0 des d\u00e9tails contemporains, deux pi\u00e8ces s\u00e9par\u00e9es, un petit salon \u00e9l\u00e9gant et une chambre confortable, telles sont les suites du GH Orient qui s\u2019\u00e9talent sur de vastes espaces et sont de v\u00e9ritables refuges loin du chaos de la ville. Elles sont toutes \u00e9quip\u00e9es de : insonorisation climatisation t\u00e9l\u00e9phone wifi TV [&hellip;]<\/p>\n","protected":false},"author":13,"featured_media":0,"parent":73,"menu_order":3,"comment_status":"closed","ping_status":"closed","template":"template-single-room.php","meta":{"footnotes":""},"class_list":["post-125","page","type-page","status-publish","hentry"],"yoast_head":"<!-- This site is optimized with the Yoast SEO plugin v26.9 - https:\/\/yoast.com\/product\/yoast-seo-wordpress\/ -->\n<title>Suite - Grand Hotel Oriente<\/title>\n<meta name=\"robots\" content=\"index, follow, max-snippet:-1, max-image-preview:large, max-video-preview:-1\" \/>\n<link rel=\"canonical\" href=\"https:\/\/www.grandhoteloriente.it\/fr\/chambres-suites\/suite\/\" \/>\n<meta property=\"og:locale\" content=\"fr_FR\" \/>\n<meta property=\"og:type\" content=\"article\" \/>\n<meta property=\"og:title\" content=\"Suite - Grand Hotel Oriente\" \/>\n<meta property=\"og:description\" content=\"Design des int\u00e9rieurs classiques associ\u00e9 \u00e0 des d\u00e9tails contemporains, deux pi\u00e8ces s\u00e9par\u00e9es, un petit salon \u00e9l\u00e9gant et une chambre confortable, telles sont les suites du GH Orient qui s\u2019\u00e9talent sur de vastes espaces et sont de v\u00e9ritables refuges loin du chaos de la ville. Elles sont toutes \u00e9quip\u00e9es de : insonorisation climatisation t\u00e9l\u00e9phone wifi TV [&hellip;]\" \/>\n<meta property=\"og:url\" content=\"https:\/\/www.grandhoteloriente.it\/fr\/chambres-suites\/suite\/\" \/>\n<meta property=\"og:site_name\" content=\"Grand Hotel Oriente\" \/>\n<meta name=\"twitter:card\" content=\"summary_large_image\" \/>\n<script type=\"application\/ld+json\" class=\"yoast-schema-graph\">{\"@context\":\"https:\/\/schema.org\",\"@graph\":[{\"@type\":\"WebPage\",\"@id\":\"https:\/\/www.grandhoteloriente.it\/fr\/chambres-suites\/suite\/\",\"url\":\"https:\/\/www.grandhoteloriente.it\/fr\/chambres-suites\/suite\/\",\"name\":\"Suite - Grand Hotel Oriente\",\"isPartOf\":{\"@id\":\"https:\/\/www.grandhoteloriente.it\/fr\/#website\"},\"datePublished\":\"2020-04-14T14:13:58+00:00\",\"breadcrumb\":{\"@id\":\"https:\/\/www.grandhoteloriente.it\/fr\/chambres-suites\/suite\/#breadcrumb\"},\"inLanguage\":\"fr-FR\",\"potentialAction\":[{\"@type\":\"ReadAction\",\"target\":[\"https:\/\/www.grandhoteloriente.it\/fr\/chambres-suites\/suite\/\"]}]},{\"@type\":\"BreadcrumbList\",\"@id\":\"https:\/\/www.grandhoteloriente.it\/fr\/chambres-suites\/suite\/#breadcrumb\",\"itemListElement\":[{\"@type\":\"ListItem\",\"position\":1,\"name\":\"Home\",\"item\":\"https:\/\/www.grandhoteloriente.it\/fr\/\"},{\"@type\":\"ListItem\",\"position\":2,\"name\":\"Chambres &amp; Suites\",\"item\":\"https:\/\/www.grandhoteloriente.it\/fr\/chambres-suites\/\"},{\"@type\":\"ListItem\",\"position\":3,\"name\":\"Suite\"}]},{\"@type\":\"WebSite\",\"@id\":\"https:\/\/www.grandhoteloriente.it\/fr\/#website\",\"url\":\"https:\/\/www.grandhoteloriente.it\/fr\/\",\"name\":\"Grand Hotel Oriente\",\"description\":\"Ecco un altro sito ms.decms.eu\",\"potentialAction\":[{\"@type\":\"SearchAction\",\"target\":{\"@type\":\"EntryPoint\",\"urlTemplate\":\"https:\/\/www.grandhoteloriente.it\/fr\/?s={search_term_string}\"},\"query-input\":{\"@type\":\"PropertyValueSpecification\",\"valueRequired\":true,\"valueName\":\"search_term_string\"}}],\"inLanguage\":\"fr-FR\"}]}<\/script>\n<!-- \/ Yoast SEO plugin. -->","yoast_head_json":{"title":"Suite - Grand Hotel Oriente","robots":{"index":"index","follow":"follow","max-snippet":"max-snippet:-1","max-image-preview":"max-image-preview:large","max-video-preview":"max-video-preview:-1"},"canonical":"https:\/\/www.grandhoteloriente.it\/fr\/chambres-suites\/suite\/","og_locale":"fr_FR","og_type":"article","og_title":"Suite - Grand Hotel Oriente","og_description":"Design des int\u00e9rieurs classiques associ\u00e9 \u00e0 des d\u00e9tails contemporains, deux pi\u00e8ces s\u00e9par\u00e9es, un petit salon \u00e9l\u00e9gant et une chambre confortable, telles sont les suites du GH Orient qui s\u2019\u00e9talent sur de vastes espaces et sont de v\u00e9ritables refuges loin du chaos de la ville. Elles sont toutes \u00e9quip\u00e9es de : insonorisation climatisation t\u00e9l\u00e9phone wifi TV [&hellip;]","og_url":"https:\/\/www.grandhoteloriente.it\/fr\/chambres-suites\/suite\/","og_site_name":"Grand Hotel Oriente","twitter_card":"summary_large_image","schema":{"@context":"https:\/\/schema.org","@graph":[{"@type":"WebPage","@id":"https:\/\/www.grandhoteloriente.it\/fr\/chambres-suites\/suite\/","url":"https:\/\/www.grandhoteloriente.it\/fr\/chambres-suites\/suite\/","name":"Suite - Grand Hotel Oriente","isPartOf":{"@id":"https:\/\/www.grandhoteloriente.it\/fr\/#website"},"datePublished":"2020-04-14T14:13:58+00:00","breadcrumb":{"@id":"https:\/\/www.grandhoteloriente.it\/fr\/chambres-suites\/suite\/#breadcrumb"},"inLanguage":"fr-FR","potentialAction":[{"@type":"ReadAction","target":["https:\/\/www.grandhoteloriente.it\/fr\/chambres-suites\/suite\/"]}]},{"@type":"BreadcrumbList","@id":"https:\/\/www.grandhoteloriente.it\/fr\/chambres-suites\/suite\/#breadcrumb","itemListElement":[{"@type":"ListItem","position":1,"name":"Home","item":"https:\/\/www.grandhoteloriente.it\/fr\/"},{"@type":"ListItem","position":2,"name":"Chambres &amp; Suites","item":"https:\/\/www.grandhoteloriente.it\/fr\/chambres-suites\/"},{"@type":"ListItem","position":3,"name":"Suite"}]},{"@type":"WebSite","@id":"https:\/\/www.grandhoteloriente.it\/fr\/#website","url":"https:\/\/www.grandhoteloriente.it\/fr\/","name":"Grand Hotel Oriente","description":"Ecco un altro sito ms.decms.eu","potentialAction":[{"@type":"SearchAction","target":{"@type":"EntryPoint","urlTemplate":"https:\/\/www.grandhoteloriente.it\/fr\/?s={search_term_string}"},"query-input":{"@type":"PropertyValueSpecification","valueRequired":true,"valueName":"search_term_string"}}],"inLanguage":"fr-FR"}]}},"acf":[],"_links":{"self":[{"href":"https:\/\/www.grandhoteloriente.it\/fr\/wp-json\/wp\/v2\/pages\/125","targetHints":{"allow":["GET"]}}],"collection":[{"href":"https:\/\/www.grandhoteloriente.it\/fr\/wp-json\/wp\/v2\/pages"}],"about":[{"href":"https:\/\/www.grandhoteloriente.it\/fr\/wp-json\/wp\/v2\/types\/page"}],"author":[{"embeddable":true,"href":"https:\/\/www.grandhoteloriente.it\/fr\/wp-json\/wp\/v2\/users\/13"}],"replies":[{"embeddable":true,"href":"https:\/\/www.grandhoteloriente.it\/fr\/wp-json\/wp\/v2\/comments?post=125"}],"version-history":[{"count":0,"href":"https:\/\/www.grandhoteloriente.it\/fr\/wp-json\/wp\/v2\/pages\/125\/revisions"}],"up":[{"embeddable":true,"href":"https:\/\/www.grandhoteloriente.it\/fr\/wp-json\/wp\/v2\/pages\/73"}],"wp:attachment":[{"href":"https:\/\/www.grandhoteloriente.it\/fr\/wp-json\/wp\/v2\/media?parent=125"}],"curies":[{"name":"wp","href":"https:\/\/api.w.org\/{rel}","templated":true}]}}