{"id":108,"date":"2020-04-14T15:21:04","date_gmt":"2020-04-14T13:21:04","guid":{"rendered":"http:\/\/grandhoteloriente.ms.decms.eu\/?page_id=108"},"modified":"2020-07-01T16:50:21","modified_gmt":"2020-07-01T14:50:21","slug":"chambres-executives","status":"publish","type":"page","link":"https:\/\/www.grandhoteloriente.it\/fr\/chambres-suites\/chambres-executives\/","title":{"rendered":"Chambres Ex\u00e9cutives"},"content":{"rendered":"<p><b>Les chambres ex\u00e9cutives : <\/b>en d\u00e9pit de leur r\u00e9cente r\u00e9novation, elle ont gard\u00e9 le caract\u00e8re distinctif de l\u2019h\u00f4tel et elles en conservent les m\u00eames caract\u00e9ristiques d\u2019efficacit\u00e9 et de confort.<br \/>\nDans un style moderne, aux couleurs chaudes de la M\u00e9diterran\u00e9e, elles peuvent \u00eatre royales ou doubles, avec baignoire ou douche.<\/p>\n","protected":false},"excerpt":{"rendered":"<p>Les chambres ex\u00e9cutives : en d\u00e9pit de leur r\u00e9cente r\u00e9novation, elle ont gard\u00e9 le caract\u00e8re distinctif de l\u2019h\u00f4tel et elles en conservent les m\u00eames caract\u00e9ristiques d\u2019efficacit\u00e9 et de confort. Dans un style moderne, aux couleurs chaudes de la M\u00e9diterran\u00e9e, elles peuvent \u00eatre royales ou doubles, avec baignoire ou douche.<\/p>\n","protected":false},"author":13,"featured_media":0,"parent":73,"menu_order":1,"comment_status":"closed","ping_status":"closed","template":"template-single-room.php","meta":{"footnotes":""},"class_list":["post-108","page","type-page","status-publish","hentry"],"yoast_head":"<!-- This site is optimized with the Yoast SEO plugin v26.9 - https:\/\/yoast.com\/product\/yoast-seo-wordpress\/ -->\n<title>Chambres Ex\u00e9cutives - Grand Hotel Oriente<\/title>\n<meta name=\"robots\" content=\"index, follow, max-snippet:-1, max-image-preview:large, max-video-preview:-1\" \/>\n<link rel=\"canonical\" href=\"https:\/\/www.grandhoteloriente.it\/fr\/chambres-suites\/chambres-executives\/\" \/>\n<meta property=\"og:locale\" content=\"fr_FR\" \/>\n<meta property=\"og:type\" content=\"article\" \/>\n<meta property=\"og:title\" content=\"Chambres Ex\u00e9cutives - Grand Hotel Oriente\" \/>\n<meta property=\"og:description\" content=\"Les chambres ex\u00e9cutives : en d\u00e9pit de leur r\u00e9cente r\u00e9novation, elle ont gard\u00e9 le caract\u00e8re distinctif de l\u2019h\u00f4tel et elles en conservent les m\u00eames caract\u00e9ristiques d\u2019efficacit\u00e9 et de confort. Dans un style moderne, aux couleurs chaudes de la M\u00e9diterran\u00e9e, elles peuvent \u00eatre royales ou doubles, avec baignoire ou douche.\" \/>\n<meta property=\"og:url\" content=\"https:\/\/www.grandhoteloriente.it\/fr\/chambres-suites\/chambres-executives\/\" \/>\n<meta property=\"og:site_name\" content=\"Grand Hotel Oriente\" \/>\n<meta property=\"article:modified_time\" content=\"2020-07-01T14:50:21+00:00\" \/>\n<meta name=\"twitter:card\" content=\"summary_large_image\" \/>\n<script type=\"application\/ld+json\" class=\"yoast-schema-graph\">{\"@context\":\"https:\/\/schema.org\",\"@graph\":[{\"@type\":\"WebPage\",\"@id\":\"https:\/\/www.grandhoteloriente.it\/fr\/chambres-suites\/chambres-executives\/\",\"url\":\"https:\/\/www.grandhoteloriente.it\/fr\/chambres-suites\/chambres-executives\/\",\"name\":\"Chambres Ex\u00e9cutives - Grand Hotel Oriente\",\"isPartOf\":{\"@id\":\"https:\/\/www.grandhoteloriente.it\/fr\/#website\"},\"datePublished\":\"2020-04-14T13:21:04+00:00\",\"dateModified\":\"2020-07-01T14:50:21+00:00\",\"breadcrumb\":{\"@id\":\"https:\/\/www.grandhoteloriente.it\/fr\/chambres-suites\/chambres-executives\/#breadcrumb\"},\"inLanguage\":\"fr-FR\",\"potentialAction\":[{\"@type\":\"ReadAction\",\"target\":[\"https:\/\/www.grandhoteloriente.it\/fr\/chambres-suites\/chambres-executives\/\"]}]},{\"@type\":\"BreadcrumbList\",\"@id\":\"https:\/\/www.grandhoteloriente.it\/fr\/chambres-suites\/chambres-executives\/#breadcrumb\",\"itemListElement\":[{\"@type\":\"ListItem\",\"position\":1,\"name\":\"Home\",\"item\":\"https:\/\/www.grandhoteloriente.it\/fr\/\"},{\"@type\":\"ListItem\",\"position\":2,\"name\":\"Chambres &amp; Suites\",\"item\":\"https:\/\/www.grandhoteloriente.it\/fr\/chambres-suites\/\"},{\"@type\":\"ListItem\",\"position\":3,\"name\":\"Chambres Ex\u00e9cutives\"}]},{\"@type\":\"WebSite\",\"@id\":\"https:\/\/www.grandhoteloriente.it\/fr\/#website\",\"url\":\"https:\/\/www.grandhoteloriente.it\/fr\/\",\"name\":\"Grand Hotel Oriente\",\"description\":\"Ecco un altro sito ms.decms.eu\",\"potentialAction\":[{\"@type\":\"SearchAction\",\"target\":{\"@type\":\"EntryPoint\",\"urlTemplate\":\"https:\/\/www.grandhoteloriente.it\/fr\/?s={search_term_string}\"},\"query-input\":{\"@type\":\"PropertyValueSpecification\",\"valueRequired\":true,\"valueName\":\"search_term_string\"}}],\"inLanguage\":\"fr-FR\"}]}<\/script>\n<!-- \/ Yoast SEO plugin. -->","yoast_head_json":{"title":"Chambres Ex\u00e9cutives - Grand Hotel Oriente","robots":{"index":"index","follow":"follow","max-snippet":"max-snippet:-1","max-image-preview":"max-image-preview:large","max-video-preview":"max-video-preview:-1"},"canonical":"https:\/\/www.grandhoteloriente.it\/fr\/chambres-suites\/chambres-executives\/","og_locale":"fr_FR","og_type":"article","og_title":"Chambres Ex\u00e9cutives - Grand Hotel Oriente","og_description":"Les chambres ex\u00e9cutives : en d\u00e9pit de leur r\u00e9cente r\u00e9novation, elle ont gard\u00e9 le caract\u00e8re distinctif de l\u2019h\u00f4tel et elles en conservent les m\u00eames caract\u00e9ristiques d\u2019efficacit\u00e9 et de confort. Dans un style moderne, aux couleurs chaudes de la M\u00e9diterran\u00e9e, elles peuvent \u00eatre royales ou doubles, avec baignoire ou douche.","og_url":"https:\/\/www.grandhoteloriente.it\/fr\/chambres-suites\/chambres-executives\/","og_site_name":"Grand Hotel Oriente","article_modified_time":"2020-07-01T14:50:21+00:00","twitter_card":"summary_large_image","schema":{"@context":"https:\/\/schema.org","@graph":[{"@type":"WebPage","@id":"https:\/\/www.grandhoteloriente.it\/fr\/chambres-suites\/chambres-executives\/","url":"https:\/\/www.grandhoteloriente.it\/fr\/chambres-suites\/chambres-executives\/","name":"Chambres Ex\u00e9cutives - Grand Hotel Oriente","isPartOf":{"@id":"https:\/\/www.grandhoteloriente.it\/fr\/#website"},"datePublished":"2020-04-14T13:21:04+00:00","dateModified":"2020-07-01T14:50:21+00:00","breadcrumb":{"@id":"https:\/\/www.grandhoteloriente.it\/fr\/chambres-suites\/chambres-executives\/#breadcrumb"},"inLanguage":"fr-FR","potentialAction":[{"@type":"ReadAction","target":["https:\/\/www.grandhoteloriente.it\/fr\/chambres-suites\/chambres-executives\/"]}]},{"@type":"BreadcrumbList","@id":"https:\/\/www.grandhoteloriente.it\/fr\/chambres-suites\/chambres-executives\/#breadcrumb","itemListElement":[{"@type":"ListItem","position":1,"name":"Home","item":"https:\/\/www.grandhoteloriente.it\/fr\/"},{"@type":"ListItem","position":2,"name":"Chambres &amp; Suites","item":"https:\/\/www.grandhoteloriente.it\/fr\/chambres-suites\/"},{"@type":"ListItem","position":3,"name":"Chambres Ex\u00e9cutives"}]},{"@type":"WebSite","@id":"https:\/\/www.grandhoteloriente.it\/fr\/#website","url":"https:\/\/www.grandhoteloriente.it\/fr\/","name":"Grand Hotel Oriente","description":"Ecco un altro sito ms.decms.eu","potentialAction":[{"@type":"SearchAction","target":{"@type":"EntryPoint","urlTemplate":"https:\/\/www.grandhoteloriente.it\/fr\/?s={search_term_string}"},"query-input":{"@type":"PropertyValueSpecification","valueRequired":true,"valueName":"search_term_string"}}],"inLanguage":"fr-FR"}]}},"acf":[],"_links":{"self":[{"href":"https:\/\/www.grandhoteloriente.it\/fr\/wp-json\/wp\/v2\/pages\/108","targetHints":{"allow":["GET"]}}],"collection":[{"href":"https:\/\/www.grandhoteloriente.it\/fr\/wp-json\/wp\/v2\/pages"}],"about":[{"href":"https:\/\/www.grandhoteloriente.it\/fr\/wp-json\/wp\/v2\/types\/page"}],"author":[{"embeddable":true,"href":"https:\/\/www.grandhoteloriente.it\/fr\/wp-json\/wp\/v2\/users\/13"}],"replies":[{"embeddable":true,"href":"https:\/\/www.grandhoteloriente.it\/fr\/wp-json\/wp\/v2\/comments?post=108"}],"version-history":[{"count":0,"href":"https:\/\/www.grandhoteloriente.it\/fr\/wp-json\/wp\/v2\/pages\/108\/revisions"}],"up":[{"embeddable":true,"href":"https:\/\/www.grandhoteloriente.it\/fr\/wp-json\/wp\/v2\/pages\/73"}],"wp:attachment":[{"href":"https:\/\/www.grandhoteloriente.it\/fr\/wp-json\/wp\/v2\/media?parent=108"}],"curies":[{"name":"wp","href":"https:\/\/api.w.org\/{rel}","templated":true}]}}