{"id":77,"date":"2020-04-14T12:06:28","date_gmt":"2020-04-14T10:06:28","guid":{"rendered":"http:\/\/grandhoteloriente.ms.decms.eu\/?page_id=77"},"modified":"2022-12-09T12:56:07","modified_gmt":"2022-12-09T11:56:07","slug":"habitaciones-y-suites","status":"publish","type":"page","link":"https:\/\/www.grandhoteloriente.it\/es\/habitaciones-y-suites\/","title":{"rendered":"Habitaciones y Suites"},"content":{"rendered":"<p>Las habitaciones de estilo cl\u00e1sico son amplias y est\u00e1n equipadas con todo tipo de confort y equipo tecnol\u00f3gico.<\/p>\n<p>Desde las terrazas de las habitaciones situadas en los pisos superiores puede admirar un <b>magn\u00edfico panorama<\/b> de la ciudad<\/p>\n<p>Las habitaciones del Grand Hotel Oriente se convierten en rincones privados para relajarse despu\u00e9s de un d\u00eda de trabajo o una visita a la ciudad de N\u00e1poles.<\/p>\n","protected":false},"excerpt":{"rendered":"<p>Las habitaciones de estilo cl\u00e1sico son amplias y est\u00e1n equipadas con todo tipo de confort y equipo tecnol\u00f3gico. Desde las terrazas de las habitaciones situadas en los pisos superiores puede admirar un magn\u00edfico panorama de la ciudad Las habitaciones del Grand Hotel Oriente se convierten en rincones privados para relajarse despu\u00e9s de un d\u00eda de [&hellip;]<\/p>\n","protected":false},"author":13,"featured_media":0,"parent":0,"menu_order":3,"comment_status":"closed","ping_status":"closed","template":"template-rooms.php","meta":{"footnotes":""},"class_list":["post-77","page","type-page","status-publish","hentry"],"yoast_head":"<!-- This site is optimized with the Yoast SEO plugin v26.9 - https:\/\/yoast.com\/product\/yoast-seo-wordpress\/ -->\n<title>Habitaciones y Suites - Grand Hotel Oriente<\/title>\n<meta name=\"robots\" content=\"index, follow, max-snippet:-1, max-image-preview:large, max-video-preview:-1\" \/>\n<link rel=\"canonical\" href=\"https:\/\/www.grandhoteloriente.it\/es\/habitaciones-y-suites\/\" \/>\n<meta property=\"og:locale\" content=\"es_ES\" \/>\n<meta property=\"og:type\" content=\"article\" \/>\n<meta property=\"og:title\" content=\"Habitaciones y Suites - Grand Hotel Oriente\" \/>\n<meta property=\"og:description\" content=\"Las habitaciones de estilo cl\u00e1sico son amplias y est\u00e1n equipadas con todo tipo de confort y equipo tecnol\u00f3gico. Desde las terrazas de las habitaciones situadas en los pisos superiores puede admirar un magn\u00edfico panorama de la ciudad Las habitaciones del Grand Hotel Oriente se convierten en rincones privados para relajarse despu\u00e9s de un d\u00eda de [&hellip;]\" \/>\n<meta property=\"og:url\" content=\"https:\/\/www.grandhoteloriente.it\/es\/habitaciones-y-suites\/\" \/>\n<meta property=\"og:site_name\" content=\"Grand Hotel Oriente\" \/>\n<meta property=\"article:modified_time\" content=\"2022-12-09T11:56:07+00:00\" \/>\n<meta name=\"twitter:card\" content=\"summary_large_image\" \/>\n<meta name=\"twitter:label1\" content=\"Tiempo de lectura\" \/>\n\t<meta name=\"twitter:data1\" content=\"1 minuto\" \/>\n<script type=\"application\/ld+json\" class=\"yoast-schema-graph\">{\"@context\":\"https:\/\/schema.org\",\"@graph\":[{\"@type\":\"WebPage\",\"@id\":\"https:\/\/www.grandhoteloriente.it\/es\/habitaciones-y-suites\/\",\"url\":\"https:\/\/www.grandhoteloriente.it\/es\/habitaciones-y-suites\/\",\"name\":\"Habitaciones y Suites - Grand Hotel Oriente\",\"isPartOf\":{\"@id\":\"https:\/\/www.grandhoteloriente.it\/es\/#website\"},\"datePublished\":\"2020-04-14T10:06:28+00:00\",\"dateModified\":\"2022-12-09T11:56:07+00:00\",\"breadcrumb\":{\"@id\":\"https:\/\/www.grandhoteloriente.it\/es\/habitaciones-y-suites\/#breadcrumb\"},\"inLanguage\":\"es\",\"potentialAction\":[{\"@type\":\"ReadAction\",\"target\":[\"https:\/\/www.grandhoteloriente.it\/es\/habitaciones-y-suites\/\"]}]},{\"@type\":\"BreadcrumbList\",\"@id\":\"https:\/\/www.grandhoteloriente.it\/es\/habitaciones-y-suites\/#breadcrumb\",\"itemListElement\":[{\"@type\":\"ListItem\",\"position\":1,\"name\":\"Home\",\"item\":\"https:\/\/www.grandhoteloriente.it\/es\/\"},{\"@type\":\"ListItem\",\"position\":2,\"name\":\"Habitaciones y Suites\"}]},{\"@type\":\"WebSite\",\"@id\":\"https:\/\/www.grandhoteloriente.it\/es\/#website\",\"url\":\"https:\/\/www.grandhoteloriente.it\/es\/\",\"name\":\"Grand Hotel Oriente\",\"description\":\"Ecco un altro sito ms.decms.eu\",\"potentialAction\":[{\"@type\":\"SearchAction\",\"target\":{\"@type\":\"EntryPoint\",\"urlTemplate\":\"https:\/\/www.grandhoteloriente.it\/es\/?s={search_term_string}\"},\"query-input\":{\"@type\":\"PropertyValueSpecification\",\"valueRequired\":true,\"valueName\":\"search_term_string\"}}],\"inLanguage\":\"es\"}]}<\/script>\n<!-- \/ Yoast SEO plugin. -->","yoast_head_json":{"title":"Habitaciones y Suites - Grand Hotel Oriente","robots":{"index":"index","follow":"follow","max-snippet":"max-snippet:-1","max-image-preview":"max-image-preview:large","max-video-preview":"max-video-preview:-1"},"canonical":"https:\/\/www.grandhoteloriente.it\/es\/habitaciones-y-suites\/","og_locale":"es_ES","og_type":"article","og_title":"Habitaciones y Suites - Grand Hotel Oriente","og_description":"Las habitaciones de estilo cl\u00e1sico son amplias y est\u00e1n equipadas con todo tipo de confort y equipo tecnol\u00f3gico. Desde las terrazas de las habitaciones situadas en los pisos superiores puede admirar un magn\u00edfico panorama de la ciudad Las habitaciones del Grand Hotel Oriente se convierten en rincones privados para relajarse despu\u00e9s de un d\u00eda de [&hellip;]","og_url":"https:\/\/www.grandhoteloriente.it\/es\/habitaciones-y-suites\/","og_site_name":"Grand Hotel Oriente","article_modified_time":"2022-12-09T11:56:07+00:00","twitter_card":"summary_large_image","twitter_misc":{"Tiempo de lectura":"1 minuto"},"schema":{"@context":"https:\/\/schema.org","@graph":[{"@type":"WebPage","@id":"https:\/\/www.grandhoteloriente.it\/es\/habitaciones-y-suites\/","url":"https:\/\/www.grandhoteloriente.it\/es\/habitaciones-y-suites\/","name":"Habitaciones y Suites - Grand Hotel Oriente","isPartOf":{"@id":"https:\/\/www.grandhoteloriente.it\/es\/#website"},"datePublished":"2020-04-14T10:06:28+00:00","dateModified":"2022-12-09T11:56:07+00:00","breadcrumb":{"@id":"https:\/\/www.grandhoteloriente.it\/es\/habitaciones-y-suites\/#breadcrumb"},"inLanguage":"es","potentialAction":[{"@type":"ReadAction","target":["https:\/\/www.grandhoteloriente.it\/es\/habitaciones-y-suites\/"]}]},{"@type":"BreadcrumbList","@id":"https:\/\/www.grandhoteloriente.it\/es\/habitaciones-y-suites\/#breadcrumb","itemListElement":[{"@type":"ListItem","position":1,"name":"Home","item":"https:\/\/www.grandhoteloriente.it\/es\/"},{"@type":"ListItem","position":2,"name":"Habitaciones y Suites"}]},{"@type":"WebSite","@id":"https:\/\/www.grandhoteloriente.it\/es\/#website","url":"https:\/\/www.grandhoteloriente.it\/es\/","name":"Grand Hotel Oriente","description":"Ecco un altro sito ms.decms.eu","potentialAction":[{"@type":"SearchAction","target":{"@type":"EntryPoint","urlTemplate":"https:\/\/www.grandhoteloriente.it\/es\/?s={search_term_string}"},"query-input":{"@type":"PropertyValueSpecification","valueRequired":true,"valueName":"search_term_string"}}],"inLanguage":"es"}]}},"acf":[],"_links":{"self":[{"href":"https:\/\/www.grandhoteloriente.it\/es\/wp-json\/wp\/v2\/pages\/77","targetHints":{"allow":["GET"]}}],"collection":[{"href":"https:\/\/www.grandhoteloriente.it\/es\/wp-json\/wp\/v2\/pages"}],"about":[{"href":"https:\/\/www.grandhoteloriente.it\/es\/wp-json\/wp\/v2\/types\/page"}],"author":[{"embeddable":true,"href":"https:\/\/www.grandhoteloriente.it\/es\/wp-json\/wp\/v2\/users\/13"}],"replies":[{"embeddable":true,"href":"https:\/\/www.grandhoteloriente.it\/es\/wp-json\/wp\/v2\/comments?post=77"}],"version-history":[{"count":0,"href":"https:\/\/www.grandhoteloriente.it\/es\/wp-json\/wp\/v2\/pages\/77\/revisions"}],"wp:attachment":[{"href":"https:\/\/www.grandhoteloriente.it\/es\/wp-json\/wp\/v2\/media?parent=77"}],"curies":[{"name":"wp","href":"https:\/\/api.w.org\/{rel}","templated":true}]}}