{"id":70,"date":"2020-04-14T11:41:07","date_gmt":"2020-04-14T09:41:07","guid":{"rendered":"http:\/\/grandhoteloriente.ms.decms.eu\/?page_id=70"},"modified":"2020-04-14T11:41:07","modified_gmt":"2020-04-14T09:41:07","slug":"grand-hotel-oriente","status":"publish","type":"page","link":"https:\/\/www.grandhoteloriente.it\/es\/","title":{"rendered":"Grand Hotel Oriente"},"content":{"rendered":"<p>En el centro hist\u00f3rico de N\u00e1poles, el <b>hotel de 4 estrellas<\/b> <b>Grand Hotel Oriente<\/b> es un tel\u00f3n de fondo activo y din\u00e1mico de la vida napolitana.<\/p>\n<p>Gracias a su ubicaci\u00f3n estrat\u00e9gica, este hotel recientemente renovado, combina las necesidades del turista, porque se encuentra a dos pasos del arte, la cultura y las tienda, con las de quienes por trabajo deben visitar la <b>espl\u00e9ndida N\u00e1poles<\/b>.<\/p>\n<p>La gran ubicaci\u00f3n, <b>a tan solo 2 minutos de la estaci\u00f3n de metro TOLEDO<\/b>, la sobriedad e informalidad de los espacios, junto con la calidad del servicio, han hecho que el Grand Hotel Oriente, desde sus inicios en los a\u00f1os 40, sea uno de los lugares favoritos por la clientela internacional para alojase.<\/p>\n","protected":false},"excerpt":{"rendered":"<p>En el centro hist\u00f3rico de N\u00e1poles, el hotel de 4 estrellas Grand Hotel Oriente es un tel\u00f3n de fondo activo y din\u00e1mico de la vida napolitana. Gracias a su ubicaci\u00f3n estrat\u00e9gica, este hotel recientemente renovado, combina las necesidades del turista, porque se encuentra a dos pasos del arte, la cultura y las tienda, con las [&hellip;]<\/p>\n","protected":false},"author":13,"featured_media":0,"parent":0,"menu_order":1,"comment_status":"closed","ping_status":"open","template":"","meta":{"footnotes":""},"class_list":["post-70","page","type-page","status-publish","hentry"],"yoast_head":"<!-- This site is optimized with the Yoast SEO plugin v26.9 - https:\/\/yoast.com\/product\/yoast-seo-wordpress\/ -->\n<title>Grand Hotel Oriente - Grand Hotel Oriente<\/title>\n<meta name=\"robots\" content=\"index, follow, max-snippet:-1, max-image-preview:large, max-video-preview:-1\" \/>\n<link rel=\"canonical\" href=\"https:\/\/www.grandhoteloriente.it\/es\/\" \/>\n<meta property=\"og:locale\" content=\"es_ES\" \/>\n<meta property=\"og:type\" content=\"article\" \/>\n<meta property=\"og:title\" content=\"Grand Hotel Oriente - Grand Hotel Oriente\" \/>\n<meta property=\"og:description\" content=\"En el centro hist\u00f3rico de N\u00e1poles, el hotel de 4 estrellas Grand Hotel Oriente es un tel\u00f3n de fondo activo y din\u00e1mico de la vida napolitana. Gracias a su ubicaci\u00f3n estrat\u00e9gica, este hotel recientemente renovado, combina las necesidades del turista, porque se encuentra a dos pasos del arte, la cultura y las tienda, con las [&hellip;]\" \/>\n<meta property=\"og:url\" content=\"https:\/\/www.grandhoteloriente.it\/es\/\" \/>\n<meta property=\"og:site_name\" content=\"Grand Hotel Oriente\" \/>\n<meta name=\"twitter:card\" content=\"summary_large_image\" \/>\n<meta name=\"twitter:label1\" content=\"Tiempo de lectura\" \/>\n\t<meta name=\"twitter:data1\" content=\"1 minuto\" \/>\n<script type=\"application\/ld+json\" class=\"yoast-schema-graph\">{\"@context\":\"https:\/\/schema.org\",\"@graph\":[{\"@type\":\"WebPage\",\"@id\":\"https:\/\/www.grandhoteloriente.it\/es\/\",\"url\":\"https:\/\/www.grandhoteloriente.it\/es\/\",\"name\":\"Grand Hotel Oriente - Grand Hotel Oriente\",\"isPartOf\":{\"@id\":\"https:\/\/www.grandhoteloriente.it\/es\/#website\"},\"datePublished\":\"2020-04-14T09:41:07+00:00\",\"breadcrumb\":{\"@id\":\"https:\/\/www.grandhoteloriente.it\/es\/#breadcrumb\"},\"inLanguage\":\"es\",\"potentialAction\":[{\"@type\":\"ReadAction\",\"target\":[\"https:\/\/www.grandhoteloriente.it\/es\/\"]}]},{\"@type\":\"BreadcrumbList\",\"@id\":\"https:\/\/www.grandhoteloriente.it\/es\/#breadcrumb\",\"itemListElement\":[{\"@type\":\"ListItem\",\"position\":1,\"name\":\"Home\",\"item\":\"https:\/\/www.grandhoteloriente.it\/es\/\"},{\"@type\":\"ListItem\",\"position\":2,\"name\":\"Grand Hotel Oriente\"}]},{\"@type\":\"WebSite\",\"@id\":\"https:\/\/www.grandhoteloriente.it\/es\/#website\",\"url\":\"https:\/\/www.grandhoteloriente.it\/es\/\",\"name\":\"Grand Hotel Oriente\",\"description\":\"Ecco un altro sito ms.decms.eu\",\"potentialAction\":[{\"@type\":\"SearchAction\",\"target\":{\"@type\":\"EntryPoint\",\"urlTemplate\":\"https:\/\/www.grandhoteloriente.it\/es\/?s={search_term_string}\"},\"query-input\":{\"@type\":\"PropertyValueSpecification\",\"valueRequired\":true,\"valueName\":\"search_term_string\"}}],\"inLanguage\":\"es\"}]}<\/script>\n<!-- \/ Yoast SEO plugin. -->","yoast_head_json":{"title":"Grand Hotel Oriente - Grand Hotel Oriente","robots":{"index":"index","follow":"follow","max-snippet":"max-snippet:-1","max-image-preview":"max-image-preview:large","max-video-preview":"max-video-preview:-1"},"canonical":"https:\/\/www.grandhoteloriente.it\/es\/","og_locale":"es_ES","og_type":"article","og_title":"Grand Hotel Oriente - Grand Hotel Oriente","og_description":"En el centro hist\u00f3rico de N\u00e1poles, el hotel de 4 estrellas Grand Hotel Oriente es un tel\u00f3n de fondo activo y din\u00e1mico de la vida napolitana. Gracias a su ubicaci\u00f3n estrat\u00e9gica, este hotel recientemente renovado, combina las necesidades del turista, porque se encuentra a dos pasos del arte, la cultura y las tienda, con las [&hellip;]","og_url":"https:\/\/www.grandhoteloriente.it\/es\/","og_site_name":"Grand Hotel Oriente","twitter_card":"summary_large_image","twitter_misc":{"Tiempo de lectura":"1 minuto"},"schema":{"@context":"https:\/\/schema.org","@graph":[{"@type":"WebPage","@id":"https:\/\/www.grandhoteloriente.it\/es\/","url":"https:\/\/www.grandhoteloriente.it\/es\/","name":"Grand Hotel Oriente - Grand Hotel Oriente","isPartOf":{"@id":"https:\/\/www.grandhoteloriente.it\/es\/#website"},"datePublished":"2020-04-14T09:41:07+00:00","breadcrumb":{"@id":"https:\/\/www.grandhoteloriente.it\/es\/#breadcrumb"},"inLanguage":"es","potentialAction":[{"@type":"ReadAction","target":["https:\/\/www.grandhoteloriente.it\/es\/"]}]},{"@type":"BreadcrumbList","@id":"https:\/\/www.grandhoteloriente.it\/es\/#breadcrumb","itemListElement":[{"@type":"ListItem","position":1,"name":"Home","item":"https:\/\/www.grandhoteloriente.it\/es\/"},{"@type":"ListItem","position":2,"name":"Grand Hotel Oriente"}]},{"@type":"WebSite","@id":"https:\/\/www.grandhoteloriente.it\/es\/#website","url":"https:\/\/www.grandhoteloriente.it\/es\/","name":"Grand Hotel Oriente","description":"Ecco un altro sito ms.decms.eu","potentialAction":[{"@type":"SearchAction","target":{"@type":"EntryPoint","urlTemplate":"https:\/\/www.grandhoteloriente.it\/es\/?s={search_term_string}"},"query-input":{"@type":"PropertyValueSpecification","valueRequired":true,"valueName":"search_term_string"}}],"inLanguage":"es"}]}},"acf":[],"_links":{"self":[{"href":"https:\/\/www.grandhoteloriente.it\/es\/wp-json\/wp\/v2\/pages\/70","targetHints":{"allow":["GET"]}}],"collection":[{"href":"https:\/\/www.grandhoteloriente.it\/es\/wp-json\/wp\/v2\/pages"}],"about":[{"href":"https:\/\/www.grandhoteloriente.it\/es\/wp-json\/wp\/v2\/types\/page"}],"author":[{"embeddable":true,"href":"https:\/\/www.grandhoteloriente.it\/es\/wp-json\/wp\/v2\/users\/13"}],"replies":[{"embeddable":true,"href":"https:\/\/www.grandhoteloriente.it\/es\/wp-json\/wp\/v2\/comments?post=70"}],"version-history":[{"count":0,"href":"https:\/\/www.grandhoteloriente.it\/es\/wp-json\/wp\/v2\/pages\/70\/revisions"}],"wp:attachment":[{"href":"https:\/\/www.grandhoteloriente.it\/es\/wp-json\/wp\/v2\/media?parent=70"}],"curies":[{"name":"wp","href":"https:\/\/api.w.org\/{rel}","templated":true}]}}