{"id":166,"date":"2020-04-15T10:19:43","date_gmt":"2020-04-15T08:19:43","guid":{"rendered":"http:\/\/grandhoteloriente.ms.decms.eu\/?page_id=166"},"modified":"2020-04-15T10:19:43","modified_gmt":"2020-04-15T08:19:43","slug":"bodas","status":"publish","type":"page","link":"https:\/\/www.grandhoteloriente.it\/es\/bodas\/","title":{"rendered":"Bodas"},"content":{"rendered":"<p>Palacios, iglesias, calles, antiguas fortalezas, lugares llenos de encanto y misterio que hacen que N\u00e1poles sea una fuente inagotable de escenarios.<br \/>\nY no solo simples fondos, sino puntos de referencia que formar\u00e1n parte de su historia, de la mitolog\u00eda y leyendas que los envuelven.<br \/>\nOrganizar ceremonias y banquetes en el Grand Hotel Oriente significa casarse con la ciudad, elegir un mundo \u00fanico y lleno de sensaciones que har\u00e1 que se emocionen a\u00fan m\u00e1s.<\/p>\n<p>&nbsp;<\/p>\n<p><b>Algunas de nuestras propuestas<\/b>:<\/p>\n<p><b>MEN\u00da BOUNGAVILLE<br \/>\n<\/b><i>Los aperitivos<\/i><\/p>\n<p><i>Ensalada de pulpo cortada finamente<\/i><br \/>\n<i>con jud\u00edas sazonadas con lim\u00f3n <\/i><br \/>\n<i>Risotto con boletus<\/i><br \/>\n<i>y cremoso de queso ahumado<\/i><\/p>\n<p><i>Pasta schiaffoni al aroma de pescado y marisco<\/i><\/p>\n<p><i>Filete de lubina con costra de patatas al lim\u00f3n<\/i><\/p>\n<p><i>Alcachofas sout\u00e9<\/i><\/p>\n<p><i>Copa de frutas del bosque con doble nata al cointreau<\/i><\/p>\n<p><i>Pastel de boda<\/i><\/p>\n<p><i>Caf\u00e9, Friandises<\/i><\/p>\n<p>&nbsp;<\/p>\n<p><b>MEN\u00da TULIPANO<\/b><br \/>\n<i>Los aperitivos<\/i><\/p>\n<p><i>Trenza de b\u00fafala al corte<\/i><br \/>\n<i>Milhojas de berenjena con provola ahumada<\/i><br \/>\n<i>Ensalada de mar<\/i><br \/>\n<i>Salm\u00f3n con crostini a la mantequilla de c\u00edtricos<\/i><br \/>\n<i>Pizzas variadas napolitanas<\/i><\/p>\n<p><i>Risotto con crema de gambas<\/i><br \/>\n<i>Rollitos Gragnano a la trufa<\/i><br \/>\n<i>Pasta mezzitufoli a la flor de calabac\u00edn y marisco<\/i><\/p>\n<p><i>Cochinillo asado<\/i><br \/>\n<i>Lubina rellena en bella vista<\/i><\/p>\n<p><i>Patatas nuevas<\/i><br \/>\n<i>Macedonia de legumbres<\/i><br \/>\n<i>Ensalada de campo con peras y nueces<\/i><\/p>\n<p><i>Trofeo de fruta fresca<\/i><br \/>\n<i>Buf\u00e9 de dulces<\/i><\/p>\n<p><i>Pastel de boda<\/i><\/p>\n<p><i>Caf\u00e9 y Friandises<\/i><\/p>\n","protected":false},"excerpt":{"rendered":"<p>Palacios, iglesias, calles, antiguas fortalezas, lugares llenos de encanto y misterio que hacen que N\u00e1poles sea una fuente inagotable de escenarios. Y no solo simples fondos, sino puntos de referencia que formar\u00e1n parte de su historia, de la mitolog\u00eda y leyendas que los envuelven. Organizar ceremonias y banquetes en el Grand Hotel Oriente significa casarse [&hellip;]<\/p>\n","protected":false},"author":13,"featured_media":0,"parent":0,"menu_order":7,"comment_status":"closed","ping_status":"closed","template":"","meta":{"footnotes":""},"class_list":["post-166","page","type-page","status-publish","hentry"],"yoast_head":"<!-- This site is optimized with the Yoast SEO plugin v26.9 - https:\/\/yoast.com\/product\/yoast-seo-wordpress\/ -->\n<title>Bodas - Grand Hotel Oriente<\/title>\n<meta name=\"robots\" content=\"index, follow, max-snippet:-1, max-image-preview:large, max-video-preview:-1\" \/>\n<link rel=\"canonical\" href=\"https:\/\/www.grandhoteloriente.it\/es\/bodas\/\" \/>\n<meta property=\"og:locale\" content=\"es_ES\" \/>\n<meta property=\"og:type\" content=\"article\" \/>\n<meta property=\"og:title\" content=\"Bodas - Grand Hotel Oriente\" \/>\n<meta property=\"og:description\" content=\"Palacios, iglesias, calles, antiguas fortalezas, lugares llenos de encanto y misterio que hacen que N\u00e1poles sea una fuente inagotable de escenarios. Y no solo simples fondos, sino puntos de referencia que formar\u00e1n parte de su historia, de la mitolog\u00eda y leyendas que los envuelven. Organizar ceremonias y banquetes en el Grand Hotel Oriente significa casarse [&hellip;]\" \/>\n<meta property=\"og:url\" content=\"https:\/\/www.grandhoteloriente.it\/es\/bodas\/\" \/>\n<meta property=\"og:site_name\" content=\"Grand Hotel Oriente\" \/>\n<meta name=\"twitter:card\" content=\"summary_large_image\" \/>\n<meta name=\"twitter:label1\" content=\"Tiempo de lectura\" \/>\n\t<meta name=\"twitter:data1\" content=\"1 minuto\" \/>\n<script type=\"application\/ld+json\" class=\"yoast-schema-graph\">{\"@context\":\"https:\/\/schema.org\",\"@graph\":[{\"@type\":\"WebPage\",\"@id\":\"https:\/\/www.grandhoteloriente.it\/es\/bodas\/\",\"url\":\"https:\/\/www.grandhoteloriente.it\/es\/bodas\/\",\"name\":\"Bodas - Grand Hotel Oriente\",\"isPartOf\":{\"@id\":\"https:\/\/www.grandhoteloriente.it\/es\/#website\"},\"datePublished\":\"2020-04-15T08:19:43+00:00\",\"breadcrumb\":{\"@id\":\"https:\/\/www.grandhoteloriente.it\/es\/bodas\/#breadcrumb\"},\"inLanguage\":\"es\",\"potentialAction\":[{\"@type\":\"ReadAction\",\"target\":[\"https:\/\/www.grandhoteloriente.it\/es\/bodas\/\"]}]},{\"@type\":\"BreadcrumbList\",\"@id\":\"https:\/\/www.grandhoteloriente.it\/es\/bodas\/#breadcrumb\",\"itemListElement\":[{\"@type\":\"ListItem\",\"position\":1,\"name\":\"Home\",\"item\":\"https:\/\/www.grandhoteloriente.it\/es\/\"},{\"@type\":\"ListItem\",\"position\":2,\"name\":\"Bodas\"}]},{\"@type\":\"WebSite\",\"@id\":\"https:\/\/www.grandhoteloriente.it\/es\/#website\",\"url\":\"https:\/\/www.grandhoteloriente.it\/es\/\",\"name\":\"Grand Hotel Oriente\",\"description\":\"Ecco un altro sito ms.decms.eu\",\"potentialAction\":[{\"@type\":\"SearchAction\",\"target\":{\"@type\":\"EntryPoint\",\"urlTemplate\":\"https:\/\/www.grandhoteloriente.it\/es\/?s={search_term_string}\"},\"query-input\":{\"@type\":\"PropertyValueSpecification\",\"valueRequired\":true,\"valueName\":\"search_term_string\"}}],\"inLanguage\":\"es\"}]}<\/script>\n<!-- \/ Yoast SEO plugin. -->","yoast_head_json":{"title":"Bodas - Grand Hotel Oriente","robots":{"index":"index","follow":"follow","max-snippet":"max-snippet:-1","max-image-preview":"max-image-preview:large","max-video-preview":"max-video-preview:-1"},"canonical":"https:\/\/www.grandhoteloriente.it\/es\/bodas\/","og_locale":"es_ES","og_type":"article","og_title":"Bodas - Grand Hotel Oriente","og_description":"Palacios, iglesias, calles, antiguas fortalezas, lugares llenos de encanto y misterio que hacen que N\u00e1poles sea una fuente inagotable de escenarios. Y no solo simples fondos, sino puntos de referencia que formar\u00e1n parte de su historia, de la mitolog\u00eda y leyendas que los envuelven. Organizar ceremonias y banquetes en el Grand Hotel Oriente significa casarse [&hellip;]","og_url":"https:\/\/www.grandhoteloriente.it\/es\/bodas\/","og_site_name":"Grand Hotel Oriente","twitter_card":"summary_large_image","twitter_misc":{"Tiempo de lectura":"1 minuto"},"schema":{"@context":"https:\/\/schema.org","@graph":[{"@type":"WebPage","@id":"https:\/\/www.grandhoteloriente.it\/es\/bodas\/","url":"https:\/\/www.grandhoteloriente.it\/es\/bodas\/","name":"Bodas - Grand Hotel Oriente","isPartOf":{"@id":"https:\/\/www.grandhoteloriente.it\/es\/#website"},"datePublished":"2020-04-15T08:19:43+00:00","breadcrumb":{"@id":"https:\/\/www.grandhoteloriente.it\/es\/bodas\/#breadcrumb"},"inLanguage":"es","potentialAction":[{"@type":"ReadAction","target":["https:\/\/www.grandhoteloriente.it\/es\/bodas\/"]}]},{"@type":"BreadcrumbList","@id":"https:\/\/www.grandhoteloriente.it\/es\/bodas\/#breadcrumb","itemListElement":[{"@type":"ListItem","position":1,"name":"Home","item":"https:\/\/www.grandhoteloriente.it\/es\/"},{"@type":"ListItem","position":2,"name":"Bodas"}]},{"@type":"WebSite","@id":"https:\/\/www.grandhoteloriente.it\/es\/#website","url":"https:\/\/www.grandhoteloriente.it\/es\/","name":"Grand Hotel Oriente","description":"Ecco un altro sito ms.decms.eu","potentialAction":[{"@type":"SearchAction","target":{"@type":"EntryPoint","urlTemplate":"https:\/\/www.grandhoteloriente.it\/es\/?s={search_term_string}"},"query-input":{"@type":"PropertyValueSpecification","valueRequired":true,"valueName":"search_term_string"}}],"inLanguage":"es"}]}},"acf":[],"_links":{"self":[{"href":"https:\/\/www.grandhoteloriente.it\/es\/wp-json\/wp\/v2\/pages\/166","targetHints":{"allow":["GET"]}}],"collection":[{"href":"https:\/\/www.grandhoteloriente.it\/es\/wp-json\/wp\/v2\/pages"}],"about":[{"href":"https:\/\/www.grandhoteloriente.it\/es\/wp-json\/wp\/v2\/types\/page"}],"author":[{"embeddable":true,"href":"https:\/\/www.grandhoteloriente.it\/es\/wp-json\/wp\/v2\/users\/13"}],"replies":[{"embeddable":true,"href":"https:\/\/www.grandhoteloriente.it\/es\/wp-json\/wp\/v2\/comments?post=166"}],"version-history":[{"count":0,"href":"https:\/\/www.grandhoteloriente.it\/es\/wp-json\/wp\/v2\/pages\/166\/revisions"}],"wp:attachment":[{"href":"https:\/\/www.grandhoteloriente.it\/es\/wp-json\/wp\/v2\/media?parent=166"}],"curies":[{"name":"wp","href":"https:\/\/api.w.org\/{rel}","templated":true}]}}