{"id":99,"date":"2020-04-14T14:40:29","date_gmt":"2020-04-14T12:40:29","guid":{"rendered":"http:\/\/grandhoteloriente.ms.decms.eu\/?page_id=99"},"modified":"2020-11-02T18:05:56","modified_gmt":"2020-11-02T17:05:56","slug":"privacy","status":"publish","type":"page","link":"https:\/\/www.grandhoteloriente.it\/en\/privacy\/","title":{"rendered":"Privacy"},"content":{"rendered":"<div class=\"body\">\n<p>In questa pagina si descrivono le modalit\u00e0 di gestione del sito in riferimento al trattamento dei dati personali degli utenti che lo consultano.<\/p>\n<p>Si tratta di un\u2019informativa che \u00e8 resa anche ai sensi dell\u2019art. 13 del D. Lgs. n. 196\/2003 \u2013 Codice in materia di protezione dei dati personali a coloro che interagiscono con i servizi web della societ\u00e0 <em>F.E.N. CORPORATE\u00a0 S.P.A.<\/em>, accessibili per via telematica a partire dall\u2019indirizzo:\u00a0 <a href=\"https:\/\/www.grandhoteloriente.it\/\" target=\"_blank\" rel=\"noopener noreferrer\">https:\/\/www.grandhoteloriente.it\/<\/a><\/p>\n<p>L\u2019informativa \u00e8 resa disponibile solo per il sito internet della societ\u00e0 <em>F.E.N. CORPORATE\u00a0 S.P.A.<\/em> Titolare del trattamento e non anche per altri siti web eventualmente consultati dall\u2019utente tramite link.<\/p>\n<p>L\u2019informativa \u00e8 conforme alla normativa della Comunit\u00e0 Europea e pi\u00f9 precisamente alla Raccomandazione n. 2\/2001 che le autorit\u00e0 europee per la protezione dei dati personali, riunite nel Gruppo istituito dall\u2019art. 29 della direttiva n. 95\/46\/CE, hanno adottato il 17 maggio 2001 per individuare alcuni requisiti minimi per la raccolta di dati personali on-line, e, in particolare, le modalit\u00e0, i tempi e la natura delle informazioni che i titolari del trattamento devono fornire agli utenti quando questi si collegano a pagine web, indipendentemente dagli scopi del collegamento.<\/p>\n<p>&nbsp;<\/p>\n<p align=\"center\"><b>IL \u201cTITOLARE\u201d DEL TRATTAMENTO<\/b><\/p>\n<p>Ai sensi dell\u2019art. 28 del D. Lgs. 196\/2003, Titolare del trattamento dei Dati \u00e8 la Societ\u00e0\u00a0<em>F.E.N. CORPORATE\u00a0 S.P.A.<\/em> con sede a Napoli.<\/p>\n<p>&nbsp;<\/p>\n<p align=\"center\"><b>I \u201cRESPONSABILI\u201d DEL TRATTAMENTO<\/b><\/p>\n<p>Ai sensi dell\u2019art. 29 del D. Lgs. 196\/2003, Responsabile del Trattamento \u00e8\u00a0\u00a0<em>F.E.N. CORPORATE\u00a0 S.P.A.<\/em> .<\/p>\n<p>Ai sensi dell\u2019art. 29 del D. Lgs. 196\/2003, Responsabile esterno del trattamento dei dati per la gestione del sito e l\u2019acquisizione dei dati personali in fase di prenotazione \u00e8 la Societ\u00e0 D-EDGE \u2013 64-66 Rue des Archives, 75003 Parigi, Francia proprietaria del motore di prenotazione alberghiera (www. d-edge.com) integrato nel presente sito web.<\/p>\n<p>&nbsp;<\/p>\n<p align=\"center\"><b>LUOGO DI TRATTAMENTO DEI DATI<\/b><\/p>\n<p>Il sito \u00e8 ospitato su macchine gestite da una societ\u00e0 esterna tuttavia le comunicazioni sono trasmesse al titolare del trattamento al fine di dare riscontro alle richieste degli utenti e garantire la prenotazione.<\/p>\n<p>I trattamenti connessi ai servizi web di questo sito hanno luogo quindi presso le sedi del titolare e dei responsabili esterni del trattamento per ambiti di pertinenza.<\/p>\n<p>Nessun dato derivante dal servizio web viene comunicato dalle due societ\u00e0 a terzi se non strettamente pertinente la finalit\u00e0 del trattamento o imposto da leggi o regolamenti.<\/p>\n<p>&nbsp;<\/p>\n<p align=\"center\"><b>FINALITA\u2019 DEL TRATTAMENTO<\/b><\/p>\n<p>I dati personali forniti volontariamente e facoltativamente dagli utenti che inoltrano richieste per ricevere informazioni sui servizi dell\u2019hotel (prezzi, disponibilit\u00e0 delle camere, ecc.), o semplicemente inoltrano richieste di assunzione tramite l\u2019invio di curricula in formato elettronico, sono utilizzati al solo fine di eseguire il servizio o la prestazione richiesta e non sono comunicati a terzi salvo che la comunicazione sia imposta da obblighi di legge o sia strettamente pertinente e necessaria per l\u2019adempimento delle richieste.<\/p>\n<p>In particolare i dati personali forniti volontariamente dagli interessati del trattamento saranno raccolti e trattati, anche con l\u2019ausilio di mezzi elettronici direttamente e\/o tramite terzi delegati (societ\u00e0 per il servizio di posta elettronica, societ\u00e0 per l\u2019hosting del sito web) per le seguenti finalit\u00e0:<\/p>\n<ul>\n<li>verificare la disponibilit\u00e0 della camera richiesta a fronte di informazioni inserite nel form di prenotazione;<\/li>\n<li>permettere di effettuare e confermare la prenotazione fornendo a garanzia i propri dati identificativi e i dati della propria carta di credito;<\/li>\n<li>attivare eventuali attivit\u00e0 promozionali e commerciali in conformit\u00e0 all\u2019art. 130 comma 4 del D. Lgs. 196\/2003;<\/li>\n<li>per adempiere ai vigenti obblighi di natura amministrativa, contabile e fiscale, nonch\u00e9 per ottemperare a leggi e regolamenti;<\/li>\n<li>fornire risposte sui nostri servizi alberghieri (disponibilit\u00e0 delle camere, prezzi, sale congressi, ristorazione, ecc.);<\/li>\n<li>registrarsi nella newsletter per ricevere periodiche comunicazioni di natura commerciale o promozionale;<\/li>\n<li>valutare gli eventuali curricula pervenuti compatibilmente con le eventuali esigenze interne;<\/li>\n<li>per la difesa da parte del Titolare in giudizio o nelle fasi propedeutiche alla sua eventuale instaurazione, da abusi derivanti da un utilizzo illecito del sito web o dei servizi connessi da parte dell\u2019Utente;<\/li>\n<li>finalit\u00e0 statistiche in forma anonima (per valutare il numero di accessi, ecc.).<\/li>\n<\/ul>\n<p>&nbsp;<\/p>\n<p align=\"center\"><b>PRENOTAZIONI<\/b><\/p>\n<p>I dati personali sulle prenotazioni saranno trattati con modalit\u00e0 elettroniche e cartacee al solo fine di garantire la prenotazione della camera\\e alle condizioni concordate.<\/p>\n<p>La piattaforma di prenotazione \u00e8 di propriet\u00e0 della societ\u00e0 D-EDGE, responsabile esterna del trattamento, che comunicher\u00e0 i dati dell\u2019interessato alla struttura ricettiva per le normali attivit\u00e0 legate alla gestione dell\u2019ospitalit\u00e0<\/p>\n<p>I dati saranno registrati all\u2019interno di nostre banche dati elettroniche accessibili a personale debitamente incaricato ed istruito in materia di sicurezza e riservatezza dei dati personali.<\/p>\n<p>Per confermare la prenotazione sar\u00e0 necessaria una carta di credito data a garanzia fermo restando che il cliente potr\u00e0 decidere di pagare in contanti al termine del soggiorno.<\/p>\n<p>&nbsp;<\/p>\n<p align=\"center\"><b>GESTIONE DEI CURRICULA<\/b><\/p>\n<p><i>La presente informativa redatta in conformit\u00e0 con l\u2019art. 13 del D. Lgs. 196\/2003 \u00e8 utilizzabile dalla societ\u00e0\u00a0\u00a0<em>F.E.N. CORPORATE\u00a0 S.P.A.<\/em> anche per le eventuali inserzioni pubblicate per la ricerca del personale in siti o portali non gestiti direttamente dalla societ\u00e0\u00a0\u00a0<em>F.E.N. CORPORATE\u00a0 S.P.A.<\/em><\/i><br \/>\nLa Societ\u00e0 tratter\u00e0 i curricula pervenuti via email o tramite societ\u00e0 terze parti di recruting (pubblicazioni su portali, ecc.) per valutare le potenziali candidature all\u2019interno della societ\u00e0 o che si potrebbero presentare in un prossimo futuro.<\/p>\n<p>Il trattamento avviene con modalit\u00e0 elettroniche ad esclusione dei curricula pervenuti mediante posta ordinaria.<\/p>\n<p>I curricula considerati \u201cinteressanti\u201d saranno conservati presso la sede della societ\u00e0 per un periodo non superiore ad un anno e saranno trattati nel totale rispetto delle misure minime di sicurezza di cui agli art. 33, 34 e 35 del D. Lgs. 196\/2003.<\/p>\n<p>I curricula ritenuti non pertinenti cos\u00ec come quei curricula il cui tempo di conservazione ha superato il 12 mesi saranno cestinati.<\/p>\n<p>I curricula saranno comunque conservati presso la sede della societ\u00e0 e non saranno comunicati a terzi non autorizzati.<\/p>\n<p>Gli stessi potranno essere valutati da dipendenti o collaboratori della societ\u00e0 nominati incaricati del trattamento (ex art. 30 del D. Lgs. 196\/2003).<br \/>\nSi invitano comunque i gentili candidati a rispettare le seguenti regole nella trasmissione dei curricula in formato elettronico:<\/p>\n<ol>\n<li>Compilare il proprio curriculum il formato europeo;<\/li>\n<li>trasmettere il curriculum in formato pdf;<\/li>\n<li>evitare di inserire nel proprio curriculum dati sensibili (relativi, in particolare, allo stato di salute, alle convinzioni religiose, filosofiche o politiche) non pertinenti in relazione all\u2019offerta di lavoro;<\/li>\n<li>dare il consenso al trattamento.<\/li>\n<\/ol>\n<p>La societ\u00e0 si riserva di cestinare i curricula che non rispetteranno i requisiti di cui sopra.<\/p>\n<p>Sar\u00e0 cura della Societ\u00e0 fornire un\u2019idonea informativa ai sensi dell\u2019art. 13 del D. Lgs. 196\/2003, durante gli eventuali colloqui con i candidati.<\/p>\n<p>La finalit\u00e0 del trattamento connessa alla gestione dei curricula, interesser\u00e0 attivit\u00e0 strettamente riferite alla valutazione, reclutamento o selezione del personale, con obiettivi di collaborazione, assunzione a tempo determinato o indeterminato, di stage, ovvero per consentire al candidato prescelto di preparare la propria tesi di laurea presso la nostra Sede.<\/p>\n<p>&nbsp;<\/p>\n<p align=\"center\"><b>COMUNICAZIONI VIA EMAIL DI NATURA COMMERCIALE<\/b><\/p>\n<p>La societ\u00e0 \u00a0<em>F.E.N. CORPORATE\u00a0 S.P.A.<\/em>\u00a0 si riserva la possibilit\u00e0 di inviare email di natura promozionale e commerciale in sintonia con l\u2019art. 130 comma 4 del D. Lgs. 196\/2003:<\/p>\n<p>\u201c<i>se nell\u2019ambito di una vendita di un bene o di un servizio il Titolare del Trattamento utilizza l\u2019indirizzo e-mail del cliente, lo stesso indirizzo pu\u00f2 essere utilizzato per l\u2019invio di materiale commerciale e promozionale senza chiedere il preventivo consenso purch\u00e9 il cliente venga opportunamente informato ad ogni invio di materiale promozionale e commerciale e che lo stesso abbia la possibilit\u00e0 in modo agevole e gratuito di esercitare il diritto di interrompere tale trattamento<\/i>\u201d.<\/p>\n<p>In tal caso, l\u2019interessato, ricevuto il primo messaggio di natura promozionale avr\u00e0 la possibilit\u00e0 di cancellarsi dalla newsletter della struttura ricettiva con un semplice click.<\/p>\n<p>L\u2019invio di questi messaggi \u00e8 affidato a un fornitore terzo di servizi di posta elettronica.<\/p>\n<p><b>\u00a0<\/b><\/p>\n<p align=\"center\"><b>COMUNICAZIONE E DIFFUSIONE DEI DATI<\/b><\/p>\n<p>I dati personali acquisiti dal sito internet in oggetto potranno essere trattati esclusivamente da personale ufficialmente nominato ed istruito in materia di riservatezza e sicurezza sui dati personali.<\/p>\n<p>Gli ambiti di comunicazione dei dati personali degli interessati possono riferirsi:<\/p>\n<ol>\n<li>ad Enti o Uffici Pubblici in funzione degli obblighi di legge e\/o contrattuali;<\/li>\n<li>societ\u00e0 D-EDGE;<\/li>\n<li>responsabili esterni del trattamento in qualit\u00e0 di societ\u00e0 o consulenti che effettuano per conto del titolare attivit\u00e0 strumentali al corretto funzionamento del sito e gestione delle informazioni tramite lo stesso acquisite;<\/li>\n<li>alla Polizia Postale per la determinazione di eventuali attivit\u00e0 dannose per il sito della societ\u00e0;<\/li>\n<li>a collaboratori o ad aziende erogatrici di servizi quando la comunicazione risulti necessaria all\u2019utilizzo da parte dell\u2019interessato dei servizi dell\u2019hotel.<\/li>\n<\/ol>\n<p>I dati personali non saranno oggetto di diffusione.<\/p>\n<p>&nbsp;<\/p>\n<p align=\"center\"><b>DATI DI NAVIGAZIONE<\/b><\/p>\n<p>Le applicazioni software finalizzate al funzionamento di questo sito web acquisiscono, nel corso del loro normale esercizio, alcuni dati personali la cui trasmissione \u00e8 implicita nell\u2019ambito del normale protocollo IP di comunicazione di Internet.<\/p>\n<p>Si tratta di informazioni che non sono raccolte per essere associate direttamente agli interessati identificati, ma che per loro stessa natura potrebbero, attraverso elaborazioni e correlazioni successive con dati detenuti da terzi (provider), permettere di identificare gli utenti.<\/p>\n<p>In questa categoria di dati rientrano gli indirizzi IP o i nomi a dominio dei computer utilizzati dagli utenti che si connettono al sito, la data e l\u2019orario della richiesta, gli indirizzi in notazione URI (Uniform Resource Identifier) delle risorse richieste, la dimensione del file ottenuto in risposta dal server, il codice numerico indicante lo stato della risposta data dal server (ok, errore, ecc.) ed altri parametri relativi al sistema operativo e all\u2019ambiente informatico dell\u2019utente.<\/p>\n<p>Questi dati vengono utilizzati al solo fine di ricavare informazioni statistiche anonime sull\u2019uso del sito e per controllarne il corretto funzionamento e vengono cancellati immediatamente dopo l\u2019elaborazione.<\/p>\n<p>Questo sito potrebbe rivelare dati personali che se richiesto in conformit\u00e0 alla legge, potranno essere comunicati all\u2019autorit\u00e0 giudiziaria per finalit\u00e0 di difesa dello Stato o di prevenzione, accertamento o repressione di reati, agire per garantire la protezione dei dati personali degli interessati che usufruiscono dei servizi on line del sito, per eventuali investigazioni difensive di cui alla legge n. 397 del 7 dicembre del 2000, o, comunque per far valere o difendere un legittimo diritto ed interesse del Titolare in sede giudiziaria nel rispetto comunque dei principi di pertinenza e non eccedenza rispetto alla finalit\u00e0 del trattamento.<\/p>\n<p><b>\u00a0<\/b><\/p>\n<p align=\"center\"><b>FACOLTATIVITA\u2019 DEL CONFERIMENTO DEI DATI<\/b><\/p>\n<p>A parte quanto specificato per i dati di navigazione, l\u2019utente \u00e8 libero di fornire i dati personali per effettuare una prenotazione on-line.<\/p>\n<p>L\u2019avanzamento della procedura di prenotazione on-line implica un implicito consenso dell\u2019interessato al trattamento dei propri dati personali in base alla politica privacy di questo sito web.<\/p>\n<p>L\u2019eventuale acquisizione di altri dati personali attraverso form dedicati (ad esempio la registrazione alla newsletter), richieder\u00e0 un\u2019esplicita presa visione dell\u2019informativa da parte dell\u2019interessato al trattamento come autorizzazione al trattamento dei suoi dati personali.<\/p>\n<p>Il mancato conferimento dei dati personali previsto dal sito web pu\u00f2 comportare l\u2019impossibilit\u00e0 di ottenere quanto richiesto.<\/p>\n<p>L\u2019invio facoltativo, esplicito e volontario di posta elettronica agli indirizzi indicati su questo sito comporta la successiva acquisizione dell\u2019indirizzo del mittente, necessario per rispondere alle richieste, nonch\u00e9 degli eventuali altri dati personali inseriti nella missiva.<\/p>\n<p>&nbsp;<\/p>\n<p align=\"center\"><b>MODALITA\u2019 DEL TRATTAMENTO<\/b><\/p>\n<p>I dati personali sono trattati in formato cartaceo e\/o con strumenti automatizzati per il tempo strettamente necessario a conseguire gli scopi per cui sono stati raccolti.<\/p>\n<p>Specifiche misure di sicurezza sono osservate per prevenire la perdita dei dati, usi illeciti o non corretti ed accessi non autorizzati.<\/p>\n<p><b>\u00a0<\/b><\/p>\n<p align=\"center\"><b>DATI FORNITI VOLONTARIAMENTE DALL\u2019UTENTE<\/b><\/p>\n<p>L\u2019invio facoltativo, esplicito e volontario di posta elettronica agli indirizzi indicati su questo sito comporta la successiva acquisizione dell\u2019indirizzo del mittente, necessario per rispondere alle richieste, nonch\u00e9 degli eventuali altri dati personali inseriti nella missiva.<\/p>\n<p>&nbsp;<\/p>\n<p align=\"center\"><b>COOKIES<\/b><\/p>\n<p>I cookies sono dei piccoli files registrati sul Vostro disco rigido. Questo permette una navigazione pi\u00f9 agevole e una maggiore facilit\u00e0 d\u2019uso del sito stesso.<\/p>\n<p>I cookies generalmente permettono di ottenere l\u2019accesso a informazioni gi\u00e0 archiviate sul computer dell\u2019interessato per finalit\u00e0 che possono essere di natura commerciale (profilazione ad esempio) o tecnica (per garantire il corretto funzionamento del sito visitato).<\/p>\n<p>In conformit\u00e0 alla Direttiva 2009\/136\/CE non sar\u00e0 richiesto nessun esplicito consenso all\u2019utilizzo di cookies perch\u00e9 si utilizzeranno esclusivamente cookies di sessione, ovvero cookies strumentali al corretto funzionamento del sito web.<\/p>\n<p>Non verr\u00e0 quindi fatto nessun\u00a0 uso di cookies per la trasmissione di informazioni di carattere personale, n\u00e9 vengono utilizzati c.d. cookies persistenti di alcun tipo, ovvero sistemi per il tracciamento degli utenti.<\/p>\n<p>L\u2019uso di c.d. cookies di sessione (che non vengono memorizzati in modo persistente sul computer dell\u2019utente e svaniscono con la chiusura del browser) \u00e8 strettamente limitato alla trasmissione di identificativi di sessione (costituiti da numeri casuali generati dal server) necessari per consentire l\u2019esplorazione sicura ed efficiente del sito.<\/p>\n<p>I c.d. cookies di sessione utilizzati in questo sito evitano il ricorso ad altre tecniche informatiche potenzialmente pregiudizievoli per la riservatezza della navigazione degli utenti e non consentono l\u2019acquisizione di dati personali identificativi dell\u2019utente.<\/p>\n<p><b>\u00a0<\/b><\/p>\n<p align=\"center\"><b>DIRITTI DEGLI INTERESSATI<\/b><\/p>\n<p>I soggetti cui si riferiscono i dati personali hanno il diritto in qualunque momento di ottenere la conferma dell\u2019esistenza o meno dei medesimi dati e di conoscerne il contenuto e l\u2019origine, verificarne l\u2019esattezza o chiederne l\u2019integrazione o l\u2019aggiornamento, oppure la rettificazione (art. 7 del D. Lgs. n. 196\/2003).<\/p>\n<p>Ai sensi del medesimo articolo si ha il diritto di chiedere la cancellazione, la trasformazione in forma anonima o il blocco dei dati trattati in violazione di legge, nonch\u00e9 di opporsi in ogni caso, per motivi legittimi, al loro trattamento.<\/p>\n<p>Le richieste vanno rivolte alla Societ\u00e0\u00a0<em>F.E.N. CORPORATE\u00a0 S.P.A.<\/em> titolare del trattamento dei dati personali.<\/p>\n<p>Di seguito si riportano per esteso i diritti dell\u2019interessato.<\/p>\n<p><b>\u00a0<\/b><\/p>\n<p>Art. 7 \u2013 Diritto di accesso ai dati personali ed altri diritti<\/p>\n<p>1. L\u2019interessato ha diritto di ottenere la conferma dell\u2019esistenza o meno di dati personali che lo riguardano, anche se non ancora registrati, e la loro comunicazione in forma intelligibile.<\/p>\n<p>&nbsp;<\/p>\n<p>2. L\u2019interessato ha diritto di ottenere l\u2019indicazione:<\/p>\n<p>a)\u00a0\u00a0\u00a0 dell\u2019 origine dei dati personali;<br \/>\nb)\u00a0\u00a0\u00a0 delle finalit\u00e0 e modalit\u00e0 del trattamento;<br \/>\nc)\u00a0\u00a0\u00a0\u00a0 della logica applicata in caso di trattamento effettuato con l\u2019ausilio di strumenti elettronici;<br \/>\nd)\u00a0\u00a0\u00a0 degli estremi identificativi del titolare, dei responsabili e del rappresentante designato ai sensi dell\u2019articolo 5, comma 2;<br \/>\ne)\u00a0\u00a0\u00a0 dei soggetti o delle categorie di soggetti ai quali i dati personali possono essere comunicati o che possono venirne a conoscenza in qualit\u00e0 di rappresentante designato nel territorio dello Stato, di responsabili o incaricati.<\/p>\n<p>&nbsp;<\/p>\n<p>3. L\u2019interessato ha diritto di ottenere:<\/p>\n<p>a)\u00a0\u00a0\u00a0 l\u2019aggiornamento, la rettificazione ovvero, quando vi ha interesse, l\u2019integrazione dei dati;<br \/>\nb)\u00a0\u00a0\u00a0 la cancellazione, la trasformazione in forma anonima o il blocco dei dati trattati in violazione di legge, compresi quelli di cui non \u00e8 necessaria la conservazione in relazione agli scopi per i quali i dati sono stati raccolti o successivamente trattati;<br \/>\nc)\u00a0\u00a0\u00a0\u00a0 l\u2019attestazione che le operazioni di cui alle lettere a) e b) sono state portate a conoscenza, anche per quanto riguarda il loro contenuto, di coloro ai quali i dati sono stati comunicati o diffusi, eccettuato il caso in cui tale adempimento si rivela impossibile o comporta un impiego di mezzi manifestamente sproporzionato rispetto al diritto tutelato.<\/p>\n<p>&nbsp;<\/p>\n<p>4. L\u2019interessato ha diritto di opporsi, in tutto o in parte:<\/p>\n<p>a)\u00a0\u00a0\u00a0 per motivi legittimi al trattamento dei dati personali che lo riguardano, ancorch\u00e9 pertinenti allo scopo della raccolta;<br \/>\nb)\u00a0\u00a0\u00a0 al trattamento di dati personali che lo riguardano a fini di invio di materiale pubblicitario o di vendita diretta o per il compimento di ricerche di mercato o di comunicazione commerciale.<\/p>\n<\/div>\n","protected":false},"excerpt":{"rendered":"<p>In questa pagina si descrivono le modalit\u00e0 di gestione del sito in riferimento al trattamento dei dati personali degli utenti che lo consultano. Si tratta di un\u2019informativa che \u00e8 resa anche ai sensi dell\u2019art. 13 del D. Lgs. n. 196\/2003 \u2013 Codice in materia di protezione dei dati personali a coloro che interagiscono con i [&hellip;]<\/p>\n","protected":false},"author":13,"featured_media":0,"parent":0,"menu_order":13,"comment_status":"closed","ping_status":"closed","template":"","meta":{"footnotes":""},"class_list":["post-99","page","type-page","status-publish","hentry"],"yoast_head":"<!-- This site is optimized with the Yoast SEO plugin v26.9 - https:\/\/yoast.com\/product\/yoast-seo-wordpress\/ -->\n<title>Privacy - Grand Hotel Oriente<\/title>\n<meta name=\"robots\" content=\"index, follow, max-snippet:-1, max-image-preview:large, max-video-preview:-1\" \/>\n<link rel=\"canonical\" href=\"https:\/\/www.grandhoteloriente.it\/en\/privacy\/\" \/>\n<meta property=\"og:locale\" content=\"en_US\" \/>\n<meta property=\"og:type\" content=\"article\" \/>\n<meta property=\"og:title\" content=\"Privacy - Grand Hotel Oriente\" \/>\n<meta property=\"og:description\" content=\"In questa pagina si descrivono le modalit\u00e0 di gestione del sito in riferimento al trattamento dei dati personali degli utenti che lo consultano. Si tratta di un\u2019informativa che \u00e8 resa anche ai sensi dell\u2019art. 13 del D. Lgs. n. 196\/2003 \u2013 Codice in materia di protezione dei dati personali a coloro che interagiscono con i [&hellip;]\" \/>\n<meta property=\"og:url\" content=\"https:\/\/www.grandhoteloriente.it\/en\/privacy\/\" \/>\n<meta property=\"og:site_name\" content=\"Grand Hotel Oriente\" \/>\n<meta property=\"article:modified_time\" content=\"2020-11-02T17:05:56+00:00\" \/>\n<meta name=\"twitter:card\" content=\"summary_large_image\" \/>\n<meta name=\"twitter:label1\" content=\"Est. reading time\" \/>\n\t<meta name=\"twitter:data1\" content=\"13 minutes\" \/>\n<script type=\"application\/ld+json\" class=\"yoast-schema-graph\">{\"@context\":\"https:\/\/schema.org\",\"@graph\":[{\"@type\":\"WebPage\",\"@id\":\"https:\/\/www.grandhoteloriente.it\/en\/privacy\/\",\"url\":\"https:\/\/www.grandhoteloriente.it\/en\/privacy\/\",\"name\":\"Privacy - Grand Hotel Oriente\",\"isPartOf\":{\"@id\":\"https:\/\/www.grandhoteloriente.it\/en\/#website\"},\"datePublished\":\"2020-04-14T12:40:29+00:00\",\"dateModified\":\"2020-11-02T17:05:56+00:00\",\"breadcrumb\":{\"@id\":\"https:\/\/www.grandhoteloriente.it\/en\/privacy\/#breadcrumb\"},\"inLanguage\":\"en-US\",\"potentialAction\":[{\"@type\":\"ReadAction\",\"target\":[\"https:\/\/www.grandhoteloriente.it\/en\/privacy\/\"]}]},{\"@type\":\"BreadcrumbList\",\"@id\":\"https:\/\/www.grandhoteloriente.it\/en\/privacy\/#breadcrumb\",\"itemListElement\":[{\"@type\":\"ListItem\",\"position\":1,\"name\":\"Home\",\"item\":\"https:\/\/www.grandhoteloriente.it\/en\/\"},{\"@type\":\"ListItem\",\"position\":2,\"name\":\"Privacy\"}]},{\"@type\":\"WebSite\",\"@id\":\"https:\/\/www.grandhoteloriente.it\/en\/#website\",\"url\":\"https:\/\/www.grandhoteloriente.it\/en\/\",\"name\":\"Grand Hotel Oriente\",\"description\":\"Ecco un altro sito ms.decms.eu\",\"potentialAction\":[{\"@type\":\"SearchAction\",\"target\":{\"@type\":\"EntryPoint\",\"urlTemplate\":\"https:\/\/www.grandhoteloriente.it\/en\/?s={search_term_string}\"},\"query-input\":{\"@type\":\"PropertyValueSpecification\",\"valueRequired\":true,\"valueName\":\"search_term_string\"}}],\"inLanguage\":\"en-US\"}]}<\/script>\n<!-- \/ Yoast SEO plugin. -->","yoast_head_json":{"title":"Privacy - Grand Hotel Oriente","robots":{"index":"index","follow":"follow","max-snippet":"max-snippet:-1","max-image-preview":"max-image-preview:large","max-video-preview":"max-video-preview:-1"},"canonical":"https:\/\/www.grandhoteloriente.it\/en\/privacy\/","og_locale":"en_US","og_type":"article","og_title":"Privacy - Grand Hotel Oriente","og_description":"In questa pagina si descrivono le modalit\u00e0 di gestione del sito in riferimento al trattamento dei dati personali degli utenti che lo consultano. Si tratta di un\u2019informativa che \u00e8 resa anche ai sensi dell\u2019art. 13 del D. Lgs. n. 196\/2003 \u2013 Codice in materia di protezione dei dati personali a coloro che interagiscono con i [&hellip;]","og_url":"https:\/\/www.grandhoteloriente.it\/en\/privacy\/","og_site_name":"Grand Hotel Oriente","article_modified_time":"2020-11-02T17:05:56+00:00","twitter_card":"summary_large_image","twitter_misc":{"Est. reading time":"13 minutes"},"schema":{"@context":"https:\/\/schema.org","@graph":[{"@type":"WebPage","@id":"https:\/\/www.grandhoteloriente.it\/en\/privacy\/","url":"https:\/\/www.grandhoteloriente.it\/en\/privacy\/","name":"Privacy - Grand Hotel Oriente","isPartOf":{"@id":"https:\/\/www.grandhoteloriente.it\/en\/#website"},"datePublished":"2020-04-14T12:40:29+00:00","dateModified":"2020-11-02T17:05:56+00:00","breadcrumb":{"@id":"https:\/\/www.grandhoteloriente.it\/en\/privacy\/#breadcrumb"},"inLanguage":"en-US","potentialAction":[{"@type":"ReadAction","target":["https:\/\/www.grandhoteloriente.it\/en\/privacy\/"]}]},{"@type":"BreadcrumbList","@id":"https:\/\/www.grandhoteloriente.it\/en\/privacy\/#breadcrumb","itemListElement":[{"@type":"ListItem","position":1,"name":"Home","item":"https:\/\/www.grandhoteloriente.it\/en\/"},{"@type":"ListItem","position":2,"name":"Privacy"}]},{"@type":"WebSite","@id":"https:\/\/www.grandhoteloriente.it\/en\/#website","url":"https:\/\/www.grandhoteloriente.it\/en\/","name":"Grand Hotel Oriente","description":"Ecco un altro sito ms.decms.eu","potentialAction":[{"@type":"SearchAction","target":{"@type":"EntryPoint","urlTemplate":"https:\/\/www.grandhoteloriente.it\/en\/?s={search_term_string}"},"query-input":{"@type":"PropertyValueSpecification","valueRequired":true,"valueName":"search_term_string"}}],"inLanguage":"en-US"}]}},"acf":[],"_links":{"self":[{"href":"https:\/\/www.grandhoteloriente.it\/en\/wp-json\/wp\/v2\/pages\/99","targetHints":{"allow":["GET"]}}],"collection":[{"href":"https:\/\/www.grandhoteloriente.it\/en\/wp-json\/wp\/v2\/pages"}],"about":[{"href":"https:\/\/www.grandhoteloriente.it\/en\/wp-json\/wp\/v2\/types\/page"}],"author":[{"embeddable":true,"href":"https:\/\/www.grandhoteloriente.it\/en\/wp-json\/wp\/v2\/users\/13"}],"replies":[{"embeddable":true,"href":"https:\/\/www.grandhoteloriente.it\/en\/wp-json\/wp\/v2\/comments?post=99"}],"version-history":[{"count":0,"href":"https:\/\/www.grandhoteloriente.it\/en\/wp-json\/wp\/v2\/pages\/99\/revisions"}],"wp:attachment":[{"href":"https:\/\/www.grandhoteloriente.it\/en\/wp-json\/wp\/v2\/media?parent=99"}],"curies":[{"name":"wp","href":"https:\/\/api.w.org\/{rel}","templated":true}]}}