{"id":72,"date":"2020-04-14T12:05:34","date_gmt":"2020-04-14T10:05:34","guid":{"rendered":"http:\/\/grandhoteloriente.ms.decms.eu\/?page_id=72"},"modified":"2022-12-09T12:48:33","modified_gmt":"2022-12-09T11:48:33","slug":"zimmer-suiten","status":"publish","type":"page","link":"https:\/\/www.grandhoteloriente.it\/de\/zimmer-suiten\/","title":{"rendered":"Zimmer &amp; Suiten"},"content":{"rendered":"<p>Unsere ger\u00e4umigen Zimmer sind klassisch eingerichtet und mit allen (technischen) Komforts ausgestattet.<\/p>\n<p>Von den Terrassen der Zimmer und der Suite in den oberen Etagen k\u00f6nnen Sie einen <b>herrlichen Ausblick<\/b> auf die Stadt genie\u00dfen<\/p>\n<p>Die Zimmer des Grand Hotel Oriente werden zu erholsamen R\u00fcckszugsorten nach langen Arbeitstagen oder nach einer Stadtbesichtigung.<\/p>\n","protected":false},"excerpt":{"rendered":"<p>Unsere ger\u00e4umigen Zimmer sind klassisch eingerichtet und mit allen (technischen) Komforts ausgestattet. Von den Terrassen der Zimmer und der Suite in den oberen Etagen k\u00f6nnen Sie einen herrlichen Ausblick auf die Stadt genie\u00dfen Die Zimmer des Grand Hotel Oriente werden zu erholsamen R\u00fcckszugsorten nach langen Arbeitstagen oder nach einer Stadtbesichtigung.<\/p>\n","protected":false},"author":13,"featured_media":0,"parent":0,"menu_order":3,"comment_status":"closed","ping_status":"closed","template":"template-rooms.php","meta":{"footnotes":""},"class_list":["post-72","page","type-page","status-publish","hentry"],"yoast_head":"<!-- This site is optimized with the Yoast SEO plugin v26.9 - https:\/\/yoast.com\/product\/yoast-seo-wordpress\/ -->\n<title>Zimmer &amp; Suiten - Grand Hotel Oriente<\/title>\n<meta name=\"robots\" content=\"index, follow, max-snippet:-1, max-image-preview:large, max-video-preview:-1\" \/>\n<link rel=\"canonical\" href=\"https:\/\/www.grandhoteloriente.it\/de\/zimmer-suiten\/\" \/>\n<meta property=\"og:locale\" content=\"de_DE\" \/>\n<meta property=\"og:type\" content=\"article\" \/>\n<meta property=\"og:title\" content=\"Zimmer &amp; Suiten - Grand Hotel Oriente\" \/>\n<meta property=\"og:description\" content=\"Unsere ger\u00e4umigen Zimmer sind klassisch eingerichtet und mit allen (technischen) Komforts ausgestattet. Von den Terrassen der Zimmer und der Suite in den oberen Etagen k\u00f6nnen Sie einen herrlichen Ausblick auf die Stadt genie\u00dfen Die Zimmer des Grand Hotel Oriente werden zu erholsamen R\u00fcckszugsorten nach langen Arbeitstagen oder nach einer Stadtbesichtigung.\" \/>\n<meta property=\"og:url\" content=\"https:\/\/www.grandhoteloriente.it\/de\/zimmer-suiten\/\" \/>\n<meta property=\"og:site_name\" content=\"Grand Hotel Oriente\" \/>\n<meta property=\"article:modified_time\" content=\"2022-12-09T11:48:33+00:00\" \/>\n<meta name=\"twitter:card\" content=\"summary_large_image\" \/>\n<meta name=\"twitter:label1\" content=\"Gesch\u00e4tzte Lesezeit\" \/>\n\t<meta name=\"twitter:data1\" content=\"1 Minute\" \/>\n<script type=\"application\/ld+json\" class=\"yoast-schema-graph\">{\"@context\":\"https:\/\/schema.org\",\"@graph\":[{\"@type\":\"WebPage\",\"@id\":\"https:\/\/www.grandhoteloriente.it\/de\/zimmer-suiten\/\",\"url\":\"https:\/\/www.grandhoteloriente.it\/de\/zimmer-suiten\/\",\"name\":\"Zimmer &amp; Suiten - Grand Hotel Oriente\",\"isPartOf\":{\"@id\":\"https:\/\/www.grandhoteloriente.it\/de\/#website\"},\"datePublished\":\"2020-04-14T10:05:34+00:00\",\"dateModified\":\"2022-12-09T11:48:33+00:00\",\"breadcrumb\":{\"@id\":\"https:\/\/www.grandhoteloriente.it\/de\/zimmer-suiten\/#breadcrumb\"},\"inLanguage\":\"de-DE\",\"potentialAction\":[{\"@type\":\"ReadAction\",\"target\":[\"https:\/\/www.grandhoteloriente.it\/de\/zimmer-suiten\/\"]}]},{\"@type\":\"BreadcrumbList\",\"@id\":\"https:\/\/www.grandhoteloriente.it\/de\/zimmer-suiten\/#breadcrumb\",\"itemListElement\":[{\"@type\":\"ListItem\",\"position\":1,\"name\":\"Home\",\"item\":\"https:\/\/www.grandhoteloriente.it\/de\/\"},{\"@type\":\"ListItem\",\"position\":2,\"name\":\"Zimmer &amp; Suiten\"}]},{\"@type\":\"WebSite\",\"@id\":\"https:\/\/www.grandhoteloriente.it\/de\/#website\",\"url\":\"https:\/\/www.grandhoteloriente.it\/de\/\",\"name\":\"Grand Hotel Oriente\",\"description\":\"Ecco un altro sito ms.decms.eu\",\"potentialAction\":[{\"@type\":\"SearchAction\",\"target\":{\"@type\":\"EntryPoint\",\"urlTemplate\":\"https:\/\/www.grandhoteloriente.it\/de\/?s={search_term_string}\"},\"query-input\":{\"@type\":\"PropertyValueSpecification\",\"valueRequired\":true,\"valueName\":\"search_term_string\"}}],\"inLanguage\":\"de-DE\"}]}<\/script>\n<!-- \/ Yoast SEO plugin. -->","yoast_head_json":{"title":"Zimmer &amp; Suiten - Grand Hotel Oriente","robots":{"index":"index","follow":"follow","max-snippet":"max-snippet:-1","max-image-preview":"max-image-preview:large","max-video-preview":"max-video-preview:-1"},"canonical":"https:\/\/www.grandhoteloriente.it\/de\/zimmer-suiten\/","og_locale":"de_DE","og_type":"article","og_title":"Zimmer &amp; Suiten - Grand Hotel Oriente","og_description":"Unsere ger\u00e4umigen Zimmer sind klassisch eingerichtet und mit allen (technischen) Komforts ausgestattet. Von den Terrassen der Zimmer und der Suite in den oberen Etagen k\u00f6nnen Sie einen herrlichen Ausblick auf die Stadt genie\u00dfen Die Zimmer des Grand Hotel Oriente werden zu erholsamen R\u00fcckszugsorten nach langen Arbeitstagen oder nach einer Stadtbesichtigung.","og_url":"https:\/\/www.grandhoteloriente.it\/de\/zimmer-suiten\/","og_site_name":"Grand Hotel Oriente","article_modified_time":"2022-12-09T11:48:33+00:00","twitter_card":"summary_large_image","twitter_misc":{"Gesch\u00e4tzte Lesezeit":"1 Minute"},"schema":{"@context":"https:\/\/schema.org","@graph":[{"@type":"WebPage","@id":"https:\/\/www.grandhoteloriente.it\/de\/zimmer-suiten\/","url":"https:\/\/www.grandhoteloriente.it\/de\/zimmer-suiten\/","name":"Zimmer &amp; Suiten - Grand Hotel Oriente","isPartOf":{"@id":"https:\/\/www.grandhoteloriente.it\/de\/#website"},"datePublished":"2020-04-14T10:05:34+00:00","dateModified":"2022-12-09T11:48:33+00:00","breadcrumb":{"@id":"https:\/\/www.grandhoteloriente.it\/de\/zimmer-suiten\/#breadcrumb"},"inLanguage":"de-DE","potentialAction":[{"@type":"ReadAction","target":["https:\/\/www.grandhoteloriente.it\/de\/zimmer-suiten\/"]}]},{"@type":"BreadcrumbList","@id":"https:\/\/www.grandhoteloriente.it\/de\/zimmer-suiten\/#breadcrumb","itemListElement":[{"@type":"ListItem","position":1,"name":"Home","item":"https:\/\/www.grandhoteloriente.it\/de\/"},{"@type":"ListItem","position":2,"name":"Zimmer &amp; Suiten"}]},{"@type":"WebSite","@id":"https:\/\/www.grandhoteloriente.it\/de\/#website","url":"https:\/\/www.grandhoteloriente.it\/de\/","name":"Grand Hotel Oriente","description":"Ecco un altro sito ms.decms.eu","potentialAction":[{"@type":"SearchAction","target":{"@type":"EntryPoint","urlTemplate":"https:\/\/www.grandhoteloriente.it\/de\/?s={search_term_string}"},"query-input":{"@type":"PropertyValueSpecification","valueRequired":true,"valueName":"search_term_string"}}],"inLanguage":"de-DE"}]}},"acf":[],"_links":{"self":[{"href":"https:\/\/www.grandhoteloriente.it\/de\/wp-json\/wp\/v2\/pages\/72","targetHints":{"allow":["GET"]}}],"collection":[{"href":"https:\/\/www.grandhoteloriente.it\/de\/wp-json\/wp\/v2\/pages"}],"about":[{"href":"https:\/\/www.grandhoteloriente.it\/de\/wp-json\/wp\/v2\/types\/page"}],"author":[{"embeddable":true,"href":"https:\/\/www.grandhoteloriente.it\/de\/wp-json\/wp\/v2\/users\/13"}],"replies":[{"embeddable":true,"href":"https:\/\/www.grandhoteloriente.it\/de\/wp-json\/wp\/v2\/comments?post=72"}],"version-history":[{"count":0,"href":"https:\/\/www.grandhoteloriente.it\/de\/wp-json\/wp\/v2\/pages\/72\/revisions"}],"wp:attachment":[{"href":"https:\/\/www.grandhoteloriente.it\/de\/wp-json\/wp\/v2\/media?parent=72"}],"curies":[{"name":"wp","href":"https:\/\/api.w.org\/{rel}","templated":true}]}}