{"id":66,"date":"2020-04-14T11:39:13","date_gmt":"2020-04-14T09:39:13","guid":{"rendered":"http:\/\/grandhoteloriente.ms.decms.eu\/?page_id=66"},"modified":"2020-04-14T11:39:13","modified_gmt":"2020-04-14T09:39:13","slug":"grand-hotel-oriente","status":"publish","type":"page","link":"https:\/\/www.grandhoteloriente.it\/de\/","title":{"rendered":"Grand Hotel Oriente"},"content":{"rendered":"<p>Unser 4-Sterne-Hotel befindet sich im historischen Stadtzentrum<b> Neapels<\/b> und gilt als <b>aktives<\/b> und dynamisches Kulissenbild der typisch neapolitanischen Lebensart.<\/p>\n<p>Aufgrund der strategisch g\u00fcnstigen Lage ist unser k\u00fcrzlich renoviertes Hotel in der Lage, auf die verschiedenen Bed\u00fcrfnisse unserer G\u00e4ste einzugehen, sei es zum Shoppen oder Kunst- und Kulturbesuche und eignet sich au\u00dferdem f\u00fcr Gesch\u00e4ftsreisende, die in unserer <b>herrlichen Stadt Neapel<\/b> Halt machen.<\/p>\n<p>Die praktische Lage <b>nur 2 Minuten von der U-Bahn-Station TOLEDO<\/b> entfernt und die n\u00fcchterne Ungezwungenheit der R\u00e4umlichkeiten kombiniert mit einer vortrefflichen Servicequalit\u00e4t haben aus dem Grand Hotel Oriente seit seiner Gr\u00fcndung in den 40er Jahren einen beliebten Aufenthaltsort internationaler Kundschaft gemacht.<\/p>\n","protected":false},"excerpt":{"rendered":"<p>Unser 4-Sterne-Hotel befindet sich im historischen Stadtzentrum Neapels und gilt als aktives und dynamisches Kulissenbild der typisch neapolitanischen Lebensart. Aufgrund der strategisch g\u00fcnstigen Lage ist unser k\u00fcrzlich renoviertes Hotel in der Lage, auf die verschiedenen Bed\u00fcrfnisse unserer G\u00e4ste einzugehen, sei es zum Shoppen oder Kunst- und Kulturbesuche und eignet sich au\u00dferdem f\u00fcr Gesch\u00e4ftsreisende, die in [&hellip;]<\/p>\n","protected":false},"author":13,"featured_media":0,"parent":0,"menu_order":1,"comment_status":"closed","ping_status":"open","template":"","meta":{"footnotes":""},"class_list":["post-66","page","type-page","status-publish","hentry"],"yoast_head":"<!-- This site is optimized with the Yoast SEO plugin v26.9 - https:\/\/yoast.com\/product\/yoast-seo-wordpress\/ -->\n<title>Grand Hotel Oriente - Grand Hotel Oriente<\/title>\n<meta name=\"robots\" content=\"index, follow, max-snippet:-1, max-image-preview:large, max-video-preview:-1\" \/>\n<link rel=\"canonical\" href=\"https:\/\/www.grandhoteloriente.it\/de\/\" \/>\n<meta property=\"og:locale\" content=\"de_DE\" \/>\n<meta property=\"og:type\" content=\"article\" \/>\n<meta property=\"og:title\" content=\"Grand Hotel Oriente - Grand Hotel Oriente\" \/>\n<meta property=\"og:description\" content=\"Unser 4-Sterne-Hotel befindet sich im historischen Stadtzentrum Neapels und gilt als aktives und dynamisches Kulissenbild der typisch neapolitanischen Lebensart. Aufgrund der strategisch g\u00fcnstigen Lage ist unser k\u00fcrzlich renoviertes Hotel in der Lage, auf die verschiedenen Bed\u00fcrfnisse unserer G\u00e4ste einzugehen, sei es zum Shoppen oder Kunst- und Kulturbesuche und eignet sich au\u00dferdem f\u00fcr Gesch\u00e4ftsreisende, die in [&hellip;]\" \/>\n<meta property=\"og:url\" content=\"https:\/\/www.grandhoteloriente.it\/de\/\" \/>\n<meta property=\"og:site_name\" content=\"Grand Hotel Oriente\" \/>\n<meta name=\"twitter:card\" content=\"summary_large_image\" \/>\n<meta name=\"twitter:label1\" content=\"Gesch\u00e4tzte Lesezeit\" \/>\n\t<meta name=\"twitter:data1\" content=\"1 Minute\" \/>\n<script type=\"application\/ld+json\" class=\"yoast-schema-graph\">{\"@context\":\"https:\/\/schema.org\",\"@graph\":[{\"@type\":\"WebPage\",\"@id\":\"https:\/\/www.grandhoteloriente.it\/de\/\",\"url\":\"https:\/\/www.grandhoteloriente.it\/de\/\",\"name\":\"Grand Hotel Oriente - Grand Hotel Oriente\",\"isPartOf\":{\"@id\":\"https:\/\/www.grandhoteloriente.it\/de\/#website\"},\"datePublished\":\"2020-04-14T09:39:13+00:00\",\"breadcrumb\":{\"@id\":\"https:\/\/www.grandhoteloriente.it\/de\/#breadcrumb\"},\"inLanguage\":\"de-DE\",\"potentialAction\":[{\"@type\":\"ReadAction\",\"target\":[\"https:\/\/www.grandhoteloriente.it\/de\/\"]}]},{\"@type\":\"BreadcrumbList\",\"@id\":\"https:\/\/www.grandhoteloriente.it\/de\/#breadcrumb\",\"itemListElement\":[{\"@type\":\"ListItem\",\"position\":1,\"name\":\"Home\",\"item\":\"https:\/\/www.grandhoteloriente.it\/de\/\"},{\"@type\":\"ListItem\",\"position\":2,\"name\":\"Grand Hotel Oriente\"}]},{\"@type\":\"WebSite\",\"@id\":\"https:\/\/www.grandhoteloriente.it\/de\/#website\",\"url\":\"https:\/\/www.grandhoteloriente.it\/de\/\",\"name\":\"Grand Hotel Oriente\",\"description\":\"Ecco un altro sito ms.decms.eu\",\"potentialAction\":[{\"@type\":\"SearchAction\",\"target\":{\"@type\":\"EntryPoint\",\"urlTemplate\":\"https:\/\/www.grandhoteloriente.it\/de\/?s={search_term_string}\"},\"query-input\":{\"@type\":\"PropertyValueSpecification\",\"valueRequired\":true,\"valueName\":\"search_term_string\"}}],\"inLanguage\":\"de-DE\"}]}<\/script>\n<!-- \/ Yoast SEO plugin. -->","yoast_head_json":{"title":"Grand Hotel Oriente - Grand Hotel Oriente","robots":{"index":"index","follow":"follow","max-snippet":"max-snippet:-1","max-image-preview":"max-image-preview:large","max-video-preview":"max-video-preview:-1"},"canonical":"https:\/\/www.grandhoteloriente.it\/de\/","og_locale":"de_DE","og_type":"article","og_title":"Grand Hotel Oriente - Grand Hotel Oriente","og_description":"Unser 4-Sterne-Hotel befindet sich im historischen Stadtzentrum Neapels und gilt als aktives und dynamisches Kulissenbild der typisch neapolitanischen Lebensart. Aufgrund der strategisch g\u00fcnstigen Lage ist unser k\u00fcrzlich renoviertes Hotel in der Lage, auf die verschiedenen Bed\u00fcrfnisse unserer G\u00e4ste einzugehen, sei es zum Shoppen oder Kunst- und Kulturbesuche und eignet sich au\u00dferdem f\u00fcr Gesch\u00e4ftsreisende, die in [&hellip;]","og_url":"https:\/\/www.grandhoteloriente.it\/de\/","og_site_name":"Grand Hotel Oriente","twitter_card":"summary_large_image","twitter_misc":{"Gesch\u00e4tzte Lesezeit":"1 Minute"},"schema":{"@context":"https:\/\/schema.org","@graph":[{"@type":"WebPage","@id":"https:\/\/www.grandhoteloriente.it\/de\/","url":"https:\/\/www.grandhoteloriente.it\/de\/","name":"Grand Hotel Oriente - Grand Hotel Oriente","isPartOf":{"@id":"https:\/\/www.grandhoteloriente.it\/de\/#website"},"datePublished":"2020-04-14T09:39:13+00:00","breadcrumb":{"@id":"https:\/\/www.grandhoteloriente.it\/de\/#breadcrumb"},"inLanguage":"de-DE","potentialAction":[{"@type":"ReadAction","target":["https:\/\/www.grandhoteloriente.it\/de\/"]}]},{"@type":"BreadcrumbList","@id":"https:\/\/www.grandhoteloriente.it\/de\/#breadcrumb","itemListElement":[{"@type":"ListItem","position":1,"name":"Home","item":"https:\/\/www.grandhoteloriente.it\/de\/"},{"@type":"ListItem","position":2,"name":"Grand Hotel Oriente"}]},{"@type":"WebSite","@id":"https:\/\/www.grandhoteloriente.it\/de\/#website","url":"https:\/\/www.grandhoteloriente.it\/de\/","name":"Grand Hotel Oriente","description":"Ecco un altro sito ms.decms.eu","potentialAction":[{"@type":"SearchAction","target":{"@type":"EntryPoint","urlTemplate":"https:\/\/www.grandhoteloriente.it\/de\/?s={search_term_string}"},"query-input":{"@type":"PropertyValueSpecification","valueRequired":true,"valueName":"search_term_string"}}],"inLanguage":"de-DE"}]}},"acf":[],"_links":{"self":[{"href":"https:\/\/www.grandhoteloriente.it\/de\/wp-json\/wp\/v2\/pages\/66","targetHints":{"allow":["GET"]}}],"collection":[{"href":"https:\/\/www.grandhoteloriente.it\/de\/wp-json\/wp\/v2\/pages"}],"about":[{"href":"https:\/\/www.grandhoteloriente.it\/de\/wp-json\/wp\/v2\/types\/page"}],"author":[{"embeddable":true,"href":"https:\/\/www.grandhoteloriente.it\/de\/wp-json\/wp\/v2\/users\/13"}],"replies":[{"embeddable":true,"href":"https:\/\/www.grandhoteloriente.it\/de\/wp-json\/wp\/v2\/comments?post=66"}],"version-history":[{"count":0,"href":"https:\/\/www.grandhoteloriente.it\/de\/wp-json\/wp\/v2\/pages\/66\/revisions"}],"wp:attachment":[{"href":"https:\/\/www.grandhoteloriente.it\/de\/wp-json\/wp\/v2\/media?parent=66"}],"curies":[{"name":"wp","href":"https:\/\/api.w.org\/{rel}","templated":true}]}}