{"id":60,"date":"2020-04-14T11:36:53","date_gmt":"2020-04-14T09:36:53","guid":{"rendered":"http:\/\/grandhoteloriente.ms.decms.eu\/?page_id=60"},"modified":"2020-04-15T15:15:20","modified_gmt":"2020-04-15T13:15:20","slug":"hotel","status":"publish","type":"page","link":"https:\/\/www.grandhoteloriente.it\/de\/hotel\/","title":{"rendered":"Hotel"},"content":{"rendered":"<p>Die Einzigartigkeit und Raffiniertheit des Hotelgeb\u00e4udes, die strategisch g\u00fcnstige Lage, der warmherzige Empfang, die ehrliche Gastfreundlichkeit und unsere kundenspezifischen Serviceangebote machen unser Hotel zu einem Ort der <b>Zuverl\u00e4ssigkeit und Prestige.<\/b><\/p>\n<p>Kontaktieren Sie uns vor Ihrer Anreise um Ihnen einen einzigartigen und unvergesslichen Aufenthalt gem\u00e4\u00df Ihren Bed\u00fcrfnissen zu erm\u00f6glichen<\/p>\n","protected":false},"excerpt":{"rendered":"<p>Die Einzigartigkeit und Raffiniertheit des Hotelgeb\u00e4udes, die strategisch g\u00fcnstige Lage, der warmherzige Empfang, die ehrliche Gastfreundlichkeit und unsere kundenspezifischen Serviceangebote machen unser Hotel zu einem Ort der Zuverl\u00e4ssigkeit und Prestige. Kontaktieren Sie uns vor Ihrer Anreise um Ihnen einen einzigartigen und unvergesslichen Aufenthalt gem\u00e4\u00df Ihren Bed\u00fcrfnissen zu erm\u00f6glichen<\/p>\n","protected":false},"author":13,"featured_media":0,"parent":0,"menu_order":2,"comment_status":"closed","ping_status":"closed","template":"template-hotel.php","meta":{"footnotes":""},"class_list":["post-60","page","type-page","status-publish","hentry"],"yoast_head":"<!-- This site is optimized with the Yoast SEO plugin v26.9 - https:\/\/yoast.com\/product\/yoast-seo-wordpress\/ -->\n<title>Hotel - Grand Hotel Oriente<\/title>\n<meta name=\"robots\" content=\"index, follow, max-snippet:-1, max-image-preview:large, max-video-preview:-1\" \/>\n<link rel=\"canonical\" href=\"https:\/\/www.grandhoteloriente.it\/de\/hotel\/\" \/>\n<meta property=\"og:locale\" content=\"de_DE\" \/>\n<meta property=\"og:type\" content=\"article\" \/>\n<meta property=\"og:title\" content=\"Hotel - Grand Hotel Oriente\" \/>\n<meta property=\"og:description\" content=\"Die Einzigartigkeit und Raffiniertheit des Hotelgeb\u00e4udes, die strategisch g\u00fcnstige Lage, der warmherzige Empfang, die ehrliche Gastfreundlichkeit und unsere kundenspezifischen Serviceangebote machen unser Hotel zu einem Ort der Zuverl\u00e4ssigkeit und Prestige. Kontaktieren Sie uns vor Ihrer Anreise um Ihnen einen einzigartigen und unvergesslichen Aufenthalt gem\u00e4\u00df Ihren Bed\u00fcrfnissen zu erm\u00f6glichen\" \/>\n<meta property=\"og:url\" content=\"https:\/\/www.grandhoteloriente.it\/de\/hotel\/\" \/>\n<meta property=\"og:site_name\" content=\"Grand Hotel Oriente\" \/>\n<meta property=\"article:modified_time\" content=\"2020-04-15T13:15:20+00:00\" \/>\n<meta name=\"twitter:card\" content=\"summary_large_image\" \/>\n<script type=\"application\/ld+json\" class=\"yoast-schema-graph\">{\"@context\":\"https:\/\/schema.org\",\"@graph\":[{\"@type\":\"WebPage\",\"@id\":\"https:\/\/www.grandhoteloriente.it\/de\/hotel\/\",\"url\":\"https:\/\/www.grandhoteloriente.it\/de\/hotel\/\",\"name\":\"Hotel - Grand Hotel Oriente\",\"isPartOf\":{\"@id\":\"https:\/\/www.grandhoteloriente.it\/de\/#website\"},\"datePublished\":\"2020-04-14T09:36:53+00:00\",\"dateModified\":\"2020-04-15T13:15:20+00:00\",\"breadcrumb\":{\"@id\":\"https:\/\/www.grandhoteloriente.it\/de\/hotel\/#breadcrumb\"},\"inLanguage\":\"de-DE\",\"potentialAction\":[{\"@type\":\"ReadAction\",\"target\":[\"https:\/\/www.grandhoteloriente.it\/de\/hotel\/\"]}]},{\"@type\":\"BreadcrumbList\",\"@id\":\"https:\/\/www.grandhoteloriente.it\/de\/hotel\/#breadcrumb\",\"itemListElement\":[{\"@type\":\"ListItem\",\"position\":1,\"name\":\"Home\",\"item\":\"https:\/\/www.grandhoteloriente.it\/de\/\"},{\"@type\":\"ListItem\",\"position\":2,\"name\":\"Hotel\"}]},{\"@type\":\"WebSite\",\"@id\":\"https:\/\/www.grandhoteloriente.it\/de\/#website\",\"url\":\"https:\/\/www.grandhoteloriente.it\/de\/\",\"name\":\"Grand Hotel Oriente\",\"description\":\"Ecco un altro sito ms.decms.eu\",\"potentialAction\":[{\"@type\":\"SearchAction\",\"target\":{\"@type\":\"EntryPoint\",\"urlTemplate\":\"https:\/\/www.grandhoteloriente.it\/de\/?s={search_term_string}\"},\"query-input\":{\"@type\":\"PropertyValueSpecification\",\"valueRequired\":true,\"valueName\":\"search_term_string\"}}],\"inLanguage\":\"de-DE\"}]}<\/script>\n<!-- \/ Yoast SEO plugin. -->","yoast_head_json":{"title":"Hotel - Grand Hotel Oriente","robots":{"index":"index","follow":"follow","max-snippet":"max-snippet:-1","max-image-preview":"max-image-preview:large","max-video-preview":"max-video-preview:-1"},"canonical":"https:\/\/www.grandhoteloriente.it\/de\/hotel\/","og_locale":"de_DE","og_type":"article","og_title":"Hotel - Grand Hotel Oriente","og_description":"Die Einzigartigkeit und Raffiniertheit des Hotelgeb\u00e4udes, die strategisch g\u00fcnstige Lage, der warmherzige Empfang, die ehrliche Gastfreundlichkeit und unsere kundenspezifischen Serviceangebote machen unser Hotel zu einem Ort der Zuverl\u00e4ssigkeit und Prestige. Kontaktieren Sie uns vor Ihrer Anreise um Ihnen einen einzigartigen und unvergesslichen Aufenthalt gem\u00e4\u00df Ihren Bed\u00fcrfnissen zu erm\u00f6glichen","og_url":"https:\/\/www.grandhoteloriente.it\/de\/hotel\/","og_site_name":"Grand Hotel Oriente","article_modified_time":"2020-04-15T13:15:20+00:00","twitter_card":"summary_large_image","schema":{"@context":"https:\/\/schema.org","@graph":[{"@type":"WebPage","@id":"https:\/\/www.grandhoteloriente.it\/de\/hotel\/","url":"https:\/\/www.grandhoteloriente.it\/de\/hotel\/","name":"Hotel - Grand Hotel Oriente","isPartOf":{"@id":"https:\/\/www.grandhoteloriente.it\/de\/#website"},"datePublished":"2020-04-14T09:36:53+00:00","dateModified":"2020-04-15T13:15:20+00:00","breadcrumb":{"@id":"https:\/\/www.grandhoteloriente.it\/de\/hotel\/#breadcrumb"},"inLanguage":"de-DE","potentialAction":[{"@type":"ReadAction","target":["https:\/\/www.grandhoteloriente.it\/de\/hotel\/"]}]},{"@type":"BreadcrumbList","@id":"https:\/\/www.grandhoteloriente.it\/de\/hotel\/#breadcrumb","itemListElement":[{"@type":"ListItem","position":1,"name":"Home","item":"https:\/\/www.grandhoteloriente.it\/de\/"},{"@type":"ListItem","position":2,"name":"Hotel"}]},{"@type":"WebSite","@id":"https:\/\/www.grandhoteloriente.it\/de\/#website","url":"https:\/\/www.grandhoteloriente.it\/de\/","name":"Grand Hotel Oriente","description":"Ecco un altro sito ms.decms.eu","potentialAction":[{"@type":"SearchAction","target":{"@type":"EntryPoint","urlTemplate":"https:\/\/www.grandhoteloriente.it\/de\/?s={search_term_string}"},"query-input":{"@type":"PropertyValueSpecification","valueRequired":true,"valueName":"search_term_string"}}],"inLanguage":"de-DE"}]}},"acf":[],"_links":{"self":[{"href":"https:\/\/www.grandhoteloriente.it\/de\/wp-json\/wp\/v2\/pages\/60","targetHints":{"allow":["GET"]}}],"collection":[{"href":"https:\/\/www.grandhoteloriente.it\/de\/wp-json\/wp\/v2\/pages"}],"about":[{"href":"https:\/\/www.grandhoteloriente.it\/de\/wp-json\/wp\/v2\/types\/page"}],"author":[{"embeddable":true,"href":"https:\/\/www.grandhoteloriente.it\/de\/wp-json\/wp\/v2\/users\/13"}],"replies":[{"embeddable":true,"href":"https:\/\/www.grandhoteloriente.it\/de\/wp-json\/wp\/v2\/comments?post=60"}],"version-history":[{"count":0,"href":"https:\/\/www.grandhoteloriente.it\/de\/wp-json\/wp\/v2\/pages\/60\/revisions"}],"wp:attachment":[{"href":"https:\/\/www.grandhoteloriente.it\/de\/wp-json\/wp\/v2\/media?parent=60"}],"curies":[{"name":"wp","href":"https:\/\/api.w.org\/{rel}","templated":true}]}}