{"id":162,"date":"2020-04-15T10:18:27","date_gmt":"2020-04-15T08:18:27","guid":{"rendered":"http:\/\/grandhoteloriente.ms.decms.eu\/?page_id=162"},"modified":"2020-04-15T10:18:27","modified_gmt":"2020-04-15T08:18:27","slug":"hochzeiten","status":"publish","type":"page","link":"https:\/\/www.grandhoteloriente.it\/de\/hochzeiten\/","title":{"rendered":"Hochzeiten"},"content":{"rendered":"<p>Schl\u00f6sser, Kirchen, Str\u00e4\u00dfchen, alte Burgen, Orte mit einem geheimnisvollen Charme, die Neapel zu einem wahren Ort des Schauspiels werden lassen.<br \/>\nEs sind jedoch nicht einfach nur Schaub\u00fchnen des t\u00e4glichen Lebens, sondern symbolische Orte dieser Stadt, die ma\u00dfgeblich zur neapolitanischen Geschichte, Mythologie und Legenden beigetragen haben.<br \/>\nWenn Sie also ein festliches Ereignis im Grand Hotel Oriente feiern, werden Sie sich gleichzeitig mit der ganzen Stadt vereinen und somit in eine einzigartige Welt der neapolitanischen Emotionen eintauchen.<\/p>\n<p>&nbsp;<\/p>\n<p><b>Anregungen aus unserer Speisekarte<\/b>:<\/p>\n<p><b>MEN\u00dc BOUNGAVILLE<br \/>\n<\/b><i>Zum Aperitif<\/i><\/p>\n<p><i>Fein geschnittener Oktopus-Salat<\/i><br \/>\n<i>mit wei\u00dfen Bohnen mit Zitrone<\/i><br \/>\n<i>Steinpilz-Risotto<\/i><br \/>\n<i>R\u00fchrspeise mit R\u00e4ucherk\u00e4se<\/i><\/p>\n<p><i>Gro\u00dfe Makkeroni mit Knurrhahn-Fisch und Meeresfr\u00fcchten<\/i><\/p>\n<p><i>Wolfsbarschfilet mit Kartoffelkruste und Zitrone<\/i><\/p>\n<p><i>gebratene Artischocken<\/i><\/p>\n<p><i>Becher mit Waldbeeren mit Sahne und Cointreau<\/i><\/p>\n<p><i>Hochzeitstorte<\/i><\/p>\n<p><i>Kaffee, s\u00fc\u00dfe H\u00e4ppchen<\/i><\/p>\n<p>&nbsp;<\/p>\n<p><b>MEN\u00dc TULIPANO<\/b><br \/>\n<i>Zum Aperitif<\/i><\/p>\n<p><i>B\u00fcffelmozzarella-Zopf in Scheiben<\/i><br \/>\n<i>Auberginen-Millefoglie mit ger\u00e4uchertem Provola-K\u00e4se<\/i> <i>Meeresfr\u00fcchtesalat<\/i><br \/>\n<i>Lachsfilet mit Butterzitruscroutons<\/i><br \/>\n<i>Neapolitanische Pizzavariationen<\/i><\/p>\n<p><i>Risotto mit Kaiserhummersauce<\/i><br \/>\n<i>Gragnano-R\u00f6llchen mit Tr\u00fcffel<\/i><br \/>\n<i>Mezzitufoli-Nudeln mit K\u00fcrbisbl\u00fcten und Meeresfr\u00fcchten<\/i><\/p>\n<p><i>Gebackenes Spanferkel<\/i><br \/>\n<i>Gef\u00fcllter Seebarsch<\/i><\/p>\n<p><i>Fr\u00fchkartoffeln<\/i><br \/>\n<i>H\u00fclsenfr\u00fcchtesalat<\/i><br \/>\n<i>Feldsalat mit Birnen und Waln\u00fcssen<\/i><\/p>\n<p><i>Reiches Pokal mit frischem Obst<\/i><br \/>\n<i>Dessertbuffet<\/i><\/p>\n<p><i>Hochzeitstorte<\/i><\/p>\n<p><i>Kaffee und s\u00fc\u00dfe H\u00e4ppchen<\/i><\/p>\n","protected":false},"excerpt":{"rendered":"<p>Schl\u00f6sser, Kirchen, Str\u00e4\u00dfchen, alte Burgen, Orte mit einem geheimnisvollen Charme, die Neapel zu einem wahren Ort des Schauspiels werden lassen. Es sind jedoch nicht einfach nur Schaub\u00fchnen des t\u00e4glichen Lebens, sondern symbolische Orte dieser Stadt, die ma\u00dfgeblich zur neapolitanischen Geschichte, Mythologie und Legenden beigetragen haben. Wenn Sie also ein festliches Ereignis im Grand Hotel Oriente [&hellip;]<\/p>\n","protected":false},"author":13,"featured_media":0,"parent":0,"menu_order":7,"comment_status":"closed","ping_status":"closed","template":"","meta":{"footnotes":""},"class_list":["post-162","page","type-page","status-publish","hentry"],"yoast_head":"<!-- This site is optimized with the Yoast SEO plugin v26.9 - https:\/\/yoast.com\/product\/yoast-seo-wordpress\/ -->\n<title>Hochzeiten - Grand Hotel Oriente<\/title>\n<meta name=\"robots\" content=\"index, follow, max-snippet:-1, max-image-preview:large, max-video-preview:-1\" \/>\n<link rel=\"canonical\" href=\"https:\/\/www.grandhoteloriente.it\/de\/hochzeiten\/\" \/>\n<meta property=\"og:locale\" content=\"de_DE\" \/>\n<meta property=\"og:type\" content=\"article\" \/>\n<meta property=\"og:title\" content=\"Hochzeiten - Grand Hotel Oriente\" \/>\n<meta property=\"og:description\" content=\"Schl\u00f6sser, Kirchen, Str\u00e4\u00dfchen, alte Burgen, Orte mit einem geheimnisvollen Charme, die Neapel zu einem wahren Ort des Schauspiels werden lassen. Es sind jedoch nicht einfach nur Schaub\u00fchnen des t\u00e4glichen Lebens, sondern symbolische Orte dieser Stadt, die ma\u00dfgeblich zur neapolitanischen Geschichte, Mythologie und Legenden beigetragen haben. Wenn Sie also ein festliches Ereignis im Grand Hotel Oriente [&hellip;]\" \/>\n<meta property=\"og:url\" content=\"https:\/\/www.grandhoteloriente.it\/de\/hochzeiten\/\" \/>\n<meta property=\"og:site_name\" content=\"Grand Hotel Oriente\" \/>\n<meta name=\"twitter:card\" content=\"summary_large_image\" \/>\n<meta name=\"twitter:label1\" content=\"Gesch\u00e4tzte Lesezeit\" \/>\n\t<meta name=\"twitter:data1\" content=\"1 Minute\" \/>\n<script type=\"application\/ld+json\" class=\"yoast-schema-graph\">{\"@context\":\"https:\/\/schema.org\",\"@graph\":[{\"@type\":\"WebPage\",\"@id\":\"https:\/\/www.grandhoteloriente.it\/de\/hochzeiten\/\",\"url\":\"https:\/\/www.grandhoteloriente.it\/de\/hochzeiten\/\",\"name\":\"Hochzeiten - Grand Hotel Oriente\",\"isPartOf\":{\"@id\":\"https:\/\/www.grandhoteloriente.it\/de\/#website\"},\"datePublished\":\"2020-04-15T08:18:27+00:00\",\"breadcrumb\":{\"@id\":\"https:\/\/www.grandhoteloriente.it\/de\/hochzeiten\/#breadcrumb\"},\"inLanguage\":\"de-DE\",\"potentialAction\":[{\"@type\":\"ReadAction\",\"target\":[\"https:\/\/www.grandhoteloriente.it\/de\/hochzeiten\/\"]}]},{\"@type\":\"BreadcrumbList\",\"@id\":\"https:\/\/www.grandhoteloriente.it\/de\/hochzeiten\/#breadcrumb\",\"itemListElement\":[{\"@type\":\"ListItem\",\"position\":1,\"name\":\"Home\",\"item\":\"https:\/\/www.grandhoteloriente.it\/de\/\"},{\"@type\":\"ListItem\",\"position\":2,\"name\":\"Hochzeiten\"}]},{\"@type\":\"WebSite\",\"@id\":\"https:\/\/www.grandhoteloriente.it\/de\/#website\",\"url\":\"https:\/\/www.grandhoteloriente.it\/de\/\",\"name\":\"Grand Hotel Oriente\",\"description\":\"Ecco un altro sito ms.decms.eu\",\"potentialAction\":[{\"@type\":\"SearchAction\",\"target\":{\"@type\":\"EntryPoint\",\"urlTemplate\":\"https:\/\/www.grandhoteloriente.it\/de\/?s={search_term_string}\"},\"query-input\":{\"@type\":\"PropertyValueSpecification\",\"valueRequired\":true,\"valueName\":\"search_term_string\"}}],\"inLanguage\":\"de-DE\"}]}<\/script>\n<!-- \/ Yoast SEO plugin. -->","yoast_head_json":{"title":"Hochzeiten - Grand Hotel Oriente","robots":{"index":"index","follow":"follow","max-snippet":"max-snippet:-1","max-image-preview":"max-image-preview:large","max-video-preview":"max-video-preview:-1"},"canonical":"https:\/\/www.grandhoteloriente.it\/de\/hochzeiten\/","og_locale":"de_DE","og_type":"article","og_title":"Hochzeiten - Grand Hotel Oriente","og_description":"Schl\u00f6sser, Kirchen, Str\u00e4\u00dfchen, alte Burgen, Orte mit einem geheimnisvollen Charme, die Neapel zu einem wahren Ort des Schauspiels werden lassen. Es sind jedoch nicht einfach nur Schaub\u00fchnen des t\u00e4glichen Lebens, sondern symbolische Orte dieser Stadt, die ma\u00dfgeblich zur neapolitanischen Geschichte, Mythologie und Legenden beigetragen haben. Wenn Sie also ein festliches Ereignis im Grand Hotel Oriente [&hellip;]","og_url":"https:\/\/www.grandhoteloriente.it\/de\/hochzeiten\/","og_site_name":"Grand Hotel Oriente","twitter_card":"summary_large_image","twitter_misc":{"Gesch\u00e4tzte Lesezeit":"1 Minute"},"schema":{"@context":"https:\/\/schema.org","@graph":[{"@type":"WebPage","@id":"https:\/\/www.grandhoteloriente.it\/de\/hochzeiten\/","url":"https:\/\/www.grandhoteloriente.it\/de\/hochzeiten\/","name":"Hochzeiten - Grand Hotel Oriente","isPartOf":{"@id":"https:\/\/www.grandhoteloriente.it\/de\/#website"},"datePublished":"2020-04-15T08:18:27+00:00","breadcrumb":{"@id":"https:\/\/www.grandhoteloriente.it\/de\/hochzeiten\/#breadcrumb"},"inLanguage":"de-DE","potentialAction":[{"@type":"ReadAction","target":["https:\/\/www.grandhoteloriente.it\/de\/hochzeiten\/"]}]},{"@type":"BreadcrumbList","@id":"https:\/\/www.grandhoteloriente.it\/de\/hochzeiten\/#breadcrumb","itemListElement":[{"@type":"ListItem","position":1,"name":"Home","item":"https:\/\/www.grandhoteloriente.it\/de\/"},{"@type":"ListItem","position":2,"name":"Hochzeiten"}]},{"@type":"WebSite","@id":"https:\/\/www.grandhoteloriente.it\/de\/#website","url":"https:\/\/www.grandhoteloriente.it\/de\/","name":"Grand Hotel Oriente","description":"Ecco un altro sito ms.decms.eu","potentialAction":[{"@type":"SearchAction","target":{"@type":"EntryPoint","urlTemplate":"https:\/\/www.grandhoteloriente.it\/de\/?s={search_term_string}"},"query-input":{"@type":"PropertyValueSpecification","valueRequired":true,"valueName":"search_term_string"}}],"inLanguage":"de-DE"}]}},"acf":[],"_links":{"self":[{"href":"https:\/\/www.grandhoteloriente.it\/de\/wp-json\/wp\/v2\/pages\/162","targetHints":{"allow":["GET"]}}],"collection":[{"href":"https:\/\/www.grandhoteloriente.it\/de\/wp-json\/wp\/v2\/pages"}],"about":[{"href":"https:\/\/www.grandhoteloriente.it\/de\/wp-json\/wp\/v2\/types\/page"}],"author":[{"embeddable":true,"href":"https:\/\/www.grandhoteloriente.it\/de\/wp-json\/wp\/v2\/users\/13"}],"replies":[{"embeddable":true,"href":"https:\/\/www.grandhoteloriente.it\/de\/wp-json\/wp\/v2\/comments?post=162"}],"version-history":[{"count":0,"href":"https:\/\/www.grandhoteloriente.it\/de\/wp-json\/wp\/v2\/pages\/162\/revisions"}],"wp:attachment":[{"href":"https:\/\/www.grandhoteloriente.it\/de\/wp-json\/wp\/v2\/media?parent=162"}],"curies":[{"name":"wp","href":"https:\/\/api.w.org\/{rel}","templated":true}]}}