{"id":155,"date":"2020-04-15T09:47:16","date_gmt":"2020-04-15T07:47:16","guid":{"rendered":"http:\/\/grandhoteloriente.ms.decms.eu\/?page_id=155"},"modified":"2021-09-13T17:54:48","modified_gmt":"2021-09-13T15:54:48","slug":"geschaeftliche-meetings","status":"publish","type":"page","link":"https:\/\/www.grandhoteloriente.it\/de\/geschaeftliche-meetings\/","title":{"rendered":"Gesch\u00e4ftliche Meetings"},"content":{"rendered":"<p>Das Grand Hotel Oriente eignet sich besonders f\u00fcr <b>Tagungen und Konferenzen<\/b>, da es \u00fcber <b>6 modulare Tagungss\u00e4le<\/b> verf\u00fcgt.<br \/>\nAlle S\u00e4le sind mit moderner Technologie ausgestattet und eignen sich f\u00fcr jede Art von Veranstaltung mit bis zu <b>250 Personen<\/b>.<br \/>\nDer Plenarsaal besteht aus vier Teilr\u00e4umen unterschiedlicher Gr\u00f6\u00dfen (Pratella, Palizzi, Gigante und Giordano). Er ist f\u00fcr Veranstaltungen mit besonders vielen Besuchern bestimmt und befindet sich im ersten Stock des Hotels.<br \/>\nDie Zusammensetzbarkeit der Tagunss\u00e4le erm\u00f6glicht Ihnen einen Fl\u00e4che von wahlweise 30 bis 240m\u00b2 im ersten Stock zur Verf\u00fcgung zu haben.<br \/>\nIn allen Tagungss\u00e4len gibt es Tageslicht.<\/p>\n<p><a href=\"https:\/\/www.grandhoteloriente.it\/Uploads\/File\/attrezzature-oriente.pdf\" target=\"_blank\" rel=\"noopener noreferrer\"><br \/>\n<\/a><a href=\"\/wp-content\/uploads\/sites\/156\/2020\/04\/attrezzature-oriente.pdf\" target=\"_blank\" rel=\"noopener noreferrer\">Download der Technikausstattung<\/a><\/p>\n","protected":false},"excerpt":{"rendered":"<p>Das Grand Hotel Oriente eignet sich besonders f\u00fcr Tagungen und Konferenzen, da es \u00fcber 6 modulare Tagungss\u00e4le verf\u00fcgt. Alle S\u00e4le sind mit moderner Technologie ausgestattet und eignen sich f\u00fcr jede Art von Veranstaltung mit bis zu 250 Personen. Der Plenarsaal besteht aus vier Teilr\u00e4umen unterschiedlicher Gr\u00f6\u00dfen (Pratella, Palizzi, Gigante und Giordano). Er ist f\u00fcr Veranstaltungen [&hellip;]<\/p>\n","protected":false},"author":13,"featured_media":0,"parent":0,"menu_order":6,"comment_status":"closed","ping_status":"closed","template":"template-wellness.php","meta":{"footnotes":""},"class_list":["post-155","page","type-page","status-publish","hentry"],"yoast_head":"<!-- This site is optimized with the Yoast SEO plugin v26.9 - https:\/\/yoast.com\/product\/yoast-seo-wordpress\/ -->\n<title>Gesch\u00e4ftliche Meetings - Grand Hotel Oriente<\/title>\n<meta name=\"robots\" content=\"index, follow, max-snippet:-1, max-image-preview:large, max-video-preview:-1\" \/>\n<link rel=\"canonical\" href=\"https:\/\/www.grandhoteloriente.it\/de\/geschaeftliche-meetings\/\" \/>\n<meta property=\"og:locale\" content=\"de_DE\" \/>\n<meta property=\"og:type\" content=\"article\" \/>\n<meta property=\"og:title\" content=\"Gesch\u00e4ftliche Meetings - Grand Hotel Oriente\" \/>\n<meta property=\"og:description\" content=\"Das Grand Hotel Oriente eignet sich besonders f\u00fcr Tagungen und Konferenzen, da es \u00fcber 6 modulare Tagungss\u00e4le verf\u00fcgt. Alle S\u00e4le sind mit moderner Technologie ausgestattet und eignen sich f\u00fcr jede Art von Veranstaltung mit bis zu 250 Personen. Der Plenarsaal besteht aus vier Teilr\u00e4umen unterschiedlicher Gr\u00f6\u00dfen (Pratella, Palizzi, Gigante und Giordano). Er ist f\u00fcr Veranstaltungen [&hellip;]\" \/>\n<meta property=\"og:url\" content=\"https:\/\/www.grandhoteloriente.it\/de\/geschaeftliche-meetings\/\" \/>\n<meta property=\"og:site_name\" content=\"Grand Hotel Oriente\" \/>\n<meta property=\"article:modified_time\" content=\"2021-09-13T15:54:48+00:00\" \/>\n<meta name=\"twitter:card\" content=\"summary_large_image\" \/>\n<meta name=\"twitter:label1\" content=\"Gesch\u00e4tzte Lesezeit\" \/>\n\t<meta name=\"twitter:data1\" content=\"1 Minute\" \/>\n<script type=\"application\/ld+json\" class=\"yoast-schema-graph\">{\"@context\":\"https:\/\/schema.org\",\"@graph\":[{\"@type\":\"WebPage\",\"@id\":\"https:\/\/www.grandhoteloriente.it\/de\/geschaeftliche-meetings\/\",\"url\":\"https:\/\/www.grandhoteloriente.it\/de\/geschaeftliche-meetings\/\",\"name\":\"Gesch\u00e4ftliche Meetings - Grand Hotel Oriente\",\"isPartOf\":{\"@id\":\"https:\/\/www.grandhoteloriente.it\/de\/#website\"},\"datePublished\":\"2020-04-15T07:47:16+00:00\",\"dateModified\":\"2021-09-13T15:54:48+00:00\",\"breadcrumb\":{\"@id\":\"https:\/\/www.grandhoteloriente.it\/de\/geschaeftliche-meetings\/#breadcrumb\"},\"inLanguage\":\"de-DE\",\"potentialAction\":[{\"@type\":\"ReadAction\",\"target\":[\"https:\/\/www.grandhoteloriente.it\/de\/geschaeftliche-meetings\/\"]}]},{\"@type\":\"BreadcrumbList\",\"@id\":\"https:\/\/www.grandhoteloriente.it\/de\/geschaeftliche-meetings\/#breadcrumb\",\"itemListElement\":[{\"@type\":\"ListItem\",\"position\":1,\"name\":\"Home\",\"item\":\"https:\/\/www.grandhoteloriente.it\/de\/\"},{\"@type\":\"ListItem\",\"position\":2,\"name\":\"Gesch\u00e4ftliche Meetings\"}]},{\"@type\":\"WebSite\",\"@id\":\"https:\/\/www.grandhoteloriente.it\/de\/#website\",\"url\":\"https:\/\/www.grandhoteloriente.it\/de\/\",\"name\":\"Grand Hotel Oriente\",\"description\":\"Ecco un altro sito ms.decms.eu\",\"potentialAction\":[{\"@type\":\"SearchAction\",\"target\":{\"@type\":\"EntryPoint\",\"urlTemplate\":\"https:\/\/www.grandhoteloriente.it\/de\/?s={search_term_string}\"},\"query-input\":{\"@type\":\"PropertyValueSpecification\",\"valueRequired\":true,\"valueName\":\"search_term_string\"}}],\"inLanguage\":\"de-DE\"}]}<\/script>\n<!-- \/ Yoast SEO plugin. -->","yoast_head_json":{"title":"Gesch\u00e4ftliche Meetings - Grand Hotel Oriente","robots":{"index":"index","follow":"follow","max-snippet":"max-snippet:-1","max-image-preview":"max-image-preview:large","max-video-preview":"max-video-preview:-1"},"canonical":"https:\/\/www.grandhoteloriente.it\/de\/geschaeftliche-meetings\/","og_locale":"de_DE","og_type":"article","og_title":"Gesch\u00e4ftliche Meetings - Grand Hotel Oriente","og_description":"Das Grand Hotel Oriente eignet sich besonders f\u00fcr Tagungen und Konferenzen, da es \u00fcber 6 modulare Tagungss\u00e4le verf\u00fcgt. Alle S\u00e4le sind mit moderner Technologie ausgestattet und eignen sich f\u00fcr jede Art von Veranstaltung mit bis zu 250 Personen. Der Plenarsaal besteht aus vier Teilr\u00e4umen unterschiedlicher Gr\u00f6\u00dfen (Pratella, Palizzi, Gigante und Giordano). Er ist f\u00fcr Veranstaltungen [&hellip;]","og_url":"https:\/\/www.grandhoteloriente.it\/de\/geschaeftliche-meetings\/","og_site_name":"Grand Hotel Oriente","article_modified_time":"2021-09-13T15:54:48+00:00","twitter_card":"summary_large_image","twitter_misc":{"Gesch\u00e4tzte Lesezeit":"1 Minute"},"schema":{"@context":"https:\/\/schema.org","@graph":[{"@type":"WebPage","@id":"https:\/\/www.grandhoteloriente.it\/de\/geschaeftliche-meetings\/","url":"https:\/\/www.grandhoteloriente.it\/de\/geschaeftliche-meetings\/","name":"Gesch\u00e4ftliche Meetings - Grand Hotel Oriente","isPartOf":{"@id":"https:\/\/www.grandhoteloriente.it\/de\/#website"},"datePublished":"2020-04-15T07:47:16+00:00","dateModified":"2021-09-13T15:54:48+00:00","breadcrumb":{"@id":"https:\/\/www.grandhoteloriente.it\/de\/geschaeftliche-meetings\/#breadcrumb"},"inLanguage":"de-DE","potentialAction":[{"@type":"ReadAction","target":["https:\/\/www.grandhoteloriente.it\/de\/geschaeftliche-meetings\/"]}]},{"@type":"BreadcrumbList","@id":"https:\/\/www.grandhoteloriente.it\/de\/geschaeftliche-meetings\/#breadcrumb","itemListElement":[{"@type":"ListItem","position":1,"name":"Home","item":"https:\/\/www.grandhoteloriente.it\/de\/"},{"@type":"ListItem","position":2,"name":"Gesch\u00e4ftliche Meetings"}]},{"@type":"WebSite","@id":"https:\/\/www.grandhoteloriente.it\/de\/#website","url":"https:\/\/www.grandhoteloriente.it\/de\/","name":"Grand Hotel Oriente","description":"Ecco un altro sito ms.decms.eu","potentialAction":[{"@type":"SearchAction","target":{"@type":"EntryPoint","urlTemplate":"https:\/\/www.grandhoteloriente.it\/de\/?s={search_term_string}"},"query-input":{"@type":"PropertyValueSpecification","valueRequired":true,"valueName":"search_term_string"}}],"inLanguage":"de-DE"}]}},"acf":[],"_links":{"self":[{"href":"https:\/\/www.grandhoteloriente.it\/de\/wp-json\/wp\/v2\/pages\/155","targetHints":{"allow":["GET"]}}],"collection":[{"href":"https:\/\/www.grandhoteloriente.it\/de\/wp-json\/wp\/v2\/pages"}],"about":[{"href":"https:\/\/www.grandhoteloriente.it\/de\/wp-json\/wp\/v2\/types\/page"}],"author":[{"embeddable":true,"href":"https:\/\/www.grandhoteloriente.it\/de\/wp-json\/wp\/v2\/users\/13"}],"replies":[{"embeddable":true,"href":"https:\/\/www.grandhoteloriente.it\/de\/wp-json\/wp\/v2\/comments?post=155"}],"version-history":[{"count":0,"href":"https:\/\/www.grandhoteloriente.it\/de\/wp-json\/wp\/v2\/pages\/155\/revisions"}],"wp:attachment":[{"href":"https:\/\/www.grandhoteloriente.it\/de\/wp-json\/wp\/v2\/media?parent=155"}],"curies":[{"name":"wp","href":"https:\/\/api.w.org\/{rel}","templated":true}]}}