{"id":148,"date":"2020-04-14T17:58:46","date_gmt":"2020-04-14T15:58:46","guid":{"rendered":"http:\/\/grandhoteloriente.ms.decms.eu\/?page_id=148"},"modified":"2020-10-01T17:05:14","modified_gmt":"2020-10-01T15:05:14","slug":"roof-top-bar","status":"publish","type":"page","link":"https:\/\/www.grandhoteloriente.it\/de\/roof-top-bar\/","title":{"rendered":"Roof top bar"},"content":{"rendered":"<p>Unsere\u00a0<b><strong>Roof top bar &#8222;La Terrazza&#8220;<\/strong> <\/b>im neunten Stock verf\u00fcgt \u00fcber ein gem\u00fctliches und einzigartiges Ambiente, das Ihnen mit angenehmer Hintergrundmusik und einem Glas Wein oder Aperitiv und begleitenden H\u00e4ppchen des K\u00fcchenchefs erholsame Momente schenkt.<\/p>\n<p>Ganzj\u00e4hrig von 11 Uhr bis 23 Uhr ge\u00f6ffnet<\/p>\n","protected":false},"excerpt":{"rendered":"<p>Unsere\u00a0Roof top bar &#8222;La Terrazza&#8220; im neunten Stock verf\u00fcgt \u00fcber ein gem\u00fctliches und einzigartiges Ambiente, das Ihnen mit angenehmer Hintergrundmusik und einem Glas Wein oder Aperitiv und begleitenden H\u00e4ppchen des K\u00fcchenchefs erholsame Momente schenkt. Ganzj\u00e4hrig von 11 Uhr bis 23 Uhr ge\u00f6ffnet<\/p>\n","protected":false},"author":13,"featured_media":0,"parent":0,"menu_order":5,"comment_status":"closed","ping_status":"closed","template":"template-wellness.php","meta":{"footnotes":""},"class_list":["post-148","page","type-page","status-publish","hentry"],"yoast_head":"<!-- This site is optimized with the Yoast SEO plugin v26.9 - https:\/\/yoast.com\/product\/yoast-seo-wordpress\/ -->\n<title>Roof top bar - Grand Hotel Oriente<\/title>\n<meta name=\"robots\" content=\"index, follow, max-snippet:-1, max-image-preview:large, max-video-preview:-1\" \/>\n<link rel=\"canonical\" href=\"https:\/\/www.grandhoteloriente.it\/de\/roof-top-bar\/\" \/>\n<meta property=\"og:locale\" content=\"de_DE\" \/>\n<meta property=\"og:type\" content=\"article\" \/>\n<meta property=\"og:title\" content=\"Roof top bar - Grand Hotel Oriente\" \/>\n<meta property=\"og:description\" content=\"Unsere\u00a0Roof top bar &#8222;La Terrazza&#8220; im neunten Stock verf\u00fcgt \u00fcber ein gem\u00fctliches und einzigartiges Ambiente, das Ihnen mit angenehmer Hintergrundmusik und einem Glas Wein oder Aperitiv und begleitenden H\u00e4ppchen des K\u00fcchenchefs erholsame Momente schenkt. Ganzj\u00e4hrig von 11 Uhr bis 23 Uhr ge\u00f6ffnet\" \/>\n<meta property=\"og:url\" content=\"https:\/\/www.grandhoteloriente.it\/de\/roof-top-bar\/\" \/>\n<meta property=\"og:site_name\" content=\"Grand Hotel Oriente\" \/>\n<meta property=\"article:modified_time\" content=\"2020-10-01T15:05:14+00:00\" \/>\n<meta name=\"twitter:card\" content=\"summary_large_image\" \/>\n<script type=\"application\/ld+json\" class=\"yoast-schema-graph\">{\"@context\":\"https:\/\/schema.org\",\"@graph\":[{\"@type\":\"WebPage\",\"@id\":\"https:\/\/www.grandhoteloriente.it\/de\/roof-top-bar\/\",\"url\":\"https:\/\/www.grandhoteloriente.it\/de\/roof-top-bar\/\",\"name\":\"Roof top bar - Grand Hotel Oriente\",\"isPartOf\":{\"@id\":\"https:\/\/www.grandhoteloriente.it\/de\/#website\"},\"datePublished\":\"2020-04-14T15:58:46+00:00\",\"dateModified\":\"2020-10-01T15:05:14+00:00\",\"breadcrumb\":{\"@id\":\"https:\/\/www.grandhoteloriente.it\/de\/roof-top-bar\/#breadcrumb\"},\"inLanguage\":\"de-DE\",\"potentialAction\":[{\"@type\":\"ReadAction\",\"target\":[\"https:\/\/www.grandhoteloriente.it\/de\/roof-top-bar\/\"]}]},{\"@type\":\"BreadcrumbList\",\"@id\":\"https:\/\/www.grandhoteloriente.it\/de\/roof-top-bar\/#breadcrumb\",\"itemListElement\":[{\"@type\":\"ListItem\",\"position\":1,\"name\":\"Home\",\"item\":\"https:\/\/www.grandhoteloriente.it\/de\/\"},{\"@type\":\"ListItem\",\"position\":2,\"name\":\"Roof top bar\"}]},{\"@type\":\"WebSite\",\"@id\":\"https:\/\/www.grandhoteloriente.it\/de\/#website\",\"url\":\"https:\/\/www.grandhoteloriente.it\/de\/\",\"name\":\"Grand Hotel Oriente\",\"description\":\"Ecco un altro sito ms.decms.eu\",\"potentialAction\":[{\"@type\":\"SearchAction\",\"target\":{\"@type\":\"EntryPoint\",\"urlTemplate\":\"https:\/\/www.grandhoteloriente.it\/de\/?s={search_term_string}\"},\"query-input\":{\"@type\":\"PropertyValueSpecification\",\"valueRequired\":true,\"valueName\":\"search_term_string\"}}],\"inLanguage\":\"de-DE\"}]}<\/script>\n<!-- \/ Yoast SEO plugin. -->","yoast_head_json":{"title":"Roof top bar - Grand Hotel Oriente","robots":{"index":"index","follow":"follow","max-snippet":"max-snippet:-1","max-image-preview":"max-image-preview:large","max-video-preview":"max-video-preview:-1"},"canonical":"https:\/\/www.grandhoteloriente.it\/de\/roof-top-bar\/","og_locale":"de_DE","og_type":"article","og_title":"Roof top bar - Grand Hotel Oriente","og_description":"Unsere\u00a0Roof top bar &#8222;La Terrazza&#8220; im neunten Stock verf\u00fcgt \u00fcber ein gem\u00fctliches und einzigartiges Ambiente, das Ihnen mit angenehmer Hintergrundmusik und einem Glas Wein oder Aperitiv und begleitenden H\u00e4ppchen des K\u00fcchenchefs erholsame Momente schenkt. Ganzj\u00e4hrig von 11 Uhr bis 23 Uhr ge\u00f6ffnet","og_url":"https:\/\/www.grandhoteloriente.it\/de\/roof-top-bar\/","og_site_name":"Grand Hotel Oriente","article_modified_time":"2020-10-01T15:05:14+00:00","twitter_card":"summary_large_image","schema":{"@context":"https:\/\/schema.org","@graph":[{"@type":"WebPage","@id":"https:\/\/www.grandhoteloriente.it\/de\/roof-top-bar\/","url":"https:\/\/www.grandhoteloriente.it\/de\/roof-top-bar\/","name":"Roof top bar - Grand Hotel Oriente","isPartOf":{"@id":"https:\/\/www.grandhoteloriente.it\/de\/#website"},"datePublished":"2020-04-14T15:58:46+00:00","dateModified":"2020-10-01T15:05:14+00:00","breadcrumb":{"@id":"https:\/\/www.grandhoteloriente.it\/de\/roof-top-bar\/#breadcrumb"},"inLanguage":"de-DE","potentialAction":[{"@type":"ReadAction","target":["https:\/\/www.grandhoteloriente.it\/de\/roof-top-bar\/"]}]},{"@type":"BreadcrumbList","@id":"https:\/\/www.grandhoteloriente.it\/de\/roof-top-bar\/#breadcrumb","itemListElement":[{"@type":"ListItem","position":1,"name":"Home","item":"https:\/\/www.grandhoteloriente.it\/de\/"},{"@type":"ListItem","position":2,"name":"Roof top bar"}]},{"@type":"WebSite","@id":"https:\/\/www.grandhoteloriente.it\/de\/#website","url":"https:\/\/www.grandhoteloriente.it\/de\/","name":"Grand Hotel Oriente","description":"Ecco un altro sito ms.decms.eu","potentialAction":[{"@type":"SearchAction","target":{"@type":"EntryPoint","urlTemplate":"https:\/\/www.grandhoteloriente.it\/de\/?s={search_term_string}"},"query-input":{"@type":"PropertyValueSpecification","valueRequired":true,"valueName":"search_term_string"}}],"inLanguage":"de-DE"}]}},"acf":[],"_links":{"self":[{"href":"https:\/\/www.grandhoteloriente.it\/de\/wp-json\/wp\/v2\/pages\/148","targetHints":{"allow":["GET"]}}],"collection":[{"href":"https:\/\/www.grandhoteloriente.it\/de\/wp-json\/wp\/v2\/pages"}],"about":[{"href":"https:\/\/www.grandhoteloriente.it\/de\/wp-json\/wp\/v2\/types\/page"}],"author":[{"embeddable":true,"href":"https:\/\/www.grandhoteloriente.it\/de\/wp-json\/wp\/v2\/users\/13"}],"replies":[{"embeddable":true,"href":"https:\/\/www.grandhoteloriente.it\/de\/wp-json\/wp\/v2\/comments?post=148"}],"version-history":[{"count":0,"href":"https:\/\/www.grandhoteloriente.it\/de\/wp-json\/wp\/v2\/pages\/148\/revisions"}],"wp:attachment":[{"href":"https:\/\/www.grandhoteloriente.it\/de\/wp-json\/wp\/v2\/media?parent=148"}],"curies":[{"name":"wp","href":"https:\/\/api.w.org\/{rel}","templated":true}]}}