{"id":141,"date":"2020-04-14T17:53:52","date_gmt":"2020-04-14T15:53:52","guid":{"rendered":"http:\/\/grandhoteloriente.ms.decms.eu\/?page_id=141"},"modified":"2020-04-14T17:53:52","modified_gmt":"2020-04-14T15:53:52","slug":"restaurant","status":"publish","type":"page","link":"https:\/\/www.grandhoteloriente.it\/de\/restaurant\/","title":{"rendered":"Restaurant"},"content":{"rendered":"<p>Das Restaurant des <b>Grand Hotel Oriente<\/b> mit Fr\u00fchst\u00fcckssaal im neunten Stock wird Sie mit seiner weitl\u00e4ufigen Aussicht auf die Stadt und seinen warmen Farbt\u00f6nen entz\u00fccken.<br \/>\nEs eignet sich ideal f\u00fcr Veranstaltungen, die gro\u00dfes Augenmerk auf die Qualit\u00e4t der Zutaten und Leichtigkeit der Gerichte legt. Hier bieten wir bieten Ihnen schmackhafte, jedoch leichte Mahlzeiten.<\/p>\n<p>Regionaltypische Gerichte und Kreativit\u00e4t schlie\u00dfen sich hier einem warmherzigen und aufmerksamen Servicepersonal an.<\/p>\n","protected":false},"excerpt":{"rendered":"<p>Das Restaurant des Grand Hotel Oriente mit Fr\u00fchst\u00fcckssaal im neunten Stock wird Sie mit seiner weitl\u00e4ufigen Aussicht auf die Stadt und seinen warmen Farbt\u00f6nen entz\u00fccken. Es eignet sich ideal f\u00fcr Veranstaltungen, die gro\u00dfes Augenmerk auf die Qualit\u00e4t der Zutaten und Leichtigkeit der Gerichte legt. Hier bieten wir bieten Ihnen schmackhafte, jedoch leichte Mahlzeiten. Regionaltypische Gerichte [&hellip;]<\/p>\n","protected":false},"author":13,"featured_media":0,"parent":0,"menu_order":4,"comment_status":"closed","ping_status":"closed","template":"template-wellness.php","meta":{"footnotes":""},"class_list":["post-141","page","type-page","status-publish","hentry"],"yoast_head":"<!-- This site is optimized with the Yoast SEO plugin v26.9 - https:\/\/yoast.com\/product\/yoast-seo-wordpress\/ -->\n<title>Restaurant - Grand Hotel Oriente<\/title>\n<meta name=\"robots\" content=\"index, follow, max-snippet:-1, max-image-preview:large, max-video-preview:-1\" \/>\n<link rel=\"canonical\" href=\"https:\/\/www.grandhoteloriente.it\/de\/restaurant\/\" \/>\n<meta property=\"og:locale\" content=\"de_DE\" \/>\n<meta property=\"og:type\" content=\"article\" \/>\n<meta property=\"og:title\" content=\"Restaurant - Grand Hotel Oriente\" \/>\n<meta property=\"og:description\" content=\"Das Restaurant des Grand Hotel Oriente mit Fr\u00fchst\u00fcckssaal im neunten Stock wird Sie mit seiner weitl\u00e4ufigen Aussicht auf die Stadt und seinen warmen Farbt\u00f6nen entz\u00fccken. Es eignet sich ideal f\u00fcr Veranstaltungen, die gro\u00dfes Augenmerk auf die Qualit\u00e4t der Zutaten und Leichtigkeit der Gerichte legt. Hier bieten wir bieten Ihnen schmackhafte, jedoch leichte Mahlzeiten. Regionaltypische Gerichte [&hellip;]\" \/>\n<meta property=\"og:url\" content=\"https:\/\/www.grandhoteloriente.it\/de\/restaurant\/\" \/>\n<meta property=\"og:site_name\" content=\"Grand Hotel Oriente\" \/>\n<meta name=\"twitter:card\" content=\"summary_large_image\" \/>\n<script type=\"application\/ld+json\" class=\"yoast-schema-graph\">{\"@context\":\"https:\/\/schema.org\",\"@graph\":[{\"@type\":\"WebPage\",\"@id\":\"https:\/\/www.grandhoteloriente.it\/de\/restaurant\/\",\"url\":\"https:\/\/www.grandhoteloriente.it\/de\/restaurant\/\",\"name\":\"Restaurant - Grand Hotel Oriente\",\"isPartOf\":{\"@id\":\"https:\/\/www.grandhoteloriente.it\/de\/#website\"},\"datePublished\":\"2020-04-14T15:53:52+00:00\",\"breadcrumb\":{\"@id\":\"https:\/\/www.grandhoteloriente.it\/de\/restaurant\/#breadcrumb\"},\"inLanguage\":\"de-DE\",\"potentialAction\":[{\"@type\":\"ReadAction\",\"target\":[\"https:\/\/www.grandhoteloriente.it\/de\/restaurant\/\"]}]},{\"@type\":\"BreadcrumbList\",\"@id\":\"https:\/\/www.grandhoteloriente.it\/de\/restaurant\/#breadcrumb\",\"itemListElement\":[{\"@type\":\"ListItem\",\"position\":1,\"name\":\"Home\",\"item\":\"https:\/\/www.grandhoteloriente.it\/de\/\"},{\"@type\":\"ListItem\",\"position\":2,\"name\":\"Restaurant\"}]},{\"@type\":\"WebSite\",\"@id\":\"https:\/\/www.grandhoteloriente.it\/de\/#website\",\"url\":\"https:\/\/www.grandhoteloriente.it\/de\/\",\"name\":\"Grand Hotel Oriente\",\"description\":\"Ecco un altro sito ms.decms.eu\",\"potentialAction\":[{\"@type\":\"SearchAction\",\"target\":{\"@type\":\"EntryPoint\",\"urlTemplate\":\"https:\/\/www.grandhoteloriente.it\/de\/?s={search_term_string}\"},\"query-input\":{\"@type\":\"PropertyValueSpecification\",\"valueRequired\":true,\"valueName\":\"search_term_string\"}}],\"inLanguage\":\"de-DE\"}]}<\/script>\n<!-- \/ Yoast SEO plugin. -->","yoast_head_json":{"title":"Restaurant - Grand Hotel Oriente","robots":{"index":"index","follow":"follow","max-snippet":"max-snippet:-1","max-image-preview":"max-image-preview:large","max-video-preview":"max-video-preview:-1"},"canonical":"https:\/\/www.grandhoteloriente.it\/de\/restaurant\/","og_locale":"de_DE","og_type":"article","og_title":"Restaurant - Grand Hotel Oriente","og_description":"Das Restaurant des Grand Hotel Oriente mit Fr\u00fchst\u00fcckssaal im neunten Stock wird Sie mit seiner weitl\u00e4ufigen Aussicht auf die Stadt und seinen warmen Farbt\u00f6nen entz\u00fccken. Es eignet sich ideal f\u00fcr Veranstaltungen, die gro\u00dfes Augenmerk auf die Qualit\u00e4t der Zutaten und Leichtigkeit der Gerichte legt. Hier bieten wir bieten Ihnen schmackhafte, jedoch leichte Mahlzeiten. Regionaltypische Gerichte [&hellip;]","og_url":"https:\/\/www.grandhoteloriente.it\/de\/restaurant\/","og_site_name":"Grand Hotel Oriente","twitter_card":"summary_large_image","schema":{"@context":"https:\/\/schema.org","@graph":[{"@type":"WebPage","@id":"https:\/\/www.grandhoteloriente.it\/de\/restaurant\/","url":"https:\/\/www.grandhoteloriente.it\/de\/restaurant\/","name":"Restaurant - Grand Hotel Oriente","isPartOf":{"@id":"https:\/\/www.grandhoteloriente.it\/de\/#website"},"datePublished":"2020-04-14T15:53:52+00:00","breadcrumb":{"@id":"https:\/\/www.grandhoteloriente.it\/de\/restaurant\/#breadcrumb"},"inLanguage":"de-DE","potentialAction":[{"@type":"ReadAction","target":["https:\/\/www.grandhoteloriente.it\/de\/restaurant\/"]}]},{"@type":"BreadcrumbList","@id":"https:\/\/www.grandhoteloriente.it\/de\/restaurant\/#breadcrumb","itemListElement":[{"@type":"ListItem","position":1,"name":"Home","item":"https:\/\/www.grandhoteloriente.it\/de\/"},{"@type":"ListItem","position":2,"name":"Restaurant"}]},{"@type":"WebSite","@id":"https:\/\/www.grandhoteloriente.it\/de\/#website","url":"https:\/\/www.grandhoteloriente.it\/de\/","name":"Grand Hotel Oriente","description":"Ecco un altro sito ms.decms.eu","potentialAction":[{"@type":"SearchAction","target":{"@type":"EntryPoint","urlTemplate":"https:\/\/www.grandhoteloriente.it\/de\/?s={search_term_string}"},"query-input":{"@type":"PropertyValueSpecification","valueRequired":true,"valueName":"search_term_string"}}],"inLanguage":"de-DE"}]}},"acf":[],"_links":{"self":[{"href":"https:\/\/www.grandhoteloriente.it\/de\/wp-json\/wp\/v2\/pages\/141","targetHints":{"allow":["GET"]}}],"collection":[{"href":"https:\/\/www.grandhoteloriente.it\/de\/wp-json\/wp\/v2\/pages"}],"about":[{"href":"https:\/\/www.grandhoteloriente.it\/de\/wp-json\/wp\/v2\/types\/page"}],"author":[{"embeddable":true,"href":"https:\/\/www.grandhoteloriente.it\/de\/wp-json\/wp\/v2\/users\/13"}],"replies":[{"embeddable":true,"href":"https:\/\/www.grandhoteloriente.it\/de\/wp-json\/wp\/v2\/comments?post=141"}],"version-history":[{"count":0,"href":"https:\/\/www.grandhoteloriente.it\/de\/wp-json\/wp\/v2\/pages\/141\/revisions"}],"wp:attachment":[{"href":"https:\/\/www.grandhoteloriente.it\/de\/wp-json\/wp\/v2\/media?parent=141"}],"curies":[{"name":"wp","href":"https:\/\/api.w.org\/{rel}","templated":true}]}}